{"id":111,"date":"2018-11-30T09:48:51","date_gmt":"2018-11-30T09:48:51","guid":{"rendered":"https:\/\/oficinavirtual.tech\/?page_id=111"},"modified":"2019-03-12T11:03:55","modified_gmt":"2019-03-12T11:03:55","slug":"aviso-legal","status":"publish","type":"page","link":"https:\/\/oficinavirtual.tech\/index.php\/aviso-legal\/","title":{"rendered":"Aviso Legal"},"content":{"rendered":"<p>[et_pb_section bb_built=&#8221;1&#8243;][et_pb_row][et_pb_column type=&#8221;4_4&#8243;][et_pb_text _builder_version=&#8221;3.17.6&#8243;]<\/p>\n<h4><span style=\"color: #30b6a4;\"><strong>Titularidad del sitio Web<\/strong><\/span><\/h4>\n<p>El sitio Web que estas visitando,\u00a0https:\/\/oficinavirtual.tech, en adelante \u201csitio Web\u201d es titularidad de Fernando Carrera Correa, con <span style=\"color: #30b6a4;\">direcci\u00f3n en el Aptdo. 10021 -28222- Majadahonda<\/span> y NIF 08.858.658-R (en adelante, titular). Puedes contactar con el titular a trav\u00e9s del correo <span style=\"color: #30b6a4;\">rgpd@oficinavirtual.tech<\/span>.<\/p>\n<p>Estas condiciones tienen por finalidad regular el uso del sitio Web que el titular pone a disposici\u00f3n del p\u00fablico.<\/p>\n<h4><span style=\"color: #30b6a4;\"><strong>Usuarios<\/strong><\/span><\/h4>\n<p>El acceso y\/o uso al sitio Web atribuye la condici\u00f3n de Usuario, que acepta, desde dicho acceso y\/o uso, las condiciones generales de uso aqu\u00ed reflejadas. Las citadas condiciones ser\u00e1n de aplicaci\u00f3n independientemente de las condiciones generales de contrataci\u00f3n que en su caso resulten de obligado cumplimiento.<\/p>\n<h4><span style=\"color: #30b6a4;\"><strong>Uso del sitio Web<\/strong><\/span><\/h4>\n<p>Todos los contenidos incluidos en la Web de \u201cOficinaVirtual.Tech\u201d (incluyendo sin exclusi\u00f3n la arquitectura de navegaci\u00f3n, bases de datos, servicios, gr\u00e1ficos, v\u00eddeos y otros contenidos), en adelante \u201clos contenidos\u201d, pertenecen al titular del sitio Web y\/o a terceros que le han cedido sus derechos.<\/p>\n<p>El Usuario asume la responsabilidad del uso del sitio Web. Dicha responsabilidad se extiende al registro que fuese necesario para acceder a determinados servicios o contenidos. En dicho registro el Usuario ser\u00e1 responsable de aportar informaci\u00f3n veraz y l\u00edcita. Como consecuencia de este registro, al Usuario se le puede proporcionar una contrase\u00f1a de la que ser\u00e1 responsable, comprometi\u00e9ndose a hacer un uso diligente y confidencial de la misma.<\/p>\n<p><span style=\"color: #30b6a4;\">El Usuario se compromete a<\/span> hacer un uso adecuado de los contenidos y servicios que el titular ofrece a trav\u00e9s de su sitio Web y, con car\u00e1cter enunciativo, pero no limitativo, a no emplearlos para:<\/p>\n<ul>\n<li>Realizar actividades il\u00edcitas, ilegales o contrarias a la buena fe y al orden p\u00fablico.<\/li>\n<li>Difundir contenidos o propaganda de car\u00e1cter racista, xen\u00f3fobo, pornogr\u00e1fico-ilegal, de apolog\u00eda del terrorismo o atentatorio contra los derechos humanos.<\/li>\n<li>Provocar da\u00f1os en los sistemas f\u00edsicos y l\u00f3gicos del titular, de sus proveedores o de terceras personas, introducir o difundir en la red virus inform\u00e1ticos o cualesquiera otros sistemas f\u00edsicos o l\u00f3gicos que sean susceptibles de provocar los da\u00f1os anteriormente mencionados.<\/li>\n<li>Intentar acceder y, en su caso, utilizar las cuentas de correo electr\u00f3nico de otros usuarios y modificar o manipular sus mensajes.<\/li>\n<li>Utilizar el sitio Web ni las informaciones que en \u00e9l se contienen con fines comerciales, pol\u00edticos, publicitarios y para cualquier uso comercial, sobre todo el env\u00edo de correos electr\u00f3nicos no solicitados.<\/li>\n<\/ul>\n<p>El titular tiene derecho a retirar todos aquellos comentarios y aportaciones que vulneren el respeto a la dignidad de la persona, que sean discriminatorios, xen\u00f3fobos, racistas, pornogr\u00e1ficos, que atenten contra la juventud o la infancia, el orden o la seguridad p\u00fablica o que, a su juicio, no sean adecuados para su publicaci\u00f3n.<\/p>\n<p>En cualquier caso, el titular del sitio Web no ser\u00e1 responsable de los usos fraudulentos realizados ni de las opiniones vertidas por los usuarios en los contenidos del sitio Web.<\/p>\n<p>Esta p\u00e1gina Web se rige por la normativa exclusivamente aplicable en Espa\u00f1a, quedando sometidos a ella todos los usuarios que utilicen esta Web.<\/p>\n<h4><span style=\"color: #30b6a4;\"><strong>Protecci\u00f3n de datos<\/strong><\/span><\/h4>\n<p>Puedes informarte sobre nuestra pol\u00edtica de privacidad y protecci\u00f3n de datos pinchando <span style=\"color: #30b6a4;\"><a style=\"color: #30b6a4;\" href=\"https:\/\/oficinavirtual.tech\/index.php\/politica-privacidad\/\">aqu\u00ed<\/a><\/span>.<\/p>\n<h4><span style=\"color: #30b6a4;\"><strong>Propiedad Intelectual e Industrial<\/strong><\/span><\/h4>\n<p>El Usuario reconoce y acepta que todos los derechos de propiedad industrial e intelectual sobre los contenidos y\/o cualesquiera otros elementos insertados en el sitio Web (incluyendo, a t\u00edtulo meramente enunciativo y no limitativo, todos aquellos elementos que conforman la apariencia visual, imagen gr\u00e1fica y otros est\u00edmulos sensoriales del sitio Web) pertenecen al titular del sitio Web y\/o a terceros que le han cedido sus derechos. A tales efectos, se entender\u00e1 como sitio Web todas aquellas creaciones incorporadas y expresadas por cualquier medio y\/o soporte tangible o intangible, conocido o por conocer, que sea objeto de protecci\u00f3n por las disposiciones normativas vigentes en materia de propiedad intelectual e industrial.<\/p>\n<p>Queda autorizada la mera visualizaci\u00f3n, impresi\u00f3n, descarga o almacenamiento temporal, ya sea en su totalidad o parcialmente, de los contenidos y\/o de los elementos insertados en el sitio Web o en las p\u00e1ginas que lo conforman exclusivamente para su uso personal, privado y no lucrativo por el Usuario, siempre que, en todo caso, se indique su origen y\/o su autor y que, en su caso, aparezca el s\u00edmbolo del copyright y\/o notas de propiedad industrial del titular.<\/p>\n<p>En ning\u00fan caso el acceso a los sitios Web implica ning\u00fan tipo de permiso, renuncia, transmisi\u00f3n, licencia o cesi\u00f3n total ni parcial de dichos derechos por parte de sus titulares, salvo que se establezca expresamente lo contrario. Las presentes condiciones generales de uso del sitio Web no confieren a los usuarios ning\u00fan otro derecho de utilizaci\u00f3n, alteraci\u00f3n, explotaci\u00f3n, reproducci\u00f3n, distribuci\u00f3n o comunicaci\u00f3n p\u00fablica del sitio Web y\/o de sus contenidos distintos de los aqu\u00ed expresamente previstos. Cualquier otro uso o explotaci\u00f3n, de cualesquiera derechos, estar\u00e1 sujeto a la previa y expresa autorizaci\u00f3n espec\u00edficamente otorgada a tal efecto por el titular y\/o el tercer titular de los derechos afectados.<\/p>\n<p>Queda terminantemente prohibida la utilizaci\u00f3n de tales elementos, su total o parcial reproducci\u00f3n, comunicaci\u00f3n y\/o distribuci\u00f3n con fines comerciales o lucrativos, as\u00ed como su modificaci\u00f3n, alteraci\u00f3n, descompilaci\u00f3n y\/o cualquier otro acto de explotaci\u00f3n del sitio Web, sus p\u00e1ginas y\/o de los contenidos que en ellas se incorporan. Estas conductas podr\u00e1n dar lugar al ejercicio de cuantas acciones judiciales o extrajudiciales le pudieran corresponder al titular en el ejercicio de sus derechos.<\/p>\n<h4><span style=\"color: #30b6a4;\"><strong>Exclusi\u00f3n de garant\u00edas y responsabilidad<\/strong><\/span><\/h4>\n<p>El Usuario reconoce que la utilizaci\u00f3n del sitio Web y de sus contenidos se desarrolla bajo su \u00fanica responsabilidad.<\/p>\n<p>El titular no se hace responsable, en ning\u00fan caso, de los da\u00f1os y perjuicios de cualquier naturaleza que pudieran ocasionar, a t\u00edtulo enunciativo:<\/p>\n<ul>\n<li>Errores u omisiones en los contenidos, falta de disponibilidad de los sitios Web o la transmisi\u00f3n de virus o programas maliciosos o lesivos en los contenidos, a pesar de haber adoptado todas las medidas tecnol\u00f3gicas necesarias para evitarlo.<\/li>\n<li>Tampoco puede garantizar la exactitud, veracidad y vigencia de los contenidos, informaciones, art\u00edculos, opiniones, ofertas y similares de esta p\u00e1gina Web, ya sean propios, de terceros, o enlazables a otros sitios Web, quedando totalmente exonerada de cualquier responsabilidad derivada del uso de la misma.<\/li>\n<li>El titular no garantiza el correcto funcionamiento respecto a la disponibilidad y continuidad de nuestra p\u00e1gina Web. En consecuencia, el titular queda eximido de cualquier responsabilidad derivada del incorrecto funcionamiento o interrupciones de nuestras p\u00e1ginas Web.<\/li>\n<\/ul>\n<p>El Usuario tiene prohibido cualquier tipo de acci\u00f3n sobre nuestro sitio Web que origine una excesiva sobrecarga de funcionamiento a nuestros sistemas inform\u00e1ticos, as\u00ed como la introducci\u00f3n de virus, o instalaci\u00f3n de robots o software que altere el normal funcionamiento de nuestras p\u00e1ginas Web.<\/p>\n<p>Tambi\u00e9n debe asumir (el Usuario) toda la responsabilidad derivada del uso de nuestras p\u00e1ginas Web, siendo el \u00fanico responsable de todo efecto directo o indirecto que sobre las p\u00e1ginas Web se derive, incluyendo, de forma enunciativa y no limitativa, todo resultado econ\u00f3mico, t\u00e9cnico y\/o jur\u00eddico adverso, as\u00ed como la defraudaci\u00f3n de las expectativas generadas por nuestros portales, oblig\u00e1ndose a mantener indemne al titular por cualesquiera reclamaciones derivadas, directa o indirectamente de tales hechos.<\/p>\n<p>El Usuario reconoce que ha entendido toda la informaci\u00f3n respecto a las condiciones de uso de nuestro sitio Web y reconoce que son suficientes para la exclusi\u00f3n del error en las mismas y, por lo tanto, las acepta \u00edntegra y expresamente. Igualmente, es plenamente consciente de que la mera navegaci\u00f3n por la presente p\u00e1gina Web, as\u00ed como la utilizaci\u00f3n de sus servicios, implica la aceptaci\u00f3n de las presentes condiciones de uso.<\/p>\n<h4><span style=\"color: #30b6a4;\"><strong>Enlaces<\/strong><\/span><\/h4>\n<p>En el caso de que en el sitio Web se disponga de enlaces o hiperv\u00ednculos hacia otros sitios de Internet, el titular no ejercer\u00e1 ning\u00fan tipo de control sobre dichos sitios y contenidos. En ning\u00fan caso el titular asumir\u00e1 responsabilidad alguna por los contenidos de alg\u00fan enlace perteneciente a un sitio Web ajeno, ni garantizar\u00e1 la disponibilidad t\u00e9cnica, calidad, fiabilidad, exactitud, amplitud, veracidad, validez y constitucionalidad de cualquier material o informaci\u00f3n contenida en ninguno de dichos hiperv\u00ednculos u otros sitios de Internet. Igualmente, la inclusi\u00f3n de estas conexiones externas no implicar\u00e1 ning\u00fan tipo de asociaci\u00f3n, fusi\u00f3n o participaci\u00f3n con las entidades conectadas.<\/p>\n<h4><span style=\"color: #30b6a4;\"><strong>Cookies<\/strong><\/span><\/h4>\n<p>Puedes informarte sobre nuestra pol\u00edtica de cookies pinchando <span style=\"color: #30b6a4;\"><a style=\"color: #30b6a4;\" href=\"https:\/\/oficinavirtual.tech\/index.php\/politica-de-cookies\/\">aqu\u00ed<\/a><\/span>.<\/p>\n<h4><span style=\"color: #30b6a4;\"><strong>Derecho de exclusi\u00f3n<\/strong><\/span><\/h4>\n<p>El titular se reserva el derecho a denegar o retirar el acceso a su sitio Web y\/o los servicios ofrecidos sin necesidad de preaviso, a instancia propia o de un tercero, a aquellos usuarios que incumplan las presentes condiciones generales de uso.<\/p>\n<h4><span style=\"color: #30b6a4;\"><strong>Modificaci\u00f3n de las presentes condiciones y duraci\u00f3n<\/strong><\/span><\/h4>\n<p>El titular podr\u00e1 modificar en cualquier momento, y sin previo aviso, las condiciones aqu\u00ed determinadas, siendo debidamente publicadas como aqu\u00ed aparecen.<\/p>\n<p>La vigencia de las citadas condiciones ir\u00e1 en funci\u00f3n de su exposici\u00f3n y estar\u00e1n vigentes hasta que sean modificadas por otras debidamente publicadas.<\/p>\n<h4><span style=\"color: #30b6a4;\"><strong>Legislaci\u00f3n aplicable y jurisdicci\u00f3n<\/strong><\/span><\/h4>\n<p>La relaci\u00f3n entre el titular y el Usuario se regir\u00e1 por la normativa espa\u00f1ola vigente, y para la soluci\u00f3n de cualquier controversia ambas partes se someten, con renuncia expresa de su propio fuero si otro les correspondiese, a los Juzgados y Tribunales de Majadahonda.<\/p>\n<p>\u00a0<\/p>\n<p>Este Aviso Legal est\u00e1 denominado como procedimiento de referencia DP-18-003.0 dentro de nuestra empresa y se ha finalizado de redactar el 30 de noviembre de 2018.<\/p>\n<p>\u00a0<\/p>\n<p>[\/et_pb_text][\/et_pb_column][\/et_pb_row][\/et_pb_section]<\/p>\n","protected":false},"excerpt":{"rendered":"<p>[et_pb_section bb_built=&#8221;1&#8243;][et_pb_row][et_pb_column type=&#8221;4_4&#8243;][et_pb_text _builder_version=&#8221;3.17.6&#8243;] Titularidad del sitio Web El sitio Web que estas visitando,\u00a0https:\/\/oficinavirtual.tech, en adelante \u201csitio Web\u201d es titularidad de Fernando Carrera Correa, con direcci\u00f3n en el Aptdo. 10021 -28222- Majadahonda y NIF 08.858.658-R (en adelante, titular). Puedes contactar con el titular a trav\u00e9s del correo rgpd@oficinavirtual.tech. Estas condiciones tienen por finalidad regular el [&hellip;]<\/p>\n","protected":false},"author":1,"featured_media":0,"parent":0,"menu_order":0,"comment_status":"closed","ping_status":"closed","template":"","meta":{"_et_pb_use_builder":"on","_et_pb_old_content":"<h4><strong>Titularidad del sitio Web<\/strong><\/h4><p>El sitio Web que estas visitando,\u00a0https:\/\/oficinavirtual.tech, en adelante \u201csitio Web\u201d es titularidad de Fernando Carrera Correa, con direcci\u00f3n en el Aptdo. 10021 -28222- Majadahonda y NIF 08.858.658-R (en adelante, titular). Puedes contactar con el titular a trav\u00e9s del correo rgpd@oficinavirtual.tech.<\/p><p>Estas condiciones tienen por finalidad regular el uso del sitio Web que el titular pone a disposici\u00f3n del p\u00fablico.<\/p><h4><strong>Usuarios<\/strong><\/h4><p>El acceso y\/o uso al sitio Web atribuye la condici\u00f3n de Usuario, que acepta, desde dicho acceso y\/o uso, las condiciones generales de uso aqu\u00ed reflejadas. Las citadas condiciones ser\u00e1n de aplicaci\u00f3n independientemente de las condiciones generales de contrataci\u00f3n que en su caso resulten de obligado cumplimiento.<\/p><h4><strong>Uso del sitio Web<\/strong><\/h4><p>Todos los contenidos incluidos en la Web de \u201cOficinaVirtual.Tech\u201d (incluyendo sin exclusi\u00f3n la arquitectura de navegaci\u00f3n, bases de datos, servicios, gr\u00e1ficos, v\u00eddeos y otros contenidos), en adelante \u201clos contenidos\u201d, pertenecen al titular del sitio Web y\/o a terceros que le han cedido sus derechos.<\/p><p>El Usuario asume la responsabilidad del uso del sitio Web. Dicha responsabilidad se extiende al registro que fuese necesario para acceder a determinados servicios o contenidos. En dicho registro el Usuario ser\u00e1 responsable de aportar informaci\u00f3n veraz y l\u00edcita. Como consecuencia de este registro, al Usuario se le puede proporcionar una contrase\u00f1a de la que ser\u00e1 responsable, comprometi\u00e9ndose a hacer un uso diligente y confidencial de la misma.<\/p><p>El Usuario se compromete a hacer un uso adecuado de los contenidos y servicios que el titular ofrece a trav\u00e9s de su sitio Web y, con car\u00e1cter enunciativo, pero no limitativo, a no emplearlos para:<\/p><ul><li>Realizar actividades il\u00edcitas, ilegales o contrarias a la buena fe y al orden p\u00fablico.<\/li><li>Difundir contenidos o propaganda de car\u00e1cter racista, xen\u00f3fobo, pornogr\u00e1fico-ilegal, de apolog\u00eda del terrorismo o atentatorio contra los derechos humanos.<\/li><li>Provocar da\u00f1os en los sistemas f\u00edsicos y l\u00f3gicos del titular, de sus proveedores o de terceras personas, introducir o difundir en la red virus inform\u00e1ticos o cualesquiera otros sistemas f\u00edsicos o l\u00f3gicos que sean susceptibles de provocar los da\u00f1os anteriormente mencionados.<\/li><li>Intentar acceder y, en su caso, utilizar las cuentas de correo electr\u00f3nico de otros usuarios y modificar o manipular sus mensajes.<\/li><li>Utilizar el sitio Web ni las informaciones que en \u00e9l se contienen con fines comerciales, pol\u00edticos, publicitarios y para cualquier uso comercial, sobre todo el env\u00edo de correos electr\u00f3nicos no solicitados.<\/li><\/ul><p>El titular tiene derecho a retirar todos aquellos comentarios y aportaciones que vulneren el respeto a la dignidad de la persona, que sean discriminatorios, xen\u00f3fobos, racistas, pornogr\u00e1ficos, que atenten contra la juventud o la infancia, el orden o la seguridad p\u00fablica o que, a su juicio, no sean adecuados para su publicaci\u00f3n.<\/p><p>En cualquier caso, el titular del sitio Web no ser\u00e1 responsable de los usos fraudulentos realizados ni de las opiniones vertidas por los usuarios en los contenidos del sitio Web.<\/p><p>Esta p\u00e1gina Web se rige por la normativa exclusivamente aplicable en Espa\u00f1a, quedando sometidos a ella todos los usuarios que utilicen esta Web.<\/p><h4><strong>Protecci\u00f3n de datos<\/strong><\/h4><p>Puedes informarte sobre nuestra pol\u00edtica de privacidad y protecci\u00f3n de datos pinchando <a href=\"https:\/\/oficinavirtual.tech\/index.php\/politica-privacidad\/\">aqu\u00ed<\/a>.<\/p><h4><strong>Propiedad Intelectual e Industrial<\/strong><\/h4><p>El Usuario reconoce y acepta que todos los derechos de propiedad industrial e intelectual sobre los contenidos y\/o cualesquiera otros elementos insertados en el sitio Web (incluyendo, a t\u00edtulo meramente enunciativo y no limitativo, todos aquellos elementos que conforman la apariencia visual, imagen gr\u00e1fica y otros est\u00edmulos sensoriales del sitio Web) pertenecen al titular del sitio Web y\/o a terceros que le han cedido sus derechos. A tales efectos, se entender\u00e1 como sitio Web todas aquellas creaciones incorporadas y expresadas por cualquier medio y\/o soporte tangible o intangible, conocido o por conocer, que sea objeto de protecci\u00f3n por las disposiciones normativas vigentes en materia de propiedad intelectual e industrial.<\/p><p>Queda autorizada la mera visualizaci\u00f3n, impresi\u00f3n, descarga o almacenamiento temporal, ya sea en su totalidad o parcialmente, de los contenidos y\/o de los elementos insertados en el sitio Web o en las p\u00e1ginas que lo conforman exclusivamente para su uso personal, privado y no lucrativo por el Usuario, siempre que, en todo caso, se indique su origen y\/o su autor y que, en su caso, aparezca el s\u00edmbolo del copyright y\/o notas de propiedad industrial del titular.<\/p><p>En ning\u00fan caso el acceso a los sitios Web implica ning\u00fan tipo de permiso, renuncia, transmisi\u00f3n, licencia o cesi\u00f3n total ni parcial de dichos derechos por parte de sus titulares, salvo que se establezca expresamente lo contrario. Las presentes condiciones generales de uso del sitio Web no confieren a los usuarios ning\u00fan otro derecho de utilizaci\u00f3n, alteraci\u00f3n, explotaci\u00f3n, reproducci\u00f3n, distribuci\u00f3n o comunicaci\u00f3n p\u00fablica del sitio Web y\/o de sus contenidos distintos de los aqu\u00ed expresamente previstos. Cualquier otro uso o explotaci\u00f3n, de cualesquiera derechos, estar\u00e1 sujeto a la previa y expresa autorizaci\u00f3n espec\u00edficamente otorgada a tal efecto por el titular y\/o el tercer titular de los derechos afectados.<\/p><p>Queda terminantemente prohibida la utilizaci\u00f3n de tales elementos, su total o parcial reproducci\u00f3n, comunicaci\u00f3n y\/o distribuci\u00f3n con fines comerciales o lucrativos, as\u00ed como su modificaci\u00f3n, alteraci\u00f3n, descompilaci\u00f3n y\/o cualquier otro acto de explotaci\u00f3n del sitio Web, sus p\u00e1ginas y\/o de los contenidos que en ellas se incorporan. Estas conductas podr\u00e1n dar lugar al ejercicio de cuantas acciones judiciales o extrajudiciales le pudieran corresponder al titular en el ejercicio de sus derechos.<\/p><h4><strong>Exclusi\u00f3n de garant\u00edas y responsabilidad<\/strong><\/h4><p>El Usuario reconoce que la utilizaci\u00f3n del sitio Web y de sus contenidos se desarrolla bajo su \u00fanica responsabilidad.<\/p><p>El titular no se hace responsable, en ning\u00fan caso, de los da\u00f1os y perjuicios de cualquier naturaleza que pudieran ocasionar, a t\u00edtulo enunciativo:<\/p><ul><li>Errores u omisiones en los contenidos, falta de disponibilidad de los sitios Web o la transmisi\u00f3n de virus o programas maliciosos o lesivos en los contenidos, a pesar de haber adoptado todas las medidas tecnol\u00f3gicas necesarias para evitarlo.<\/li><li>Tampoco puede garantizar la exactitud, veracidad y vigencia de los contenidos, informaciones, art\u00edculos, opiniones, ofertas y similares de esta p\u00e1gina Web, ya sean propios, de terceros, o enlazables a otros sitios Web, quedando totalmente exonerada de cualquier responsabilidad derivada del uso de la misma.<\/li><li>El titular no garantiza el correcto funcionamiento respecto a la disponibilidad y continuidad de nuestra p\u00e1gina Web. En consecuencia, el titular queda eximido de cualquier responsabilidad derivada del incorrecto funcionamiento o interrupciones de nuestras p\u00e1ginas Web.<\/li><\/ul><p>El Usuario tiene prohibido cualquier tipo de acci\u00f3n sobre nuestro sitio Web que origine una excesiva sobrecarga de funcionamiento a nuestros sistemas inform\u00e1ticos, as\u00ed como la introducci\u00f3n de virus, o instalaci\u00f3n de robots o software que altere el normal funcionamiento de nuestras p\u00e1ginas Web.<\/p><p>Tambi\u00e9n debe asumir (el Usuario) toda la responsabilidad derivada del uso de nuestras p\u00e1ginas Web, siendo el \u00fanico responsable de todo efecto directo o indirecto que sobre las p\u00e1ginas Web se derive, incluyendo, de forma enunciativa y no limitativa, todo resultado econ\u00f3mico, t\u00e9cnico y\/o jur\u00eddico adverso, as\u00ed como la defraudaci\u00f3n de las expectativas generadas por nuestros portales, oblig\u00e1ndose a mantener indemne al titular por cualesquiera reclamaciones derivadas, directa o indirectamente de tales hechos.<\/p><p>El Usuario reconoce que ha entendido toda la informaci\u00f3n respecto a las condiciones de uso de nuestro sitio Web y reconoce que son suficientes para la exclusi\u00f3n del error en las mismas y, por lo tanto, las acepta \u00edntegra y expresamente. Igualmente, es plenamente consciente de que la mera navegaci\u00f3n por la presente p\u00e1gina Web, as\u00ed como la utilizaci\u00f3n de sus servicios, implica la aceptaci\u00f3n de las presentes condiciones de uso.<\/p><h4><strong>Enlaces<\/strong><\/h4><p>En el caso de que en el sitio Web se disponga de enlaces o hiperv\u00ednculos hacia otros sitios de Internet, el titular no ejercer\u00e1 ning\u00fan tipo de control sobre dichos sitios y contenidos. En ning\u00fan caso el titular asumir\u00e1 responsabilidad alguna por los contenidos de alg\u00fan enlace perteneciente a un sitio Web ajeno, ni garantizar\u00e1 la disponibilidad t\u00e9cnica, calidad, fiabilidad, exactitud, amplitud, veracidad, validez y constitucionalidad de cualquier material o informaci\u00f3n contenida en ninguno de dichos hiperv\u00ednculos u otros sitios de Internet. Igualmente, la inclusi\u00f3n de estas conexiones externas no implicar\u00e1 ning\u00fan tipo de asociaci\u00f3n, fusi\u00f3n o participaci\u00f3n con las entidades conectadas.<\/p><h4><strong>Cookies<\/strong><\/h4><p>Puedes informarte sobre nuestra pol\u00edtica de cookies pinchando <a href=\"https:\/\/oficinavirtual.tech\/index.php\/politica-de-cookies\/\">aqu\u00ed<\/a>.<\/p><h4><strong>Derecho de exclusi\u00f3n<\/strong><\/h4><p>El titular se reserva el derecho a denegar o retirar el acceso a su sitio Web y\/o los servicios ofrecidos sin necesidad de preaviso, a instancia propia o de un tercero, a aquellos usuarios que incumplan las presentes condiciones generales de uso.<\/p><h4><strong>Modificaci\u00f3n de las presentes condiciones y duraci\u00f3n<\/strong><\/h4><p>El titular podr\u00e1 modificar en cualquier momento, y sin previo aviso, las condiciones aqu\u00ed determinadas, siendo debidamente publicadas como aqu\u00ed aparecen.<\/p><p>La vigencia de las citadas condiciones ir\u00e1 en funci\u00f3n de su exposici\u00f3n y estar\u00e1n vigentes hasta que sean modificadas por otras debidamente publicadas.<\/p><h4><strong>Legislaci\u00f3n aplicable y jurisdicci\u00f3n<\/strong><\/h4><p>La relaci\u00f3n entre el titular y el Usuario se regir\u00e1 por la normativa espa\u00f1ola vigente, y para la soluci\u00f3n de cualquier controversia ambas partes se someten, con renuncia expresa de su propio fuero si otro les correspondiese, a los Juzgados y Tribunales de Majadahonda.<\/p><p>\u00a0<\/p><p>Este Aviso Legal est\u00e1 denominado como procedimiento de referencia DP-18-003.0 dentro de nuestra empresa y se ha finalizado de redactar el 30 de noviembre de 2018.<\/p><p>\u00a0<\/p>","footnotes":""},"_links":{"self":[{"href":"https:\/\/oficinavirtual.tech\/index.php\/wp-json\/wp\/v2\/pages\/111"}],"collection":[{"href":"https:\/\/oficinavirtual.tech\/index.php\/wp-json\/wp\/v2\/pages"}],"about":[{"href":"https:\/\/oficinavirtual.tech\/index.php\/wp-json\/wp\/v2\/types\/page"}],"author":[{"embeddable":true,"href":"https:\/\/oficinavirtual.tech\/index.php\/wp-json\/wp\/v2\/users\/1"}],"replies":[{"embeddable":true,"href":"https:\/\/oficinavirtual.tech\/index.php\/wp-json\/wp\/v2\/comments?post=111"}],"version-history":[{"count":0,"href":"https:\/\/oficinavirtual.tech\/index.php\/wp-json\/wp\/v2\/pages\/111\/revisions"}],"wp:attachment":[{"href":"https:\/\/oficinavirtual.tech\/index.php\/wp-json\/wp\/v2\/media?parent=111"}],"curies":[{"name":"wp","href":"https:\/\/api.w.org\/{rel}","templated":true}]}}