{"id":198,"date":"2019-01-08T09:56:18","date_gmt":"2019-01-08T09:56:18","guid":{"rendered":"https:\/\/oficinavirtual.tech\/?page_id=198"},"modified":"2019-03-25T15:43:31","modified_gmt":"2019-03-25T15:43:31","slug":"oaas","status":"publish","type":"page","link":"https:\/\/oficinavirtual.tech\/index.php\/oaas\/","title":{"rendered":"OaaS"},"content":{"rendered":"<p>[et_pb_section bb_built=&#8221;1&#8243; _builder_version=&#8221;3.17.6&#8243;][et_pb_row][et_pb_column type=&#8221;1_2&#8243;][et_pb_image _builder_version=&#8221;3.17.6&#8243; src=&#8221;https:\/\/oficinavirtual.tech\/wp-content\/uploads\/2019\/01\/Eidifio2_OVT-e1553528522479.jpg&#8221; show_in_lightbox=&#8221;on&#8221; \/][\/et_pb_column][et_pb_column type=&#8221;1_2&#8243;][et_pb_text _builder_version=&#8221;3.17.6&#8243;]<\/p>\n<h1><span style=\"color: #30b6a4;\">Primera oficina SIN espacio\u00a0f\u00edsico<\/span><\/h1>\n<p>Hemos creado la primera OaaS del mundo. Pensamos que la tecnolog\u00eda hace innecesarias muchas de las oficinas f\u00edsicas que existen en la actualidad. Dicho de otro modo, las empresas pueden ahorrar mucho dinero en inversi\u00f3n y gasto corriente, es posible mejorar significativamente la calidad de vida de las personas y el medio ambiente, todo ello, simplemente, mediante las OaaS.<\/p>\n<h5>\u00a0<\/h5>\n<h5><span style=\"color: #30b6a4;\">\u00bfQu\u00e9 es una OaaS?<\/span><\/h5>\n<p>OaaS es el acr\u00f3nimo ingl\u00e9s de Office as a Service, en espa\u00f1ol, <span style=\"color: #30b6a4;\"><em>Oficina como Servicio<\/em><\/span>. Es la evoluci\u00f3n natural de las IaaS -infraestructura como servicio-, PaaS -plataforma como servicio- y SaaS -software como servicio-, puesto que, si la tecnolog\u00eda nos permite tener nuestra empresa en la nube, \u00bfqu\u00e9 sentido tiene que sigamos manteniendo un espacio f\u00edsico?<\/p>\n<p>Como con las IaaS, PaaS y SaaS, paga realmente por lo que necesites.<\/p>\n<p>[\/et_pb_text][\/et_pb_column][\/et_pb_row][et_pb_row][et_pb_column type=&#8221;4_4&#8243;][et_pb_text _builder_version=&#8221;3.17.6&#8243;]<\/p>\n<p>Con OficinaVirtual.Tech no tendr\u00e1s gastos, ni realizar\u00e1s inversiones, que no necesites. Ponemos a tu disposici\u00f3n -y te ense\u00f1amos a manejar- el mejor software adaptado a tu empresa. Calidad y escalabilidad son esenciales para las empresas modernas.<\/p>\n<p>&nbsp;<\/p>\n<h6 style=\"text-align: center;\"><div class='et-box et-shadow'>\n\t\t\t\t\t<div class='et-box-content'><span style=\"color: #30b6a4;\">\u00a0No alquiles una oficina, no compres mobiliario, no hagas instalaciones t\u00e9cnicas, no compres servidores, no los mantengas, no adquieras software, todo ello es una p\u00e9rdida de tiempo y de dinero<\/span><\/div><\/div><\/h6>\n<p>&nbsp;<\/p>\n<p>La coletilla &#8220;virtual&#8221; es muy utilizada para dar una sensaci\u00f3n de modernidad que no es tal. Existen innumerables Centros de Negocios que &#8220;alquilan&#8221; lo que ellos denominan como Oficinas Virtuales, pero aunque son oficinas, no son virtuales.<\/p>\n<p>El concepto de Oficina Virtual est\u00e1 bastante\u00a0extendido, pero contrariamente a como lo definen muchos, se utiliza para ofrecer unos servicios que no son nada virtuales, es decir, se prestan en oficinas reales, por gente real. De hecho, algunas empresas que se dedican a esta actividad, la suelen definir como &#8220;<em>aquella que te permite domiciliar tu empresa en una direcci\u00f3n, y aprovecharte de otros servicios como si de una oficina f\u00edsica se tratar\u00e1<\/em>&#8221; y es que, realmente se trata de oficinas f\u00edsicas que puedes utilizar a cambio de un coste fijo m\u00e1s un coste variable en funci\u00f3n de su uso.<\/p>\n<p>En casi todos los Centros de Negocio y los locales de Coworking ofrecen servicios de atenci\u00f3n telef\u00f3nica, domiciliaci\u00f3n social, legal y comercial, recepci\u00f3n y atenci\u00f3n de visitas, inclusi\u00f3n del logo en su listado de empresas, salas de reuniones, puestos de trabajo, posibilidad de imprimir, servicio de mensajer\u00eda, incluso espacios l\u00fadicos en los que poder establecer relaciones (networking y coworking lo llaman) y un sinf\u00edn de servicios dependiendo del centro al que te dirijas. Pues bien, est\u00e1 claro que tiene muchas ventajas, pero salvo que quieras trabajar rodeado de gente, \u00bfpara qu\u00e9 necesitas pagar por ellos?\u00a0<\/p>\n<p>Aplicamos todas las ventajas del Teletrabajo y te ense\u00f1amos c\u00f3mo adaptar tu forma de trabajar y la de tus empleados a este sistema lleno de ahorros.<\/p>\n<p>&nbsp;<\/p>\n<p>[\/et_pb_text][\/et_pb_column][\/et_pb_row][et_pb_row][et_pb_column type=&#8221;1_3&#8243;][et_pb_button admin_label=&#8221;Bot\u00f3nWhatsApp&#8221; _builder_version=&#8221;3.17.6&#8243; button_text=&#8221;Contacta por WhatsApp&#8221; url_new_window=&#8221;on&#8221; button_url=&#8221;https:\/\/api.whatsapp.com\/send?phone=34639565284&#8243; custom_button=&#8221;on&#8221; button_text_color=&#8221;#30b6a4&#8243; box_shadow_style=&#8221;preset1&#8243; \/][\/et_pb_column][et_pb_column type=&#8221;1_3&#8243;][et_pb_button _builder_version=&#8221;3.17.6&#8243; button_text=&#8221;Nuestros Servicios&#8221; button_url=&#8221;https:\/\/oficinavirtual.tech\/index.php\/servicios\/&#8221; custom_button=&#8221;on&#8221; button_text_color=&#8221;#30b6a4&#8243; box_shadow_style=&#8221;preset2&#8243; \/][\/et_pb_column][et_pb_column type=&#8221;1_3&#8243;][et_pb_button _builder_version=&#8221;3.17.6&#8243; button_text=&#8221;Contacta por eMail&#8221; button_url=&#8221;https:\/\/oficinavirtual.tech\/index.php\/contacto\/&#8221; url_new_window=&#8221;on&#8221; custom_button=&#8221;on&#8221; button_text_color=&#8221;#30b6a4&#8243; box_shadow_style=&#8221;preset2&#8243; \/][\/et_pb_column][\/et_pb_row][\/et_pb_section]<\/p>\n","protected":false},"excerpt":{"rendered":"<p>[et_pb_section bb_built=&#8221;1&#8243; _builder_version=&#8221;3.17.6&#8243;][et_pb_row][et_pb_column type=&#8221;1_2&#8243;][et_pb_image _builder_version=&#8221;3.17.6&#8243; src=&#8221;https:\/\/oficinavirtual.tech\/wp-content\/uploads\/2019\/01\/Eidifio2_OVT-e1553528522479.jpg&#8221; show_in_lightbox=&#8221;on&#8221; \/][\/et_pb_column][et_pb_column type=&#8221;1_2&#8243;][et_pb_text _builder_version=&#8221;3.17.6&#8243;] Primera oficina SIN espacio\u00a0f\u00edsico Hemos creado la primera OaaS del mundo. Pensamos que la tecnolog\u00eda hace innecesarias muchas de las oficinas f\u00edsicas que existen en la actualidad. Dicho de otro modo, las empresas pueden ahorrar mucho dinero en inversi\u00f3n y gasto corriente, es posible mejorar [&hellip;]<\/p>\n","protected":false},"author":1,"featured_media":0,"parent":0,"menu_order":0,"comment_status":"closed","ping_status":"closed","template":"","meta":{"_et_pb_use_builder":"on","_et_pb_old_content":"","footnotes":""},"_links":{"self":[{"href":"https:\/\/oficinavirtual.tech\/index.php\/wp-json\/wp\/v2\/pages\/198"}],"collection":[{"href":"https:\/\/oficinavirtual.tech\/index.php\/wp-json\/wp\/v2\/pages"}],"about":[{"href":"https:\/\/oficinavirtual.tech\/index.php\/wp-json\/wp\/v2\/types\/page"}],"author":[{"embeddable":true,"href":"https:\/\/oficinavirtual.tech\/index.php\/wp-json\/wp\/v2\/users\/1"}],"replies":[{"embeddable":true,"href":"https:\/\/oficinavirtual.tech\/index.php\/wp-json\/wp\/v2\/comments?post=198"}],"version-history":[{"count":1,"href":"https:\/\/oficinavirtual.tech\/index.php\/wp-json\/wp\/v2\/pages\/198\/revisions"}],"predecessor-version":[{"id":761,"href":"https:\/\/oficinavirtual.tech\/index.php\/wp-json\/wp\/v2\/pages\/198\/revisions\/761"}],"wp:attachment":[{"href":"https:\/\/oficinavirtual.tech\/index.php\/wp-json\/wp\/v2\/media?parent=198"}],"curies":[{"name":"wp","href":"https:\/\/api.w.org\/{rel}","templated":true}]}}