{"id":371,"date":"2019-01-28T09:03:41","date_gmt":"2019-01-28T09:03:41","guid":{"rendered":"https:\/\/oficinavirtual.tech\/?page_id=371"},"modified":"2019-03-12T09:31:36","modified_gmt":"2019-03-12T09:31:36","slug":"sinpapel","status":"publish","type":"page","link":"https:\/\/oficinavirtual.tech\/index.php\/sinpapel\/","title":{"rendered":"SinPapel"},"content":{"rendered":"<p>[et_pb_section bb_built=&#8221;1&#8243; next_background_color=&#8221;#000000&#8243;][et_pb_row][et_pb_column type=&#8221;1_2&#8243;][et_pb_image _builder_version=&#8221;3.17.6&#8243; src=&#8221;https:\/\/oficinavirtual.tech\/wp-content\/uploads\/2019\/01\/tree-3822149_640.jpg&#8221; \/][\/et_pb_column][et_pb_column type=&#8221;1_2&#8243;][et_pb_text _builder_version=&#8221;3.17.6&#8243;]<\/p>\n<h1><span style=\"color: #30b6a4;\">Primera oficina SIN papel<\/span><\/h1>\n<p>Una de las ventajas de las OaaS es que no usamos el papel. S\u00ed, gracias a la tecnolog\u00eda no utilizamos el papel en nuestras transacciones. Todas las firmas de contratos se realizan por Internet sin necesidad de imprimir documentos, las facturas las almacenamos digitalmente con el sello de la Agencia Tributaria, la documentaci\u00f3n oficial la comunicamos y conservamos digitalmente, los procedimientos siempre est\u00e1n en la nube.<\/p>\n<p>&nbsp;<\/p>\n<h5><span style=\"color: #30b6a4;\">\u00bfTe preocupa el medio ambiente?<\/span><\/h5>\n<p>Ya es una realidad la eliminaci\u00f3n progresiva del pl\u00e1stico desechable en las empresas, nosotros abogamos por la desaparici\u00f3n del papel en favor del medio ambiente. No vemos \u00fatil la mayor parte del empleo del papel y s\u00ed muy perjudicial.<\/p>\n<p>&nbsp;<\/p>\n<p>[\/et_pb_text][\/et_pb_column][\/et_pb_row][et_pb_row][et_pb_column type=&#8221;4_4&#8243;][et_pb_text _builder_version=&#8221;3.17.6&#8243;]<\/p>\n<h6 style=\"text-align: center;\"><div class='et-box et-shadow'>\n\t\t\t\t\t<div class='et-box-content'><span style=\"color: #30b6a4;\">El 99% de los ticket de compra acaban en la basura<\/span><\/div><\/div><\/h6>\n<h5>\u00a0<\/h5>\n<h5><span style=\"color: #30b6a4;\">\u00bfQuieres tener toda la documentaci\u00f3n de la empresa accesible las 24 horas desde tu m\u00f3vil?<\/span><\/h5>\n<p>Si quieres, nosotros lo hacemos posible. No retrases la entrega de documentaci\u00f3n por no tener acceso a ella en todo momento. Mejorar\u00e1s tu imagen frente a empleados e instituciones externas como clientes, proveedores y administraciones adem\u00e1s de colaborar para un mundo mejor. \u00a1Todo al alcance de un click!<\/p>\n<p>\u00a0<\/p>\n<h6 style=\"text-align: center;\">Descubre nuestra <a href=\"https:\/\/oficinavirtual.tech\/index.php\/gestion_documental-2\/\"><span style=\"color: #30b6a4;\">Gesti\u00f3n Documental<\/span><\/a><\/h6>\n<p>[\/et_pb_text][\/et_pb_column][\/et_pb_row][\/et_pb_section][et_pb_section bb_built=&#8221;1&#8243; fullwidth=&#8221;off&#8221; specialty=&#8221;off&#8221; prev_background_color=&#8221;#000000&#8243;][et_pb_row _builder_version=&#8221;3.17.6&#8243;][et_pb_column type=&#8221;1_3&#8243;][et_pb_button admin_label=&#8221;Bot\u00f3nWhatsApp&#8221; _builder_version=&#8221;3.17.6&#8243; button_text=&#8221;Contacta por WhatsApp&#8221; url_new_window=&#8221;on&#8221; button_url=&#8221;https:\/\/api.whatsapp.com\/send?phone=34639565284&#8243; custom_button=&#8221;on&#8221; button_text_color=&#8221;#30b6a4&#8243; box_shadow_style=&#8221;preset1&#8243; \/][\/et_pb_column][et_pb_column type=&#8221;1_3&#8243;][et_pb_button _builder_version=&#8221;3.17.6&#8243; button_text=&#8221;Nuestros Servicios&#8221; button_url=&#8221;https:\/\/oficinavirtual.tech\/index.php\/servicios\/&#8221; custom_button=&#8221;on&#8221; button_text_color=&#8221;#30b6a4&#8243; box_shadow_style=&#8221;preset2&#8243; \/][\/et_pb_column][et_pb_column type=&#8221;1_3&#8243;][et_pb_button _builder_version=&#8221;3.17.6&#8243; button_text=&#8221;Contacta por eMail&#8221; button_url=&#8221;https:\/\/oficinavirtual.tech\/index.php\/contacto\/&#8221; url_new_window=&#8221;on&#8221; custom_button=&#8221;on&#8221; button_text_color=&#8221;#30b6a4&#8243; box_shadow_style=&#8221;preset2&#8243; \/][\/et_pb_column][\/et_pb_row][\/et_pb_section]<\/p>\n","protected":false},"excerpt":{"rendered":"<p>[et_pb_section bb_built=&#8221;1&#8243; next_background_color=&#8221;#000000&#8243;][et_pb_row][et_pb_column type=&#8221;1_2&#8243;][et_pb_image _builder_version=&#8221;3.17.6&#8243; src=&#8221;https:\/\/oficinavirtual.tech\/wp-content\/uploads\/2019\/01\/tree-3822149_640.jpg&#8221; \/][\/et_pb_column][et_pb_column type=&#8221;1_2&#8243;][et_pb_text _builder_version=&#8221;3.17.6&#8243;] Primera oficina SIN papel Una de las ventajas de las OaaS es que no usamos el papel. S\u00ed, gracias a la tecnolog\u00eda no utilizamos el papel en nuestras transacciones. Todas las firmas de contratos se realizan por Internet sin necesidad de imprimir documentos, las facturas las [&hellip;]<\/p>\n","protected":false},"author":1,"featured_media":0,"parent":0,"menu_order":0,"comment_status":"closed","ping_status":"closed","template":"","meta":{"_et_pb_use_builder":"on","_et_pb_old_content":"","footnotes":""},"_links":{"self":[{"href":"https:\/\/oficinavirtual.tech\/index.php\/wp-json\/wp\/v2\/pages\/371"}],"collection":[{"href":"https:\/\/oficinavirtual.tech\/index.php\/wp-json\/wp\/v2\/pages"}],"about":[{"href":"https:\/\/oficinavirtual.tech\/index.php\/wp-json\/wp\/v2\/types\/page"}],"author":[{"embeddable":true,"href":"https:\/\/oficinavirtual.tech\/index.php\/wp-json\/wp\/v2\/users\/1"}],"replies":[{"embeddable":true,"href":"https:\/\/oficinavirtual.tech\/index.php\/wp-json\/wp\/v2\/comments?post=371"}],"version-history":[{"count":0,"href":"https:\/\/oficinavirtual.tech\/index.php\/wp-json\/wp\/v2\/pages\/371\/revisions"}],"wp:attachment":[{"href":"https:\/\/oficinavirtual.tech\/index.php\/wp-json\/wp\/v2\/media?parent=371"}],"curies":[{"name":"wp","href":"https:\/\/api.w.org\/{rel}","templated":true}]}}