{"id":396,"date":"2019-01-28T10:44:22","date_gmt":"2019-01-28T10:44:22","guid":{"rendered":"https:\/\/oficinavirtual.tech\/?page_id=396"},"modified":"2019-03-25T15:45:39","modified_gmt":"2019-03-25T15:45:39","slug":"amedida","status":"publish","type":"page","link":"https:\/\/oficinavirtual.tech\/index.php\/amedida\/","title":{"rendered":"A medida"},"content":{"rendered":"<p>[et_pb_section bb_built=&#8221;1&#8243; next_background_color=&#8221;#000000&#8243;][et_pb_row][et_pb_column type=&#8221;1_2&#8243;][et_pb_image _builder_version=&#8221;3.17.6&#8243; src=&#8221;https:\/\/oficinavirtual.tech\/wp-content\/uploads\/2019\/01\/proyectos_a_medida-e1553528640599.jpg&#8221; \/][\/et_pb_column][et_pb_column type=&#8221;1_2&#8243;][et_pb_text _builder_version=&#8221;3.17.6&#8243;]<\/p>\n<h1><span style=\"color: #30b6a4;\">Proyectos a medida de tus necesidades<\/span><\/h1>\n<p>&nbsp;<\/p>\n<p>No tiene sentido utilizar el mismo software si tienes un cliente que si tienes mil. Tampoco lo tienes si tienes una empresa con un empleado o con quinientos. Mucho menos si, en lugar de ser una empresa, eres un profesional.<\/p>\n<p>Gracias a nuestra experiencia y actualizaci\u00f3n continua, podemos aconsejarte, incluso ense\u00f1arte a instalar y utilizar, el mejor software adaptado a tus necesidades, siempre teniendo en cuenta que vas a crecer y que no puedes cambiar de herramientas porque cambies tu tama\u00f1o. Es otra de las ventajas de nuestra Oficina Virtual.<\/p>\n<p>&nbsp;<\/p>\n<p>[\/et_pb_text][\/et_pb_column][\/et_pb_row][et_pb_row][et_pb_column type=&#8221;4_4&#8243;][et_pb_text _builder_version=&#8221;3.17.6&#8243;]<\/p>\n<p>Todos los desarrollos a medida que hacemos son teniendo en cuenta tus necesidades presentes y futuras. Hemos sufrido el cambio de aplicaciones por el dimensionamiento incorrecto de las necesidades y no queremos que pierdas tiempo y dinero por una mala elecci\u00f3n.<\/p>\n<p>&nbsp;<\/p>\n<h6 style=\"text-align: center;\"><div class='et-box et-shadow'>\n\t\t\t\t\t<div class='et-box-content'><span style=\"color: #30b6a4;\">Herramientas que usan gigantes al alcance de tu mano<\/span><\/div><\/div><\/h6>\n<h5>\u00a0<\/h5>\n<h5><span style=\"color: #30b6a4;\">\u00bfUsar\u00edas las mismas herramientas que usan las grandes corporaciones mundiales?<\/span><\/h5>\n<p>&nbsp;<\/p>\n<p>Utiliza el mismo software que utilizan las grandes empresas adaptado a tu tama\u00f1o. No pienses que no vas a poder pagarlo, no es as\u00ed.<\/p>\n<p>Nuestros productos son &#8220;nativos&#8221; en la nube, lo cual te permitir\u00e1 tenerlo todo al alcance de la mano de manera permanente, son escalables y podr\u00e1s disponer herramientas de posibilidades casi infinitas.\u00a0<\/p>\n<p style=\"text-align: center;\">\n<h6 style=\"text-align: center;\"><div class='et-box et-shadow'>\n\t\t\t\t\t<div class='et-box-content'><span style=\"color: #30b6a4;\">Pagar\u00e1s solo por lo que consumas, ni un c\u00e9ntimo m\u00e1s<\/span><\/div><\/div><\/h6>\n<p>&nbsp;<\/p>\n<p>Gracias a la escalabilidad que permite la nube, podr\u00e1s hacerlo a precios muy reducidos.\u00a0<\/p>\n<p>[\/et_pb_text][\/et_pb_column][\/et_pb_row][\/et_pb_section][et_pb_section bb_built=&#8221;1&#8243; fullwidth=&#8221;off&#8221; specialty=&#8221;off&#8221; prev_background_color=&#8221;#000000&#8243;][et_pb_row _builder_version=&#8221;3.17.6&#8243;][et_pb_column type=&#8221;1_3&#8243;][et_pb_button admin_label=&#8221;Bot\u00f3nWhatsApp&#8221; _builder_version=&#8221;3.17.6&#8243; button_text=&#8221;Contacta por WhatsApp&#8221; url_new_window=&#8221;on&#8221; button_url=&#8221;https:\/\/api.whatsapp.com\/send?phone=34639565284&#8243; custom_button=&#8221;on&#8221; button_text_color=&#8221;#30b6a4&#8243; box_shadow_style=&#8221;preset1&#8243; \/][\/et_pb_column][et_pb_column type=&#8221;1_3&#8243;][et_pb_button _builder_version=&#8221;3.17.6&#8243; button_text=&#8221;Nuestros Servicios&#8221; button_url=&#8221;https:\/\/oficinavirtual.tech\/index.php\/servicios\/&#8221; custom_button=&#8221;on&#8221; button_text_color=&#8221;#30b6a4&#8243; box_shadow_style=&#8221;preset2&#8243; \/][\/et_pb_column][et_pb_column type=&#8221;1_3&#8243;][et_pb_button _builder_version=&#8221;3.17.6&#8243; button_text=&#8221;Contacta por eMail&#8221; button_url=&#8221;https:\/\/oficinavirtual.tech\/index.php\/contacto\/&#8221; url_new_window=&#8221;on&#8221; custom_button=&#8221;on&#8221; button_text_color=&#8221;#30b6a4&#8243; box_shadow_style=&#8221;preset2&#8243; \/][\/et_pb_column][\/et_pb_row][\/et_pb_section]<\/p>\n","protected":false},"excerpt":{"rendered":"<p>[et_pb_section bb_built=&#8221;1&#8243; next_background_color=&#8221;#000000&#8243;][et_pb_row][et_pb_column type=&#8221;1_2&#8243;][et_pb_image _builder_version=&#8221;3.17.6&#8243; src=&#8221;https:\/\/oficinavirtual.tech\/wp-content\/uploads\/2019\/01\/proyectos_a_medida-e1553528640599.jpg&#8221; \/][\/et_pb_column][et_pb_column type=&#8221;1_2&#8243;][et_pb_text _builder_version=&#8221;3.17.6&#8243;] Proyectos a medida de tus necesidades &nbsp; No tiene sentido utilizar el mismo software si tienes un cliente que si tienes mil. Tampoco lo tienes si tienes una empresa con un empleado o con quinientos. Mucho menos si, en lugar de ser una empresa, eres un [&hellip;]<\/p>\n","protected":false},"author":1,"featured_media":0,"parent":0,"menu_order":0,"comment_status":"closed","ping_status":"closed","template":"","meta":{"_et_pb_use_builder":"on","_et_pb_old_content":"","footnotes":""},"_links":{"self":[{"href":"https:\/\/oficinavirtual.tech\/index.php\/wp-json\/wp\/v2\/pages\/396"}],"collection":[{"href":"https:\/\/oficinavirtual.tech\/index.php\/wp-json\/wp\/v2\/pages"}],"about":[{"href":"https:\/\/oficinavirtual.tech\/index.php\/wp-json\/wp\/v2\/types\/page"}],"author":[{"embeddable":true,"href":"https:\/\/oficinavirtual.tech\/index.php\/wp-json\/wp\/v2\/users\/1"}],"replies":[{"embeddable":true,"href":"https:\/\/oficinavirtual.tech\/index.php\/wp-json\/wp\/v2\/comments?post=396"}],"version-history":[{"count":1,"href":"https:\/\/oficinavirtual.tech\/index.php\/wp-json\/wp\/v2\/pages\/396\/revisions"}],"predecessor-version":[{"id":763,"href":"https:\/\/oficinavirtual.tech\/index.php\/wp-json\/wp\/v2\/pages\/396\/revisions\/763"}],"wp:attachment":[{"href":"https:\/\/oficinavirtual.tech\/index.php\/wp-json\/wp\/v2\/media?parent=396"}],"curies":[{"name":"wp","href":"https:\/\/api.w.org\/{rel}","templated":true}]}}