{"id":405,"date":"2019-01-28T11:24:38","date_gmt":"2019-01-28T11:24:38","guid":{"rendered":"https:\/\/oficinavirtual.tech\/?page_id=405"},"modified":"2019-02-15T08:51:56","modified_gmt":"2019-02-15T08:51:56","slug":"coworking-virtual","status":"publish","type":"page","link":"https:\/\/oficinavirtual.tech\/index.php\/coworking-virtual\/","title":{"rendered":"Coworking Virtual"},"content":{"rendered":"<p>[et_pb_section bb_built=&#8221;1&#8243; fullwidth=&#8221;on&#8221; specialty=&#8221;off&#8221; next_background_color=&#8221;#000000&#8243;][et_pb_fullwidth_slider _builder_version=&#8221;3.17.6&#8243; background_color=&#8221;#30b6a4&#8243;][et_pb_slide _builder_version=&#8221;3.17.6&#8243; button_link=&#8221;#&#8221; url_new_window=&#8221;off&#8221; link_option_url_new_window=&#8221;off&#8221; background_color=&#8221;#2ea3f2&#8243; use_background_color_gradient=&#8221;off&#8221; background_color_gradient_start=&#8221;#2b87da&#8221; background_color_gradient_end=&#8221;#29c4a9&#8243; background_color_gradient_type=&#8221;linear&#8221; background_color_gradient_direction=&#8221;180deg&#8221; background_color_gradient_direction_radial=&#8221;center&#8221; background_color_gradient_start_position=&#8221;0%&#8221; background_color_gradient_end_position=&#8221;100%&#8221; background_color_gradient_overlays_image=&#8221;off&#8221; parallax=&#8221;on&#8221; parallax_method=&#8221;on&#8221; background_size=&#8221;cover&#8221; background_position=&#8221;center&#8221; background_repeat=&#8221;no-repeat&#8221; background_blend=&#8221;normal&#8221; allow_player_pause=&#8221;off&#8221; background_video_pause_outside_viewport=&#8221;on&#8221; use_bg_overlay=&#8221;off&#8221; use_text_overlay=&#8221;off&#8221; text_border_radius=&#8221;3&#8243; alignment=&#8221;center&#8221; child_filter_hue_rotate=&#8221;0deg&#8221; child_filter_saturate=&#8221;100%&#8221; child_filter_brightness=&#8221;100%&#8221; child_filter_contrast=&#8221;100%&#8221; child_filter_invert=&#8221;0%&#8221; child_filter_sepia=&#8221;0%&#8221; child_filter_opacity=&#8221;100%&#8221; child_filter_blur=&#8221;0px&#8221; child_mix_blend_mode=&#8221;normal&#8221; background_layout=&#8221;dark&#8221; text_shadow_style=&#8221;none&#8221; header_text_shadow_style=&#8221;none&#8221; body_text_shadow_style=&#8221;none&#8221; custom_button=&#8221;off&#8221; button_bg_use_color_gradient=&#8221;off&#8221; button_bg_color_gradient_overlays_image=&#8221;off&#8221; button_use_icon=&#8221;on&#8221; button_on_hover=&#8221;on&#8221; button_text_shadow_style=&#8221;none&#8221; box_shadow_style_button=&#8221;none&#8221; hover_transition_duration=&#8221;300ms&#8221; hover_transition_delay=&#8221;0ms&#8221; hover_transition_speed_curve=&#8221;ease&#8221; background_image=&#8221;https:\/\/oficinavirtual.tech\/wp-content\/uploads\/2019\/01\/Coworking2.jpg&#8221; text_shadow_horizontal_length=&#8221;0em&#8221; text_shadow_vertical_length=&#8221;0em&#8221; text_shadow_blur_strength=&#8221;0em&#8221; header_text_shadow_horizontal_length=&#8221;0em&#8221; header_text_shadow_vertical_length=&#8221;0em&#8221; header_text_shadow_blur_strength=&#8221;0em&#8221; body_text_shadow_horizontal_length=&#8221;0em&#8221; body_text_shadow_vertical_length=&#8221;0em&#8221; body_text_shadow_blur_strength=&#8221;0em&#8221; button_text_shadow_horizontal_length=&#8221;0em&#8221; button_text_shadow_vertical_length=&#8221;0em&#8221; button_text_shadow_blur_strength=&#8221;0em&#8221; header_text_color=&#8221;#30b6a4&#8243; body_text_color=&#8221;#30b6a4&#8243; \/][\/et_pb_fullwidth_slider][\/et_pb_section][et_pb_section bb_built=&#8221;1&#8243; fullwidth=&#8221;off&#8221; specialty=&#8221;off&#8221; prev_background_color=&#8221;#000000&#8243; next_background_color=&#8221;#000000&#8243;][et_pb_row][et_pb_column type=&#8221;4_4&#8243;][et_pb_text _builder_version=&#8221;3.17.6&#8243;]<\/p>\n<h1 style=\"text-align: center;\"><span style=\"color: #30b6a4;\">Coworking Virtual<\/span><\/h1>\n<p>&nbsp;<\/p>\n<p>Creemos de verdad en la <strong><span style=\"color: #30b6a4;\">econom\u00eda colaborativa<\/span><\/strong>, en ayudarnos mutuamente para poder competir con las grandes multinacionales aprovechando nuestros conocimientos y preocupaciones y, por qu\u00e9 no decirlo, nuestros recursos limitados.<\/p>\n<p>\u00danete a nuestra comunidad, no dejes pasar esta oportunidad. S\u00e9 un pionero gracias a la tecnolog\u00eda. Forma parte de algo grande mientras a\u00fan es peque\u00f1o.<\/p>\n<p>Colaborar por el beneficio de todos est\u00e1 a nuestro alcance. Es cierto que no todo el mundo sirve, pero si no lo hacemos, otros lo har\u00e1n por nosotros y nos quedaremos fuera de juego. Aprovecha ahora que estamos comenzando para unirte, despu\u00e9s ser\u00e1 tarde y esta va a ser la \u00fanica manera de poder competir de t\u00fa a t\u00fa con los gigantes empresariales.<\/p>\n<p>Aprovecha las ventajas de OficinaVirtual.Tech para poder hacerlo. Siempre al alcance de tu mano. No volver\u00e1s a sentirte solo. Accede a nuestra plataforma virtual, incluso desde tu m\u00f3vil, y olvida las distancias f\u00edsicas. Un lugar de encuentro para mentores, orientadores (coaches), colaboradores y &#8220;alumnos&#8221;.<\/p>\n<p>&nbsp;<\/p>\n<div class='et-box et-shadow'>\n\t\t\t\t\t<div class='et-box-content'><strong><span style=\"color: #30b6a4;\">Propondremos acciones formativas, accesos exclusivos a formaci\u00f3n y resoluci\u00f3n de cuestiones, desarrollaremos un chatbot para que tengas las respuestas a dudas anteriores en cualquier momento desde la nube.<\/span><\/strong><\/div><\/div>\n<p>&nbsp;<\/p>\n<p>Esta es una de nuestras propuestas desde la OaaS, aprovechar todo el potencial de las TICs (tecnolog\u00edas de la informaci\u00f3n y comunicaci\u00f3n). Hemos creado un espacio virtual en donde poder compartirlo todo.<\/p>\n<p>&nbsp;<\/p>\n<h6 style=\"text-align: center;\"><div class='et-box et-shadow'>\n\t\t\t\t\t<div class='et-box-content'><a href=\"https:\/\/oficinavirtual.tech\/index.php\/formarpartedelcoworkingvirtual\/\"><strong><span style=\"color: #30b6a4;\">Aprovecha que a\u00fan es gratuito para unirte<\/span><\/strong><\/a><\/div><\/div><\/h6>\n<p>[\/et_pb_text][\/et_pb_column][\/et_pb_row][\/et_pb_section][et_pb_section bb_built=&#8221;1&#8243; fullwidth=&#8221;off&#8221; specialty=&#8221;off&#8221; prev_background_color=&#8221;#000000&#8243;][et_pb_row _builder_version=&#8221;3.17.6&#8243;][et_pb_column type=&#8221;1_3&#8243;][et_pb_button admin_label=&#8221;Bot\u00f3nWhatsApp&#8221; _builder_version=&#8221;3.17.6&#8243; button_text=&#8221;Contacta por WhatsApp&#8221; url_new_window=&#8221;on&#8221; button_url=&#8221;https:\/\/api.whatsapp.com\/send?phone=34639565284&#8243; custom_button=&#8221;on&#8221; button_text_color=&#8221;#30b6a4&#8243; box_shadow_style=&#8221;preset1&#8243; \/][\/et_pb_column][et_pb_column type=&#8221;1_3&#8243;][et_pb_button _builder_version=&#8221;3.17.6&#8243; button_text=&#8221;Nuestros Servicios&#8221; button_url=&#8221;https:\/\/oficinavirtual.tech\/index.php\/servicios\/&#8221; custom_button=&#8221;on&#8221; button_text_color=&#8221;#30b6a4&#8243; box_shadow_style=&#8221;preset2&#8243; \/][\/et_pb_column][et_pb_column type=&#8221;1_3&#8243;][et_pb_button _builder_version=&#8221;3.17.6&#8243; button_text=&#8221;Contacta por eMail&#8221; button_url=&#8221;https:\/\/oficinavirtual.tech\/index.php\/contacto\/&#8221; url_new_window=&#8221;on&#8221; custom_button=&#8221;on&#8221; button_text_color=&#8221;#30b6a4&#8243; box_shadow_style=&#8221;preset2&#8243; \/][\/et_pb_column][\/et_pb_row][\/et_pb_section]<\/p>\n","protected":false},"excerpt":{"rendered":"<p>[et_pb_section bb_built=&#8221;1&#8243; fullwidth=&#8221;on&#8221; specialty=&#8221;off&#8221; next_background_color=&#8221;#000000&#8243;][et_pb_fullwidth_slider _builder_version=&#8221;3.17.6&#8243; background_color=&#8221;#30b6a4&#8243;][et_pb_slide _builder_version=&#8221;3.17.6&#8243; button_link=&#8221;#&#8221; url_new_window=&#8221;off&#8221; link_option_url_new_window=&#8221;off&#8221; background_color=&#8221;#2ea3f2&#8243; use_background_color_gradient=&#8221;off&#8221; background_color_gradient_start=&#8221;#2b87da&#8221; background_color_gradient_end=&#8221;#29c4a9&#8243; background_color_gradient_type=&#8221;linear&#8221; background_color_gradient_direction=&#8221;180deg&#8221; background_color_gradient_direction_radial=&#8221;center&#8221; background_color_gradient_start_position=&#8221;0%&#8221; background_color_gradient_end_position=&#8221;100%&#8221; background_color_gradient_overlays_image=&#8221;off&#8221; parallax=&#8221;on&#8221; parallax_method=&#8221;on&#8221; background_size=&#8221;cover&#8221; background_position=&#8221;center&#8221; background_repeat=&#8221;no-repeat&#8221; background_blend=&#8221;normal&#8221; allow_player_pause=&#8221;off&#8221; background_video_pause_outside_viewport=&#8221;on&#8221; use_bg_overlay=&#8221;off&#8221; use_text_overlay=&#8221;off&#8221; text_border_radius=&#8221;3&#8243; alignment=&#8221;center&#8221; child_filter_hue_rotate=&#8221;0deg&#8221; child_filter_saturate=&#8221;100%&#8221; child_filter_brightness=&#8221;100%&#8221; child_filter_contrast=&#8221;100%&#8221; child_filter_invert=&#8221;0%&#8221; child_filter_sepia=&#8221;0%&#8221; child_filter_opacity=&#8221;100%&#8221; child_filter_blur=&#8221;0px&#8221; child_mix_blend_mode=&#8221;normal&#8221; background_layout=&#8221;dark&#8221; text_shadow_style=&#8221;none&#8221; header_text_shadow_style=&#8221;none&#8221; body_text_shadow_style=&#8221;none&#8221; custom_button=&#8221;off&#8221; button_bg_use_color_gradient=&#8221;off&#8221; button_bg_color_gradient_overlays_image=&#8221;off&#8221; button_use_icon=&#8221;on&#8221; button_on_hover=&#8221;on&#8221; button_text_shadow_style=&#8221;none&#8221; box_shadow_style_button=&#8221;none&#8221; hover_transition_duration=&#8221;300ms&#8221; hover_transition_delay=&#8221;0ms&#8221; [&hellip;]<\/p>\n","protected":false},"author":1,"featured_media":0,"parent":0,"menu_order":0,"comment_status":"closed","ping_status":"closed","template":"","meta":{"_et_pb_use_builder":"on","_et_pb_old_content":"","footnotes":""},"_links":{"self":[{"href":"https:\/\/oficinavirtual.tech\/index.php\/wp-json\/wp\/v2\/pages\/405"}],"collection":[{"href":"https:\/\/oficinavirtual.tech\/index.php\/wp-json\/wp\/v2\/pages"}],"about":[{"href":"https:\/\/oficinavirtual.tech\/index.php\/wp-json\/wp\/v2\/types\/page"}],"author":[{"embeddable":true,"href":"https:\/\/oficinavirtual.tech\/index.php\/wp-json\/wp\/v2\/users\/1"}],"replies":[{"embeddable":true,"href":"https:\/\/oficinavirtual.tech\/index.php\/wp-json\/wp\/v2\/comments?post=405"}],"version-history":[{"count":0,"href":"https:\/\/oficinavirtual.tech\/index.php\/wp-json\/wp\/v2\/pages\/405\/revisions"}],"wp:attachment":[{"href":"https:\/\/oficinavirtual.tech\/index.php\/wp-json\/wp\/v2\/media?parent=405"}],"curies":[{"name":"wp","href":"https:\/\/api.w.org\/{rel}","templated":true}]}}