{"id":439,"date":"2019-01-28T13:33:18","date_gmt":"2019-01-28T13:33:18","guid":{"rendered":"https:\/\/oficinavirtual.tech\/?page_id=439"},"modified":"2019-06-21T14:11:32","modified_gmt":"2019-06-21T14:11:32","slug":"conocenos","status":"publish","type":"page","link":"https:\/\/oficinavirtual.tech\/index.php\/conocenos\/","title":{"rendered":"Con\u00f3cenos"},"content":{"rendered":"<p>[et_pb_section fb_built=&#8221;1&#8243; _builder_version=&#8221;3.22.3&#8243;][et_pb_row _builder_version=&#8221;3.25&#8243; background_size=&#8221;initial&#8221; background_position=&#8221;top_left&#8221; background_repeat=&#8221;repeat&#8221; column_structure=&#8221;2_5,3_5&#8243;][et_pb_column type=&#8221;2_5&#8243; _builder_version=&#8221;3.25&#8243; custom_padding=&#8221;|||&#8221; custom_padding__hover=&#8221;|||&#8221;][et_pb_image src=&#8221;https:\/\/oficinavirtual.tech\/wp-content\/uploads\/2019\/01\/linkedin.png&#8221; url=&#8221;https:\/\/www.linkedin.com\/in\/fernando-carrera-correa\/&#8221; align_tablet=&#8221;center&#8221; align_last_edited=&#8221;on|desktop&#8221; _builder_version=&#8221;3.23&#8243;][\/et_pb_image][\/et_pb_column][et_pb_column type=&#8221;3_5&#8243; _builder_version=&#8221;3.25&#8243; custom_padding=&#8221;|||&#8221; custom_padding__hover=&#8221;|||&#8221;][et_pb_text _builder_version=&#8221;3.17.6&#8243;]<\/p>\n<h2><span style=\"color: #30b6a4;\">\u00bfQu\u00e9 es OficinaVirtual.Tech?<\/span><\/h2>\n<p>&nbsp;<\/p>\n<p>Es la oficina de tu empresa.<\/p>\n<p>La que tendr\u00e1s siempre en tu m\u00f3vil, no necesitas espacio f\u00edsico, sin horarios, disponibles las 24 horas, escalable, que se adapta siempre al tama\u00f1o de tu empresa, con la que pagar\u00e1s solo por uso, solo por lo que consumas comenzar\u00e1s, empieza a eliminar los gastos fijos; al igual que te olvidar\u00e1s del papel y de los desplazamientos in\u00fatiles para t\u00ed y tus colaboradores, favoreciendo la integraci\u00f3n real para que puedas trabajar con personas independientemente de sus circunstancias y ubicaci\u00f3n.<\/p>\n<p>&nbsp;<\/p>\n<p>[\/et_pb_text][\/et_pb_column][\/et_pb_row][et_pb_row _builder_version=&#8221;3.25&#8243; background_size=&#8221;initial&#8221; background_position=&#8221;top_left&#8221; background_repeat=&#8221;repeat&#8221;][et_pb_column type=&#8221;4_4&#8243; _builder_version=&#8221;3.25&#8243; custom_padding=&#8221;|||&#8221; custom_padding__hover=&#8221;|||&#8221;][et_pb_text _builder_version=&#8221;3.17.6&#8243;]<\/p>\n<p>Somos un grupo de profesionales, encabezados por Fernando Carrera Correa, que creemos que<span style=\"color: #30b6a4;\"> la tecnolog\u00eda debe ayudarnos a ahorrar, a mejorar la calidad de vida, a poder colaborar eficientemente, a una real integraci\u00f3n de las personas y mejorar el medio ambiente<\/span>.<\/p>\n<p>Combinamos el entorno real y el tecnol\u00f3gico. Gracias a la nube lo hacemos realidad. Realizamos todas las tareas necesarias para tu empresa. Seas profesional, pyme o gran empresa, tenemos un plan para que puedas adaptarte (y te ense\u00f1amos c\u00f3mo hacerlo), a las nuevas tecnolog\u00edas y usarlas en tu beneficio.<\/p>\n<p>Si te dan miedo las TICs (tecnolog\u00edas de la informaci\u00f3n y la comunicaci\u00f3n), no te preocupes, te ense\u00f1amos a usarlas.<\/p>\n<p>[\/et_pb_text][\/et_pb_column][\/et_pb_row][et_pb_row _builder_version=&#8221;3.25&#8243; background_size=&#8221;initial&#8221; background_position=&#8221;top_left&#8221; background_repeat=&#8221;repeat&#8221;][et_pb_column type=&#8221;4_4&#8243; _builder_version=&#8221;3.25&#8243; custom_padding=&#8221;|||&#8221; custom_padding__hover=&#8221;|||&#8221;][et_pb_text _builder_version=&#8221;3.17.6&#8243;]<\/p>\n<div class=\"et-box et-shadow\">\n<div class=\"et-box-content\" style=\"text-align: center;\"><span style=\"color: #30b6a4;\">La tecnolog\u00eda ha llegado\u00a0para quedarse, beneficiate de todas sus posibilidades<\/span><\/div>\n<\/div>\n<p>[\/et_pb_text][\/et_pb_column][\/et_pb_row][et_pb_row _builder_version=&#8221;3.25&#8243; background_size=&#8221;initial&#8221; background_position=&#8221;top_left&#8221; background_repeat=&#8221;repeat&#8221; column_structure=&#8221;3_5,2_5&#8243;][et_pb_column type=&#8221;3_5&#8243; _builder_version=&#8221;3.25&#8243; custom_padding=&#8221;|||&#8221; custom_padding__hover=&#8221;|||&#8221;][et_pb_text _builder_version=&#8221;3.17.6&#8243;]<\/p>\n<p>Contamos con profesionales con m\u00e1s de 30 a\u00f1os de experiencia que est\u00e1n adaptados para darte las soluciones que m\u00e1s se adecuen a tu negocio. Tenemos experiencia, sabemos c\u00f3mo funciona el mercado, nos hemos formado y reciclado continuamente, evita cometer errores innecesarios.<\/p>\n<p>Proponemos alternativas, las que consideramos \u00f3ptimas para cada caso. Investigamos antes de dar soluciones y nos involucramos en el desarrollo e implantaci\u00f3n de las mismas. No te vamos a vender nada sin que sepas para qu\u00e9 sirve, c\u00f3mo implementarlo y hasta c\u00f3mo usarlo. No vas a recorrer el camino solo. As\u00ed que, puedes unirte a nosotros para ayudar o solicitarnos ayuda.<\/p>\n<p>Sabemos c\u00f3mo hacer que se incremente la productividad de tu negocio. Conocemos el camino para aumentar tu beneficio y tus ahorros. Queremos ayudarte a tener colaboradores m\u00e1s satisfechos y con mayor calidad de vida. Mejoramos el medio ambiente gracias a la eliminaci\u00f3n del papel en la empresa y a la reducci\u00f3n del consumo energ\u00e9tico.<\/p>\n<p>[\/et_pb_text][\/et_pb_column][et_pb_column type=&#8221;2_5&#8243; _builder_version=&#8221;3.25&#8243; custom_padding=&#8221;|||&#8221; custom_padding__hover=&#8221;|||&#8221;][et_pb_image src=&#8221;https:\/\/oficinavirtual.tech\/wp-content\/uploads\/2019\/01\/oficinavirtualinst-1-e1553528338890.jpg&#8221; align_tablet=&#8221;center&#8221; align_last_edited=&#8221;on|desktop&#8221; _builder_version=&#8221;3.23&#8243;][\/et_pb_image][\/et_pb_column][\/et_pb_row][et_pb_row _builder_version=&#8221;3.25&#8243; background_size=&#8221;initial&#8221; background_position=&#8221;top_left&#8221; background_repeat=&#8221;repeat&#8221;][et_pb_column type=&#8221;4_4&#8243; _builder_version=&#8221;3.25&#8243; custom_padding=&#8221;|||&#8221; custom_padding__hover=&#8221;|||&#8221;][et_pb_text _builder_version=&#8221;3.17.6&#8243;]<\/p>\n<h6 style=\"text-align: center;\"><strong><div class='et-box et-shadow'>\n\t\t\t\t\t<div class='et-box-content'><span style=\"color: #30b6a4;\">El mundo est\u00e1 cambiando\u00a0y vamos a ser parte activa de esa evoluci\u00f3n<\/span><\/div><\/div><\/strong><\/h6>\n<p>[\/et_pb_text][\/et_pb_column][\/et_pb_row][et_pb_row _builder_version=&#8221;3.25&#8243; background_size=&#8221;initial&#8221; background_position=&#8221;top_left&#8221; background_repeat=&#8221;repeat&#8221; column_structure=&#8221;2_5,3_5&#8243;][et_pb_column type=&#8221;2_5&#8243; _builder_version=&#8221;3.25&#8243; custom_padding=&#8221;|||&#8221; custom_padding__hover=&#8221;|||&#8221;][et_pb_image src=&#8221;https:\/\/oficinavirtual.tech\/wp-content\/uploads\/2018\/11\/music-818459_1920-e1553528193340.jpg&#8221; align_tablet=&#8221;center&#8221; align_last_edited=&#8221;on|desktop&#8221; _builder_version=&#8221;3.23&#8243;][\/et_pb_image][\/et_pb_column][et_pb_column type=&#8221;3_5&#8243; _builder_version=&#8221;3.25&#8243; custom_padding=&#8221;|||&#8221; custom_padding__hover=&#8221;|||&#8221;][et_pb_text _builder_version=&#8221;3.17.6&#8243;]<\/p>\n<p>Ofrecemos servicios escalables, porque no siempre las necesidades son las mismas y la adaptaci\u00f3n no puede ser traum\u00e1tica ni costosa ni, tampoco, duradera.<\/p>\n<p>No seas esclavo de tus costes fijos, adapta tus costes a tus necesidades, no lastres tu cuenta de resultados si tienes una reducci\u00f3n de ventas, no los incrementes salvo en momentos puntuales, cuando realmente son necesarios.<\/p>\n<p>No desaproveches recursos, c\u00e9ntrate en tu negocio y ten un proveedor de servicios global que te cobre por lo que uses en cada momento.\u00a0<\/p>\n<p>Utilizamos los recursos tecnol\u00f3gicos que existen en la actualidad para tu beneficio y creamos nuevos para usar los m\u00e1s modernos en provecho de todos.<\/p>\n<p>[\/et_pb_text][\/et_pb_column][\/et_pb_row][et_pb_row _builder_version=&#8221;3.25&#8243; background_size=&#8221;initial&#8221; background_position=&#8221;top_left&#8221; background_repeat=&#8221;repeat&#8221;][et_pb_column type=&#8221;4_4&#8243; _builder_version=&#8221;3.25&#8243; custom_padding=&#8221;|||&#8221; custom_padding__hover=&#8221;|||&#8221;][et_pb_text _builder_version=&#8221;3.17.6&#8243;]<\/p>\n<h6 style=\"text-align: center;\"><strong><div class='et-box et-shadow'>\n\t\t\t\t\t<div class='et-box-content'><span style=\"color: #30b6a4;\">Olvida la transformaci\u00f3n digital, s\u00e9 digital<\/span><\/div><\/div><\/strong><\/h6>\n<p>[\/et_pb_text][\/et_pb_column][\/et_pb_row][et_pb_row _builder_version=&#8221;3.25&#8243; background_size=&#8221;initial&#8221; background_position=&#8221;top_left&#8221; background_repeat=&#8221;repeat&#8221; column_structure=&#8221;3_5,2_5&#8243;][et_pb_column type=&#8221;3_5&#8243; _builder_version=&#8221;3.25&#8243; custom_padding=&#8221;|||&#8221; custom_padding__hover=&#8221;|||&#8221;][et_pb_text _builder_version=&#8221;3.17.6&#8243;]<\/p>\n<p>Los gastos en oficinas son la segunda gran partida de los gastos generales de las empresas despu\u00e9s de los salarios. Este tipo de gastos no ofrecen ning\u00fan valor a los negocios, tan solo son un lastre que nos hacen creer necesario.<\/p>\n<p>Los nuevos modelos de trabajo a distancia y las posibilidades que nos ofrece la nube, reducen de manera significativa la necesidad de las grandes oficinas. Si quieres motivar de verdad a tus colaboradores, \u00bfcrees que es necesario que pierdan tiempo en desplazarse hasta las oficinas cuando pueden realizar el mismo trabajo desde sus casas? Orienta a tus colaboradores hacia los resultados en lugar de hacia la presencia y la p\u00e9rdida de tiempo y de dinero en trasladarse.<\/p>\n<p>No decimos que no haya que reunirse de manera f\u00edsica, claro que no, pero \u00bfcu\u00e1ntas veces es realmente necesario? \u00bfCrees de verdad que necesitas tener una oficina, con toda la inversi\u00f3n y los gastos que conlleva, para tener unas pocas reuniones?<\/p>\n<p>&nbsp;<\/p>\n<p>[\/et_pb_text][\/et_pb_column][et_pb_column type=&#8221;2_5&#8243; _builder_version=&#8221;3.25&#8243; custom_padding=&#8221;|||&#8221; custom_padding__hover=&#8221;|||&#8221;][et_pb_image src=&#8221;https:\/\/oficinavirtual.tech\/wp-content\/uploads\/2019\/01\/field-533541_1920-e1553528236850.jpg&#8221; align_tablet=&#8221;center&#8221; align_last_edited=&#8221;on|desktop&#8221; _builder_version=&#8221;3.23&#8243;][\/et_pb_image][\/et_pb_column][\/et_pb_row][et_pb_row _builder_version=&#8221;3.25&#8243; background_size=&#8221;initial&#8221; background_position=&#8221;top_left&#8221; background_repeat=&#8221;repeat&#8221;][et_pb_column type=&#8221;4_4&#8243; _builder_version=&#8221;3.25&#8243; custom_padding=&#8221;|||&#8221; custom_padding__hover=&#8221;|||&#8221;][et_pb_text _builder_version=&#8221;3.17.6&#8243;]<\/p>\n<h6 style=\"text-align: center;\"><strong><div class='et-box et-shadow'>\n\t\t\t\t\t<div class='et-box-content'><span style=\"color: #30b6a4;\">No pierdas talento porque no vivan en tu ciudad o pa\u00eds<\/span><\/div><\/div><\/strong><\/h6>\n<p>[\/et_pb_text][\/et_pb_column][\/et_pb_row][et_pb_row _builder_version=&#8221;3.25&#8243; background_size=&#8221;initial&#8221; background_position=&#8221;top_left&#8221; background_repeat=&#8221;repeat&#8221; column_structure=&#8221;2_5,3_5&#8243;][et_pb_column type=&#8221;2_5&#8243; _builder_version=&#8221;3.25&#8243; custom_padding=&#8221;|||&#8221; custom_padding__hover=&#8221;|||&#8221;][et_pb_image src=&#8221;https:\/\/oficinavirtual.tech\/wp-content\/uploads\/2018\/11\/tablet-1075790_1920-e1553528287633.jpg&#8221; align_tablet=&#8221;center&#8221; align_last_edited=&#8221;on|desktop&#8221; _builder_version=&#8221;3.23&#8243;][\/et_pb_image][\/et_pb_column][et_pb_column type=&#8221;3_5&#8243; _builder_version=&#8221;3.25&#8243; custom_padding=&#8221;|||&#8221; custom_padding__hover=&#8221;|||&#8221;][et_pb_text _builder_version=&#8221;3.17.6&#8243;]<\/p>\n<p>Incrementa tus opciones de movilidad hasta el infinito. Si tienes personal de ventas o solamente colaboradores sentados delante de un ordenador o atendiendo un tel\u00e9fono, haz que puedan realizar todo su trabajo simplemente iniciando una sesi\u00f3n en un ordenador, tablet o smartprhone desde cualquier ubicaci\u00f3n.<\/p>\n<p>Olvida costosos servidores, alojamientos, software y seguridad, con las herramientas de nuestra oficina virtual podr\u00e1s enfocar tus recursos a lo que necesitas, ahorrando tiempo y dinero dejando que la Oficina como Servicio se encargue de todo ello. Si tienes estos servicios en la nube, no te tienes que preocupar de la obsolescencia o de las actualizaciones. Deja en el recuerdo la ca\u00edda de servidores y no poder realizar tareas debido a ello. Ya nos encargamos nosotros.<\/p>\n<p>No te preocupes de los atascos ni del mal tiempo, eso quedar\u00e1 en cosas del pasado.\u00a0<\/p>\n<p>[\/et_pb_text][\/et_pb_column][\/et_pb_row][et_pb_row _builder_version=&#8221;3.25&#8243; background_size=&#8221;initial&#8221; background_position=&#8221;top_left&#8221; background_repeat=&#8221;repeat&#8221;][et_pb_column type=&#8221;4_4&#8243; _builder_version=&#8221;3.25&#8243; custom_padding=&#8221;|||&#8221; custom_padding__hover=&#8221;|||&#8221;][et_pb_text _builder_version=&#8221;3.17.6&#8243;]<\/p>\n<h6 style=\"text-align: center;\"><strong><div class='et-box et-shadow'>\n\t\t\t\t\t<div class='et-box-content'><span style=\"color: #30b6a4;\">Tendr\u00e1s acceso a toda tu empresa desde cualquier lugar las 24 horas del d\u00eda, los 7 d\u00edas de la semana y los 365 d\u00edas del a\u00f1o, sin importar si es fin de semana, festivo o altas horas de la madrugada<\/span><\/div><\/div><\/strong><\/h6>\n<p>[\/et_pb_text][\/et_pb_column][\/et_pb_row][\/et_pb_section][et_pb_section fb_built=&#8221;1&#8243; _builder_version=&#8221;3.22.3&#8243;][et_pb_row _builder_version=&#8221;3.25&#8243; column_structure=&#8221;1_3,1_3,1_3&#8243;][et_pb_column type=&#8221;1_3&#8243; _builder_version=&#8221;3.25&#8243; custom_padding=&#8221;|||&#8221; custom_padding__hover=&#8221;|||&#8221;][et_pb_button button_url=&#8221;https:\/\/api.whatsapp.com\/send?phone=34639565284&#8243; url_new_window=&#8221;on&#8221; button_text=&#8221;Contacta por WhatsApp&#8221; admin_label=&#8221;Bot\u00f3nWhatsApp&#8221; _builder_version=&#8221;3.17.6&#8243; custom_button=&#8221;on&#8221; button_text_color=&#8221;#30b6a4&#8243; box_shadow_style=&#8221;preset1&#8243;][\/et_pb_button][\/et_pb_column][et_pb_column type=&#8221;1_3&#8243; _builder_version=&#8221;3.25&#8243; custom_padding=&#8221;|||&#8221; custom_padding__hover=&#8221;|||&#8221;][et_pb_button button_url=&#8221;https:\/\/oficinavirtual.tech\/index.php\/servicios\/&#8221; button_text=&#8221;Conoce nuestros Servicios&#8221; _builder_version=&#8221;3.17.6&#8243; custom_button=&#8221;on&#8221; button_text_color=&#8221;#30b6a4&#8243; box_shadow_style=&#8221;preset2&#8243;][\/et_pb_button][\/et_pb_column][et_pb_column type=&#8221;1_3&#8243; _builder_version=&#8221;3.25&#8243; custom_padding=&#8221;|||&#8221; custom_padding__hover=&#8221;|||&#8221;][et_pb_button button_url=&#8221;https:\/\/oficinavirtual.tech\/index.php\/contacto\/&#8221; url_new_window=&#8221;on&#8221; button_text=&#8221;Contacta por eMail&#8221; _builder_version=&#8221;3.17.6&#8243; custom_button=&#8221;on&#8221; button_text_color=&#8221;#30b6a4&#8243; box_shadow_style=&#8221;preset2&#8243;][\/et_pb_button][\/et_pb_column][\/et_pb_row][\/et_pb_section]<\/p>\n","protected":false},"excerpt":{"rendered":"<p>[et_pb_section fb_built=&#8221;1&#8243; _builder_version=&#8221;3.22.3&#8243;][et_pb_row _builder_version=&#8221;3.25&#8243; background_size=&#8221;initial&#8221; background_position=&#8221;top_left&#8221; background_repeat=&#8221;repeat&#8221; column_structure=&#8221;2_5,3_5&#8243;][et_pb_column type=&#8221;2_5&#8243; _builder_version=&#8221;3.25&#8243; custom_padding=&#8221;|||&#8221; custom_padding__hover=&#8221;|||&#8221;][et_pb_image src=&#8221;https:\/\/oficinavirtual.tech\/wp-content\/uploads\/2019\/01\/linkedin.png&#8221; url=&#8221;https:\/\/www.linkedin.com\/in\/fernando-carrera-correa\/&#8221; align_tablet=&#8221;center&#8221; align_last_edited=&#8221;on|desktop&#8221; _builder_version=&#8221;3.23&#8243;][\/et_pb_image][\/et_pb_column][et_pb_column type=&#8221;3_5&#8243; _builder_version=&#8221;3.25&#8243; custom_padding=&#8221;|||&#8221; custom_padding__hover=&#8221;|||&#8221;][et_pb_text _builder_version=&#8221;3.17.6&#8243;] \u00bfQu\u00e9 es OficinaVirtual.Tech? &nbsp; Es la oficina de tu empresa. La que tendr\u00e1s siempre en tu m\u00f3vil, no necesitas espacio f\u00edsico, sin horarios, disponibles las 24 horas, escalable, que se adapta siempre al [&hellip;]<\/p>\n","protected":false},"author":1,"featured_media":0,"parent":0,"menu_order":0,"comment_status":"closed","ping_status":"closed","template":"","meta":{"_et_pb_use_builder":"on","_et_pb_old_content":"","footnotes":""},"_links":{"self":[{"href":"https:\/\/oficinavirtual.tech\/index.php\/wp-json\/wp\/v2\/pages\/439"}],"collection":[{"href":"https:\/\/oficinavirtual.tech\/index.php\/wp-json\/wp\/v2\/pages"}],"about":[{"href":"https:\/\/oficinavirtual.tech\/index.php\/wp-json\/wp\/v2\/types\/page"}],"author":[{"embeddable":true,"href":"https:\/\/oficinavirtual.tech\/index.php\/wp-json\/wp\/v2\/users\/1"}],"replies":[{"embeddable":true,"href":"https:\/\/oficinavirtual.tech\/index.php\/wp-json\/wp\/v2\/comments?post=439"}],"version-history":[{"count":4,"href":"https:\/\/oficinavirtual.tech\/index.php\/wp-json\/wp\/v2\/pages\/439\/revisions"}],"predecessor-version":[{"id":798,"href":"https:\/\/oficinavirtual.tech\/index.php\/wp-json\/wp\/v2\/pages\/439\/revisions\/798"}],"wp:attachment":[{"href":"https:\/\/oficinavirtual.tech\/index.php\/wp-json\/wp\/v2\/media?parent=439"}],"curies":[{"name":"wp","href":"https:\/\/api.w.org\/{rel}","templated":true}]}}