{"id":468,"date":"2019-02-04T14:15:52","date_gmt":"2019-02-04T14:15:52","guid":{"rendered":"https:\/\/oficinavirtual.tech\/?page_id=468"},"modified":"2019-03-25T15:53:23","modified_gmt":"2019-03-25T15:53:23","slug":"chatbot-3","status":"publish","type":"page","link":"https:\/\/oficinavirtual.tech\/index.php\/chatbot-3\/","title":{"rendered":"chatbot"},"content":{"rendered":"<p>[et_pb_section bb_built=&#8221;1&#8243;][et_pb_row][et_pb_column type=&#8221;3_5&#8243;][et_pb_text _builder_version=&#8221;3.17.6&#8243;]<\/p>\n<p>En OficinaVirtual.Tech queremos que est\u00e9n en contacto permanente con todos los miembros de tu negocio. Ponemos a tu disposici\u00f3n herramientas para que puedas interactuar con ellos desde cualquier dispositivo e, incluso, de manera desatendida.\u00a0<\/p>\n<p>Dise\u00f1amos, desarrollamos y entrenamos <span style=\"color: #30b6a4;\"><a style=\"color: #30b6a4;\" href=\"https:\/\/es.wikipedia.org\/wiki\/Bot_conversacional\">bots conversacionales<\/a> <\/span>(chatbots) para cualquier necesidad que tengas.<\/p>\n<p>Ya seas gran empresa o PYME, nos adaptamos a tus necesidades para crecer juntos.<\/p>\n<p>Como muestra, un bot-on, en la parte inferior de la pantalla puedes conocer un poco c\u00f3mo funciona nuestro chatbot, en breve, podr\u00e1s comprobar c\u00f3mo funciona a trav\u00e9s de Telegram, Facebook Messenger, Goggle Assistant y otras plataformas.<\/p>\n<p>&nbsp;<\/p>\n<p>[\/et_pb_text][\/et_pb_column][et_pb_column type=&#8221;2_5&#8243;][et_pb_image _builder_version=&#8221;3.17.6&#8243; src=&#8221;https:\/\/oficinavirtual.tech\/wp-content\/uploads\/2019\/01\/chatbot-1-e1553507187557.jpg&#8221; \/][\/et_pb_column][\/et_pb_row][et_pb_row][et_pb_column type=&#8221;4_4&#8243;][et_pb_text _builder_version=&#8221;3.17.6&#8243;]<\/p>\n<h3><div class='et-box et-shadow'>\n\t\t\t\t\t<div class='et-box-content'><span style=\"color: #30b6a4;\">Tus clientes y colaboradores no tendr\u00e1n que instalarse ninguna App, estar\u00e1n en contacto contigo a trav\u00e9s de su aplicaci\u00f3n de mensajer\u00eda preferida<\/span><\/div><\/div><\/h3>\n<p>[\/et_pb_text][\/et_pb_column][\/et_pb_row][et_pb_row][et_pb_column type=&#8221;1_4&#8243;][et_pb_image _builder_version=&#8221;3.17.6&#8243; src=&#8221;https:\/\/oficinavirtual.tech\/wp-content\/uploads\/2019\/01\/botyverde-e1548715582326.jpg&#8221; \/][\/et_pb_column][et_pb_column type=&#8221;3_4&#8243;][et_pb_text _builder_version=&#8221;3.17.6&#8243;]<\/p>\n<h1><span style=\"color: #30b6a4;\">\u00bfC\u00f3mo lo hacemos?<\/span><\/h1>\n<p>&nbsp;<\/p>\n<p>Analizamos tus necesidades para ver cu\u00e1l es la mejor alternativa seg\u00fan tus necesidades.<\/p>\n<p>Estudiamos c\u00f3mo pueden fluir las conversaciones y realizamos un diagrama con las posibilidades conversacionales.<\/p>\n<p>Creamos las reglas y las normas necesarias para definir el comportamiento del asistente virtual.<\/p>\n<p>Utilizamos la Inteligencia Artificial y el Procesamiento Natural del Lenguaje en todo el proceso.<\/p>\n<p>Adaptamos el lenguaje del chatbot al canal empleado y lo entrenamos para que el grado de satisfacci\u00f3n de tu cliente con estos canales sea excelente.<\/p>\n<p>Implementamos el asistente virtual en tu\u00a0<span style=\"color: #30b6a4;\">Web<\/span>, <span style=\"color: #30b6a4;\">WhatsApp<\/span>, <span style=\"color: #30b6a4;\">Facebook Messenger<\/span>, <span style=\"color: #30b6a4;\">Telegram<\/span>, <span style=\"color: #30b6a4;\">Line<\/span>, <span style=\"color: #30b6a4;\">Skype<\/span>, <span style=\"color: #30b6a4;\">Slack<\/span>, <span style=\"color: #30b6a4;\">Twitter<\/span>, <span style=\"color: #30b6a4;\">Google<\/span> <span style=\"color: #30b6a4;\">Assistant<\/span> y <span style=\"color: #30b6a4;\">Alexa<\/span> de <span style=\"color: #30b6a4;\">Amazon<\/span>.<\/p>\n<p>[\/et_pb_text][\/et_pb_column][\/et_pb_row][et_pb_row][et_pb_column type=&#8221;4_4&#8243;][\/et_pb_column][\/et_pb_row][et_pb_row][et_pb_column type=&#8221;4_4&#8243;][et_pb_text _builder_version=&#8221;3.17.6&#8243;]<\/p>\n<p>En un mundo en donde la velocidad de las comunicaciones nos ha sumergido en la demanda de la inmediatez en todos los servicios, una empresa no puede permitirse el lujo de no atender a un cliente cuando \u00e9ste lo necesita.<\/p>\n<p>Es por ello que, acostumbrados a las herramientas de mensajer\u00eda, el contacto debe ser permanente, hay que prestar siempre soporte para la resoluci\u00f3n de incidencias o la venta.<\/p>\n<p>&nbsp;<\/p>\n<h3 style=\"text-align: center;\"><div class='et-box et-shadow'>\n\t\t\t\t\t<div class='et-box-content'><span style=\"color: #30b6a4;\">Puedes tener una p\u00e1gina web, pero si no est\u00e1s conectado con el cliente 24X7, de poco te va a servir<\/span><\/div><\/div><\/h3>\n<p>&nbsp;<\/p>\n<p>Nos encargamos de dar soluciones a este problema. Las webs no pueden ser est\u00e1ticas, es la mejor plataforma para conectarnos de manera permanente con el cliente y las aplicaciones de mensajer\u00eda, su canal preferido.<\/p>\n<p>Si a\u00fan no est\u00e1s preparado para que podamos desarrollarlo, no te preocupes. <span style=\"color: #30b6a4;\">Pon accesos directos<\/span> para que puedan contactar contigo mediante sus aplicaciones habituales de mensajer\u00eda.<\/p>\n<p>&nbsp;<\/p>\n<h3 style=\"text-align: center;\"><div class='et-box et-shadow'>\n\t\t\t\t\t<div class='et-box-content'><span style=\"color: #30b6a4;\">No dejes pasar ninguna oportunidad porque el cliente no pueda contactar contigo<\/span><\/div><\/div><\/h3>\n<p>&nbsp;<\/p>\n<p>Ponte en contacto con nosotros para que podamos darte un presupuesto a medida.<\/p>\n<p>[\/et_pb_text][\/et_pb_column][\/et_pb_row][et_pb_row _builder_version=&#8221;3.17.6&#8243;][et_pb_column type=&#8221;1_3&#8243;][et_pb_button admin_label=&#8221;Bot\u00f3nWhatsApp&#8221; _builder_version=&#8221;3.17.6&#8243; button_text=&#8221;Contacta por WhatsApp&#8221; url_new_window=&#8221;on&#8221; button_url=&#8221;https:\/\/api.whatsapp.com\/send?phone=34639565284&#8243; custom_button=&#8221;on&#8221; button_text_color=&#8221;#30b6a4&#8243; box_shadow_style=&#8221;preset1&#8243; \/][\/et_pb_column][et_pb_column type=&#8221;1_3&#8243;][et_pb_button _builder_version=&#8221;3.17.6&#8243; button_text=&#8221;Nuestros Servicios&#8221; button_url=&#8221;https:\/\/oficinavirtual.tech\/index.php\/servicios\/&#8221; custom_button=&#8221;on&#8221; button_text_color=&#8221;#30b6a4&#8243; box_shadow_style=&#8221;preset2&#8243; \/][\/et_pb_column][et_pb_column type=&#8221;1_3&#8243;][et_pb_button _builder_version=&#8221;3.17.6&#8243; button_text=&#8221;Contacta por eMail&#8221; button_url=&#8221;https:\/\/oficinavirtual.tech\/index.php\/contacto\/&#8221; url_new_window=&#8221;on&#8221; custom_button=&#8221;on&#8221; button_text_color=&#8221;#30b6a4&#8243; box_shadow_style=&#8221;preset2&#8243; \/][\/et_pb_column][\/et_pb_row][\/et_pb_section]<\/p>\n","protected":false},"excerpt":{"rendered":"<p>[et_pb_section bb_built=&#8221;1&#8243;][et_pb_row][et_pb_column type=&#8221;3_5&#8243;][et_pb_text _builder_version=&#8221;3.17.6&#8243;] En OficinaVirtual.Tech queremos que est\u00e9n en contacto permanente con todos los miembros de tu negocio. Ponemos a tu disposici\u00f3n herramientas para que puedas interactuar con ellos desde cualquier dispositivo e, incluso, de manera desatendida.\u00a0 Dise\u00f1amos, desarrollamos y entrenamos bots conversacionales (chatbots) para cualquier necesidad que tengas. Ya seas gran empresa o [&hellip;]<\/p>\n","protected":false},"author":1,"featured_media":0,"parent":0,"menu_order":0,"comment_status":"closed","ping_status":"closed","template":"","meta":{"_et_pb_use_builder":"on","_et_pb_old_content":"","footnotes":""},"_links":{"self":[{"href":"https:\/\/oficinavirtual.tech\/index.php\/wp-json\/wp\/v2\/pages\/468"}],"collection":[{"href":"https:\/\/oficinavirtual.tech\/index.php\/wp-json\/wp\/v2\/pages"}],"about":[{"href":"https:\/\/oficinavirtual.tech\/index.php\/wp-json\/wp\/v2\/types\/page"}],"author":[{"embeddable":true,"href":"https:\/\/oficinavirtual.tech\/index.php\/wp-json\/wp\/v2\/users\/1"}],"replies":[{"embeddable":true,"href":"https:\/\/oficinavirtual.tech\/index.php\/wp-json\/wp\/v2\/comments?post=468"}],"version-history":[{"count":1,"href":"https:\/\/oficinavirtual.tech\/index.php\/wp-json\/wp\/v2\/pages\/468\/revisions"}],"predecessor-version":[{"id":772,"href":"https:\/\/oficinavirtual.tech\/index.php\/wp-json\/wp\/v2\/pages\/468\/revisions\/772"}],"wp:attachment":[{"href":"https:\/\/oficinavirtual.tech\/index.php\/wp-json\/wp\/v2\/media?parent=468"}],"curies":[{"name":"wp","href":"https:\/\/api.w.org\/{rel}","templated":true}]}}