{"id":502,"date":"2019-02-06T12:03:10","date_gmt":"2019-02-06T12:03:10","guid":{"rendered":"https:\/\/oficinavirtual.tech\/?page_id=502"},"modified":"2019-03-25T15:51:04","modified_gmt":"2019-03-25T15:51:04","slug":"creando_empresas","status":"publish","type":"page","link":"https:\/\/oficinavirtual.tech\/index.php\/creando_empresas\/","title":{"rendered":"creando_empresas"},"content":{"rendered":"<p>[et_pb_section bb_built=&#8221;1&#8243; next_background_color=&#8221;#000000&#8243;][et_pb_row][et_pb_column type=&#8221;2_3&#8243;][et_pb_text _builder_version=&#8221;3.17.6&#8243;]<\/p>\n<p>Tanto si no sabes, como si no quieres encargarte de ello, aqu\u00ed estamos para ayudarte a comenzar tu actividad. Hacemos todos los tr\u00e1mites en tu nombre.<\/p>\n<p>La estructura que se necesita o desea tener es\u00a0 lo primero a decidir a la hora de crear una empresa. La primera opci\u00f3n es si se quiere <span style=\"color: #30b6a4;\">constituir una empresa o<\/span> si, por el contrario, se puede <span style=\"color: #30b6a4;\">ejercer la actividad como empresario o profesional<\/span> sin necesidad de constituirla.<\/p>\n<p>Siempre existe la posibilidad de comenzar la actividad como empresario y despu\u00e9s constituir una empresa, al rev\u00e9s es m\u00e1s complejo.<\/p>\n<p>La opci\u00f3n que selecciones es importante, sobre todo si vas a realizar <span style=\"color: #30b6a4;\">una actividad en solitario<\/span> y no es necesaria la constituci\u00f3n de la sociedad salvo por alg\u00fan requisito normativo.<\/p>\n<p>&nbsp;<\/p>\n<p>[\/et_pb_text][\/et_pb_column][et_pb_column type=&#8221;1_3&#8243;][et_pb_image _builder_version=&#8221;3.17.6&#8243; src=&#8221;https:\/\/oficinavirtual.tech\/wp-content\/uploads\/2019\/01\/creacion_de_empresas-e1553507291135.jpg&#8221; \/][\/et_pb_column][\/et_pb_row][et_pb_row][et_pb_column type=&#8221;4_4&#8243;][et_pb_text _builder_version=&#8221;3.17.6&#8243; text_orientation=&#8221;center&#8221;]<\/p>\n<p style=\"text-align: center;\"><div class='et-box et-shadow'>\n\t\t\t\t\t<div class='et-box-content'><span style=\"color: #30b6a4;\">Al principio es m\u00e1s barato, sencillo y pr\u00e1ctico trabajar como aut\u00f3nomo<\/span><\/div><\/div><\/p>\n<p>[\/et_pb_text][\/et_pb_column][\/et_pb_row][et_pb_row][et_pb_column type=&#8221;4_4&#8243;][et_pb_text _builder_version=&#8221;3.17.6&#8243;]<\/p>\n<h3 style=\"text-align: center;\"><span style=\"color: #30b6a4;\">Ventajas de comenzar como empresario frente a crear una empresa<\/span><\/h3>\n<p>&nbsp;<\/p>\n<p>Desde el <span style=\"color: #30b6a4;\">Punto de vista jur\u00eddico<\/span>\u00a0<\/p>\n<p>Para comenzar a ejercer la actividad debes analizar el posible riesgo sobre tu patrimonio que quieres asumir. Eso s\u00ed, en cualquier alternativa, las deudas con la seguridad social y hacienda ser\u00e1n siempre tu responsabilidad.<\/p>\n<p>Si te das de alta como <span style=\"color: #30b6a4;\">empresario<\/span>\u00a0o <span style=\"color: #30b6a4;\">profesional<\/span>, tienes que ser consciente de que <span style=\"color: #30b6a4;\">la responsabilidad alcanza a todo tu patrimonio.<\/span> La \u00fanica manera de evitarlo es darse de alta como &#8220;emprendedor de responsabilidad limitada&#8221;, con la obligaci\u00f3n de presentar cuentas al registro mercantil, igual que las empresas. La disminuci\u00f3n \u00fanicamente afectar\u00e1 a tu vivienda habitual (no siempre), con la restricci\u00f3n de la Seguridad Social y Hacienda.<\/p>\n<p>Una manera de cubrir esta responsabilidad es a trav\u00e9s de un seguro denominado de aut\u00f3nomos.<\/p>\n<p>Si constituyes una <span style=\"color: #30b6a4;\">sociedad<\/span>, tampoco vas a estar exento de responsabilidad. <span style=\"color: #30b6a4;\">En la pr\u00e1ctica<\/span>, el administrador de una sociedad y socio principal es <span style=\"color: #30b6a4;\">responsable de manera ilimitada<\/span> sin que operen los m\u00e1ximos te\u00f3ricos de la responsabilidad marcados en la ley de sociedades de capital.<\/p>\n<p>[\/et_pb_text][\/et_pb_column][\/et_pb_row][et_pb_row][et_pb_column type=&#8221;4_4&#8243;][et_pb_text _builder_version=&#8221;3.17.6&#8243; text_orientation=&#8221;center&#8221;]<\/p>\n<p style=\"text-align: center;\"><div class='et-box et-shadow'>\n\t\t\t\t\t<div class='et-box-content'><span style=\"color: #30b6a4;\"> Inicialmente, la responsabilidad civil ser\u00e1 la misma en ambos casos<\/span><\/div><\/div><\/p>\n<p>[\/et_pb_text][\/et_pb_column][\/et_pb_row][et_pb_row][et_pb_column type=&#8221;4_4&#8243;][et_pb_text _builder_version=&#8221;3.17.6&#8243;]<\/p>\n<p>Desde el <span style=\"color: #30b6a4;\">Punto de vista fiscal<\/span><\/p>\n<p>Este siempre es un punto clave a la hora de tomar la decisi\u00f3n. Incurrimos en muchos m\u00e1s gastos si lo hacemos de una manera o de otra.<\/p>\n<p>En un primer momento, y como hay que darse de alta en la Seguridad Social, dadas las ventajas que ahora mismo dan a los nuevos aut\u00f3nomos (o los que lleven dos a\u00f1os de baja en este r\u00e9gimen), parece m\u00e1s interesante comenzar as\u00ed la actividad.<\/p>\n<p>Si te das de alta como aut\u00f3nomo, digan lo que digan, obligatorio para evitar problemas si facturas, hay dos alternativas:<\/p>\n<ul>\n<li>Alta en el reta (r\u00e9gimen especial de trabajadores aut\u00f3nomos)<\/li>\n<li>o como aut\u00f3nomo societario, si es que has constituido una sociedad.<\/li>\n<\/ul>\n<p>En el primer caso, pagamos una tarifa plana durante el primer a\u00f1o de 60 euros al mes; en el segundo caso, pagamos 364,2\u20ac al mes, es decir, 314,2 euros m\u00e1s por mes. As\u00ed que, si me preguntas, te dir\u00e9 lo obvio, con ese dinero se pueden hacer muchas cosas y m\u00e1s, al principio.<\/p>\n<p>Pero no es esta la \u00fanica diferencia a tener en cuenta, puesto que si facturaras menos de 70 mil euros al a\u00f1o, entonces es m\u00e1s interesante la tributaci\u00f3n como persona f\u00edsica. En otras palabras, pagar\u00e1s menos impuestos ingresando y gastando lo mismo. Las sociedades tributan al 25%, mientras que como persona f\u00edsica, para llegar a ese porcentaje debes ingresar m\u00e1s de 70 mil euros al a\u00f1o.<\/p>\n<p>Si la sociedad que creas no tiene empleados ni una infraestructura claramente diferenciada de tu entorno personal, entonces la Administraci\u00f3n Tributaria puede considerar que est\u00e1s incurriendo en un fraude.\u00a0<\/p>\n<p>&nbsp;<\/p>\n<p>[\/et_pb_text][\/et_pb_column][\/et_pb_row][et_pb_row][et_pb_column type=&#8221;4_4&#8243;][et_pb_text _builder_version=&#8221;3.17.6&#8243; text_orientation=&#8221;center&#8221;]<\/p>\n<p style=\"text-align: center;\"><div class='et-box et-shadow'>\n\t\t\t\t\t<div class='et-box-content'><span style=\"color: #30b6a4;\">Si solo vas a prestar servicios profesionales sin empleados ni estructura evita problemas, no crees una empresa\u00a0<\/span><\/div><\/div><\/p>\n<p>&nbsp;<\/p>\n<p>&nbsp;<\/p>\n<p>[\/et_pb_text][\/et_pb_column][\/et_pb_row][et_pb_row][et_pb_column type=&#8221;4_4&#8243;][et_pb_text _builder_version=&#8221;3.17.6&#8243;]<\/p>\n<p>Desde el <span style=\"color: #30b6a4;\">Punto de vista pr\u00e1ctivo<\/span><\/p>\n<p>Las sociedades tienen que cumplir unas obligaciones que son innecesarias para los aut\u00f3nomos y que, como es l\u00f3gico, te har\u00e1n incurrir en gastos. Las principales obligaciones a complementar son las mercantiles, pasemos a detallarlas.<\/p>\n<p>La primera de ellas es la <span style=\"color: #30b6a4;\">Constituci\u00f3n<\/span>. Esta obligaci\u00f3n lleva aparejado el gasto de la solicitud del nombre en el Registro Mercantil, adem\u00e1s de los gastos de Notar\u00eda y Registro. Sin olvidar tampoco que hay que <span style=\"color: #30b6a4;\">desembolsar el capital<\/span> o aportar bienes a la sociedad.<\/p>\n<p>La segunda es la llevanza de la <span style=\"color: #30b6a4;\">contabilidad<\/span>. Un aut\u00f3nomo no tiene obligaci\u00f3n de llevar la contabilidad seg\u00fan lo establecido por la legislaci\u00f3n mercantil y el C\u00f3digo de Comercio (hay excepciones).<\/p>\n<p>Sin embargo, en el caso de las sociedades, hay que tener los libros legalizados, llevar correctamente a contabilidad (de manera interna o externa), conservar toda la documentaci\u00f3n y, por supuesto, aprobar y depositar las cuentas.<\/p>\n<p>La tercera es un poco m\u00e1s cuestionable, se dice que la <span style=\"color: #30b6a4;\">imagen<\/span> frente a terceros es m\u00e1s profesional si representas a una empresa. No creo que un CIF aporte profesionalidad, pero para gustos, colores. Igualmente a la hora de <span style=\"color: #30b6a4;\">solicitar financiaci\u00f3n bancaria<\/span> pero, la realidad es que, si est\u00e1s comenzando, te pedir\u00e1n que avales con tus bienes. En la actualidad, es m\u00e1s sencillo obtener ayudas como emprendedor que como empresa.<\/p>\n<p>Por \u00faltimo, cada vez que realices una modificaci\u00f3n en la compa\u00f1\u00eda (cambio de domicilio, socios, acuerdos societarios&#8230;) y, como m\u00ednimo una vez al a\u00f1o, deber\u00e1s pasar por el Notario y abonar los gastos del Registro Mercantil. \u00bfPor qu\u00e9 una vez al a\u00f1o? Sencillamente porque hay que celebrar una <span style=\"color: #30b6a4;\">Junta General Ordinaria<\/span> de socios o part\u00edcipes en la cual se aprobar\u00e1n las cuentas anuales.<\/p>\n<p>[\/et_pb_text][\/et_pb_column][\/et_pb_row][et_pb_row][et_pb_column type=&#8221;4_4&#8243;][et_pb_text _builder_version=&#8221;3.17.6&#8243; text_orientation=&#8221;center&#8221;]<\/p>\n<p style=\"text-align: center;\"><div class='et-box et-shadow'>\n\t\t\t\t\t<div class='et-box-content'><span style=\"color: #30b6a4;\">Menos obligaciones como aut\u00f3nomo, menos gastos\u00a0<\/span><\/div><\/div><\/p>\n<p>&nbsp;<\/p>\n<p>&nbsp;<\/p>\n<p>[\/et_pb_text][\/et_pb_column][\/et_pb_row][et_pb_row][et_pb_column type=&#8221;4_4&#8243;][et_pb_text _builder_version=&#8221;3.17.6&#8243;]<\/p>\n<p>Si a\u00fan tienes dudas, <a href=\"https:\/\/oficinavirtual.tech\/index.php\/contacto\/\"><span style=\"color: #30b6a4;\">contacta<\/span> <\/a>y te ayudamos a resolverlas.<\/p>\n<p>[\/et_pb_text][\/et_pb_column][\/et_pb_row][\/et_pb_section][et_pb_section bb_built=&#8221;1&#8243; fullwidth=&#8221;off&#8221; specialty=&#8221;off&#8221; prev_background_color=&#8221;#000000&#8243; next_background_color=&#8221;#000000&#8243;][et_pb_row][et_pb_column type=&#8221;4_4&#8243;][et_pb_pricing_tables _builder_version=&#8221;3.17.6&#8243; featured_table_background_color=&#8221;#30b6a4&#8243; header_font=&#8221;Ubuntu||||||||&#8221; center_list_items=&#8221;on&#8221; header_background_color=&#8221;#30b6a4&#8243; featured_table_bullet_color=&#8221;#30b6a4&#8243; featured_table_header_background_color=&#8221;#30b6a4&#8243; body_font=&#8221;Ubuntu||on||||||&#8221; subheader_text_color=&#8221;#30b6a4&#8243; header_text_align=&#8221;center&#8221; button_alignment=&#8221;center&#8221; bullet_color=&#8221;#30b6a4&#8243; featured_table_subheader_text_color=&#8221;#30b6a4&#8243; price_font=&#8221;Ubuntu||||||||&#8221; price_text_color=&#8221;#30b6a4&#8243; featured_table_price_color=&#8221;#30b6a4&#8243; border_color_all=&#8221;#30b6a4&#8243; show_bullet=&#8221;off&#8221; background_color=&#8221;rgba(135,135,135,0.31)&#8221; show_featured_drop_shadow=&#8221;off&#8221; custom_button=&#8221;on&#8221; button_text_color=&#8221;#30b6a4&#8243;][et_pb_pricing_table _builder_version=&#8221;3.17.6&#8243; title=&#8221;Aut\u00f3nomo&#8221; currency=&#8221;\u20ac&#8221; per=&#8221;90,75 con IVA&#8221; sum=&#8221;75&#8243; url_new_window=&#8221;off&#8221; link_option_url_new_window=&#8221;off&#8221; use_background_color_gradient=&#8221;off&#8221; background_color_gradient_start=&#8221;#2b87da&#8221; background_color_gradient_end=&#8221;#29c4a9&#8243; background_color_gradient_type=&#8221;linear&#8221; background_color_gradient_direction=&#8221;180deg&#8221; background_color_gradient_direction_radial=&#8221;center&#8221; background_color_gradient_start_position=&#8221;0%&#8221; background_color_gradient_end_position=&#8221;100%&#8221; background_color_gradient_overlays_image=&#8221;off&#8221; parallax=&#8221;off&#8221; parallax_method=&#8221;on&#8221; background_size=&#8221;cover&#8221; background_position=&#8221;center&#8221; background_repeat=&#8221;no-repeat&#8221; background_blend=&#8221;normal&#8221; allow_player_pause=&#8221;off&#8221; background_video_pause_outside_viewport=&#8221;on&#8221; featured=&#8221;off&#8221; text_shadow_style=&#8221;none&#8221; header_text_shadow_style=&#8221;none&#8221; body_text_shadow_style=&#8221;none&#8221; subheader_text_shadow_style=&#8221;none&#8221; currency_frequency_text_shadow_style=&#8221;none&#8221; price_text_shadow_style=&#8221;none&#8221; button_text_shadow_style=&#8221;none&#8221; box_shadow_style_button=&#8221;none&#8221; box_shadow_style=&#8221;preset2&#8243; hover_transition_duration=&#8221;300ms&#8221; hover_transition_delay=&#8221;0ms&#8221; hover_transition_speed_curve=&#8221;ease&#8221; text_shadow_horizontal_length=&#8221;0em&#8221; text_shadow_vertical_length=&#8221;0em&#8221; text_shadow_blur_strength=&#8221;0em&#8221; header_text_shadow_horizontal_length=&#8221;0em&#8221; header_text_shadow_vertical_length=&#8221;0em&#8221; header_text_shadow_blur_strength=&#8221;0em&#8221; body_text_shadow_horizontal_length=&#8221;0em&#8221; body_text_shadow_vertical_length=&#8221;0em&#8221; body_text_shadow_blur_strength=&#8221;0em&#8221; subheader_text_shadow_horizontal_length=&#8221;0em&#8221; subheader_text_shadow_vertical_length=&#8221;0em&#8221; subheader_text_shadow_blur_strength=&#8221;0em&#8221; currency_frequency_text_shadow_horizontal_length=&#8221;0em&#8221; currency_frequency_text_shadow_vertical_length=&#8221;0em&#8221; currency_frequency_text_shadow_blur_strength=&#8221;0em&#8221; price_text_shadow_horizontal_length=&#8221;0em&#8221; price_text_shadow_vertical_length=&#8221;0em&#8221; price_text_shadow_blur_strength=&#8221;0em&#8221; button_text_shadow_horizontal_length=&#8221;0em&#8221; button_text_shadow_vertical_length=&#8221;0em&#8221; button_text_shadow_blur_strength=&#8221;0em&#8221; pricing_item_excluded_color=&#8221;#30b6a4&#8243; header_font=&#8221;||||||||&#8221; body_font=&#8221;Ubuntu||||||||&#8221; subheader_font=&#8221;Ubuntu||||||||&#8221; currency_frequency_font=&#8221;Ubuntu||||||||&#8221; box_shadow_horizontal=&#8221;6px&#8221; box_shadow_vertical=&#8221;6px&#8221; box_shadow_blur=&#8221;18px&#8221; box_shadow_spread=&#8221;0px&#8221; price_font=&#8221;||||||||&#8221; custom_button=&#8221;off&#8221; button_bg_use_color_gradient=&#8221;off&#8221; button_bg_color_gradient_overlays_image=&#8221;off&#8221; button_use_icon=&#8221;on&#8221; button_on_hover=&#8221;on&#8221;]<\/p>\n<p>Alta en la Agencia Tributaria<\/p>\n<p>Alta en RETA de la Seguridad Social<\/p>\n<p>Emisi\u00f3n de Certificado Digital<\/p>\n<p>Gesti\u00f3n contrataci\u00f3n de Dominio<\/p>\n<p>Gesti\u00f3n contrataci\u00f3n Alojamiento Web<\/p>\n<p>Creaci\u00f3n de hasta 5 cuentas de email<\/p>\n<p>[\/et_pb_pricing_table][et_pb_pricing_table _builder_version=&#8221;3.17.6&#8243; title=&#8221;Empresa Classic&#8221; currency=&#8221;\u20ac&#8221; per=&#8221;181,5 con IVA&#8221; sum=&#8221;150&#8243; url_new_window=&#8221;off&#8221; link_option_url_new_window=&#8221;off&#8221; use_background_color_gradient=&#8221;off&#8221; background_color_gradient_start=&#8221;#2b87da&#8221; background_color_gradient_end=&#8221;#29c4a9&#8243; background_color_gradient_type=&#8221;linear&#8221; background_color_gradient_direction=&#8221;180deg&#8221; background_color_gradient_direction_radial=&#8221;center&#8221; background_color_gradient_start_position=&#8221;0%&#8221; background_color_gradient_end_position=&#8221;100%&#8221; background_color_gradient_overlays_image=&#8221;off&#8221; parallax=&#8221;off&#8221; parallax_method=&#8221;on&#8221; background_size=&#8221;cover&#8221; background_position=&#8221;center&#8221; background_repeat=&#8221;no-repeat&#8221; background_blend=&#8221;normal&#8221; allow_player_pause=&#8221;off&#8221; background_video_pause_outside_viewport=&#8221;on&#8221; featured=&#8221;off&#8221; text_shadow_style=&#8221;none&#8221; header_text_shadow_style=&#8221;none&#8221; body_text_shadow_style=&#8221;none&#8221; subheader_text_shadow_style=&#8221;none&#8221; currency_frequency_text_shadow_style=&#8221;none&#8221; price_text_shadow_style=&#8221;none&#8221; button_text_shadow_style=&#8221;none&#8221; box_shadow_style_button=&#8221;none&#8221; box_shadow_style=&#8221;preset2&#8243; hover_transition_duration=&#8221;300ms&#8221; hover_transition_delay=&#8221;0ms&#8221; hover_transition_speed_curve=&#8221;ease&#8221; text_shadow_horizontal_length=&#8221;0em&#8221; text_shadow_vertical_length=&#8221;0em&#8221; text_shadow_blur_strength=&#8221;0em&#8221; header_text_shadow_horizontal_length=&#8221;0em&#8221; header_text_shadow_vertical_length=&#8221;0em&#8221; header_text_shadow_blur_strength=&#8221;0em&#8221; body_text_shadow_horizontal_length=&#8221;0em&#8221; body_text_shadow_vertical_length=&#8221;0em&#8221; body_text_shadow_blur_strength=&#8221;0em&#8221; subheader_text_shadow_horizontal_length=&#8221;0em&#8221; subheader_text_shadow_vertical_length=&#8221;0em&#8221; subheader_text_shadow_blur_strength=&#8221;0em&#8221; currency_frequency_text_shadow_horizontal_length=&#8221;0em&#8221; currency_frequency_text_shadow_vertical_length=&#8221;0em&#8221; currency_frequency_text_shadow_blur_strength=&#8221;0em&#8221; price_text_shadow_horizontal_length=&#8221;0em&#8221; price_text_shadow_vertical_length=&#8221;0em&#8221; price_text_shadow_blur_strength=&#8221;0em&#8221; button_text_shadow_horizontal_length=&#8221;0em&#8221; button_text_shadow_vertical_length=&#8221;0em&#8221; button_text_shadow_blur_strength=&#8221;0em&#8221; pricing_item_excluded_color=&#8221;#30b6a4&#8243; header_font=&#8221;||||||||&#8221; body_font=&#8221;Ubuntu||||||||&#8221; subheader_font=&#8221;Ubuntu||||||||&#8221; currency_frequency_font=&#8221;Ubuntu||||||||&#8221; box_shadow_horizontal=&#8221;6px&#8221; box_shadow_vertical=&#8221;6px&#8221; box_shadow_blur=&#8221;18px&#8221; box_shadow_spread=&#8221;0px&#8221; price_font=&#8221;||||||||&#8221; custom_button=&#8221;off&#8221; button_bg_use_color_gradient=&#8221;off&#8221; button_bg_color_gradient_overlays_image=&#8221;off&#8221; button_use_icon=&#8221;on&#8221; button_on_hover=&#8221;on&#8221;]<\/p>\n<p>Solicitud de Certificaci\u00f3n del nombre&nbsp;al Registro Mercantil<\/p>\n<p>Apertura de cuenta a nombre de la Sociedad o asesoramiento sobre bienes a incluir<\/p>\n<p>Elaboraci\u00f3n de Estatutos Sociales<\/p>\n<p>Gestiones de Notaria<\/p>\n<p>Inscripci\u00f3n en el Registro Mercantil<\/p>\n<p>Solicitud de NIF definitivo ante la Agencia Tributaria<\/p>\n<p>Alta en el Impuesto de Actividades Econ\u00f3micas<\/p>\n<p>Liquidaci\u00f3n del Impuesto de Transmisiones Patrimoniales<\/p>\n<p>Alta en la Seguridad Social<\/p>\n<p>Alta como aut\u00f3nomo societario hasta 3 socios<\/p>\n<p>[\/et_pb_pricing_table][et_pb_pricing_table _builder_version=&#8221;3.17.6&#8243; title=&#8221;Empresa Premium&#8221; currency=&#8221;\u20ac&#8221; per=&#8221;242 con IVA&#8221; sum=&#8221;200&#8243; url_new_window=&#8221;off&#8221; link_option_url_new_window=&#8221;off&#8221; use_background_color_gradient=&#8221;off&#8221; background_color_gradient_start=&#8221;#2b87da&#8221; background_color_gradient_end=&#8221;#29c4a9&#8243; background_color_gradient_type=&#8221;linear&#8221; background_color_gradient_direction=&#8221;180deg&#8221; background_color_gradient_direction_radial=&#8221;center&#8221; background_color_gradient_start_position=&#8221;0%&#8221; background_color_gradient_end_position=&#8221;100%&#8221; background_color_gradient_overlays_image=&#8221;off&#8221; parallax=&#8221;off&#8221; parallax_method=&#8221;on&#8221; background_size=&#8221;cover&#8221; background_position=&#8221;center&#8221; background_repeat=&#8221;no-repeat&#8221; background_blend=&#8221;normal&#8221; allow_player_pause=&#8221;off&#8221; background_video_pause_outside_viewport=&#8221;on&#8221; featured=&#8221;off&#8221; text_shadow_style=&#8221;none&#8221; header_text_shadow_style=&#8221;none&#8221; body_text_shadow_style=&#8221;none&#8221; subheader_text_shadow_style=&#8221;none&#8221; currency_frequency_text_shadow_style=&#8221;none&#8221; price_text_shadow_style=&#8221;none&#8221; button_text_shadow_style=&#8221;none&#8221; box_shadow_style_button=&#8221;none&#8221; box_shadow_style=&#8221;preset2&#8243; hover_transition_duration=&#8221;300ms&#8221; hover_transition_delay=&#8221;0ms&#8221; hover_transition_speed_curve=&#8221;ease&#8221; text_shadow_horizontal_length=&#8221;0em&#8221; text_shadow_vertical_length=&#8221;0em&#8221; text_shadow_blur_strength=&#8221;0em&#8221; header_text_shadow_horizontal_length=&#8221;0em&#8221; header_text_shadow_vertical_length=&#8221;0em&#8221; header_text_shadow_blur_strength=&#8221;0em&#8221; body_text_shadow_horizontal_length=&#8221;0em&#8221; body_text_shadow_vertical_length=&#8221;0em&#8221; body_text_shadow_blur_strength=&#8221;0em&#8221; subheader_text_shadow_horizontal_length=&#8221;0em&#8221; subheader_text_shadow_vertical_length=&#8221;0em&#8221; subheader_text_shadow_blur_strength=&#8221;0em&#8221; currency_frequency_text_shadow_horizontal_length=&#8221;0em&#8221; currency_frequency_text_shadow_vertical_length=&#8221;0em&#8221; currency_frequency_text_shadow_blur_strength=&#8221;0em&#8221; price_text_shadow_horizontal_length=&#8221;0em&#8221; price_text_shadow_vertical_length=&#8221;0em&#8221; price_text_shadow_blur_strength=&#8221;0em&#8221; button_text_shadow_horizontal_length=&#8221;0em&#8221; button_text_shadow_vertical_length=&#8221;0em&#8221; button_text_shadow_blur_strength=&#8221;0em&#8221; pricing_item_excluded_color=&#8221;#30b6a4&#8243; header_font=&#8221;||||||||&#8221; body_font=&#8221;Ubuntu||||||||&#8221; subheader_font=&#8221;Ubuntu||||||||&#8221; currency_frequency_font=&#8221;Ubuntu||||||||&#8221; box_shadow_horizontal=&#8221;6px&#8221; box_shadow_vertical=&#8221;6px&#8221; box_shadow_blur=&#8221;18px&#8221; box_shadow_spread=&#8221;0px&#8221; price_font=&#8221;||||||||&#8221; custom_button=&#8221;off&#8221; button_bg_use_color_gradient=&#8221;off&#8221; button_bg_color_gradient_overlays_image=&#8221;off&#8221; button_use_icon=&#8221;on&#8221; button_on_hover=&#8221;on&#8221; button_text=&#8221;Contratar&#8221;]<\/p>\n<p>Adem\u00e1s de lo incluido en <strong>Empresa Classic<\/strong><\/p>\n<p>Gesti\u00f3n contrataci\u00f3n de Dominio<\/p>\n<p>Gesti\u00f3n contrataci\u00f3n Alojamiento Web<\/p>\n<p>Creaci\u00f3n de hasta 10 cuentas de email<\/p>\n<p>[\/et_pb_pricing_table][\/et_pb_pricing_tables][\/et_pb_column][\/et_pb_row][\/et_pb_section][et_pb_section bb_built=&#8221;1&#8243; fullwidth=&#8221;off&#8221; specialty=&#8221;off&#8221; prev_background_color=&#8221;#000000&#8243;][et_pb_row _builder_version=&#8221;3.17.6&#8243;][et_pb_column type=&#8221;1_3&#8243;][et_pb_button admin_label=&#8221;Bot\u00f3nWhatsApp&#8221; _builder_version=&#8221;3.17.6&#8243; button_text=&#8221;Contacta por WhatsApp&#8221; url_new_window=&#8221;on&#8221; button_url=&#8221;https:\/\/api.whatsapp.com\/send?phone=34639565284&#8243; custom_button=&#8221;on&#8221; button_text_color=&#8221;#30b6a4&#8243; box_shadow_style=&#8221;preset1&#8243; \/][\/et_pb_column][et_pb_column type=&#8221;1_3&#8243;][et_pb_button _builder_version=&#8221;3.17.6&#8243; button_text=&#8221;Nuestros Servicios&#8221; button_url=&#8221;https:\/\/oficinavirtual.tech\/index.php\/servicios\/&#8221; custom_button=&#8221;on&#8221; button_text_color=&#8221;#30b6a4&#8243; box_shadow_style=&#8221;preset2&#8243; \/][\/et_pb_column][et_pb_column type=&#8221;1_3&#8243;][et_pb_button _builder_version=&#8221;3.17.6&#8243; button_text=&#8221;Contacta por eMail&#8221; button_url=&#8221;https:\/\/oficinavirtual.tech\/index.php\/contacto\/&#8221; url_new_window=&#8221;on&#8221; custom_button=&#8221;on&#8221; button_text_color=&#8221;#30b6a4&#8243; box_shadow_style=&#8221;preset2&#8243; \/][\/et_pb_column][\/et_pb_row][\/et_pb_section]<\/p>\n","protected":false},"excerpt":{"rendered":"<p>[et_pb_section bb_built=&#8221;1&#8243; next_background_color=&#8221;#000000&#8243;][et_pb_row][et_pb_column type=&#8221;2_3&#8243;][et_pb_text _builder_version=&#8221;3.17.6&#8243;] Tanto si no sabes, como si no quieres encargarte de ello, aqu\u00ed estamos para ayudarte a comenzar tu actividad. Hacemos todos los tr\u00e1mites en tu nombre. La estructura que se necesita o desea tener es\u00a0 lo primero a decidir a la hora de crear una empresa. La primera opci\u00f3n es [&hellip;]<\/p>\n","protected":false},"author":1,"featured_media":0,"parent":0,"menu_order":0,"comment_status":"closed","ping_status":"closed","template":"","meta":{"_et_pb_use_builder":"on","_et_pb_old_content":"","footnotes":""},"_links":{"self":[{"href":"https:\/\/oficinavirtual.tech\/index.php\/wp-json\/wp\/v2\/pages\/502"}],"collection":[{"href":"https:\/\/oficinavirtual.tech\/index.php\/wp-json\/wp\/v2\/pages"}],"about":[{"href":"https:\/\/oficinavirtual.tech\/index.php\/wp-json\/wp\/v2\/types\/page"}],"author":[{"embeddable":true,"href":"https:\/\/oficinavirtual.tech\/index.php\/wp-json\/wp\/v2\/users\/1"}],"replies":[{"embeddable":true,"href":"https:\/\/oficinavirtual.tech\/index.php\/wp-json\/wp\/v2\/comments?post=502"}],"version-history":[{"count":1,"href":"https:\/\/oficinavirtual.tech\/index.php\/wp-json\/wp\/v2\/pages\/502\/revisions"}],"predecessor-version":[{"id":767,"href":"https:\/\/oficinavirtual.tech\/index.php\/wp-json\/wp\/v2\/pages\/502\/revisions\/767"}],"wp:attachment":[{"href":"https:\/\/oficinavirtual.tech\/index.php\/wp-json\/wp\/v2\/media?parent=502"}],"curies":[{"name":"wp","href":"https:\/\/api.w.org\/{rel}","templated":true}]}}