{"id":561,"date":"2019-02-26T09:26:12","date_gmt":"2019-02-26T09:26:12","guid":{"rendered":"https:\/\/oficinavirtual.tech\/?page_id=561"},"modified":"2019-03-25T15:51:36","modified_gmt":"2019-03-25T15:51:36","slug":"contabilidad-2","status":"publish","type":"page","link":"https:\/\/oficinavirtual.tech\/index.php\/contabilidad-2\/","title":{"rendered":"contabilidad"},"content":{"rendered":"<p>[et_pb_section bb_built=&#8221;1&#8243; next_background_color=&#8221;#000000&#8243;][et_pb_row][et_pb_column type=&#8221;3_5&#8243;][et_pb_text _builder_version=&#8221;3.17.6&#8243;]<\/p>\n<p>Si te decimos que somos una asesor\u00eda que puede realizar tu contabilidad correctamente, pues tampoco te llamar\u00e1 la atenci\u00f3n. Si hacemos lo que hacen todos, pues solo podremos competir en precio, lo cual perjudicar\u00e1 el servicio.<\/p>\n<p>No competimos en precio, establecemos un precio sobre el n\u00famero de movimientos que hagas. Pagar\u00e1s por lo que uses, pocos movimientos, poco pago, muchos movimientos, nos sentamos a hablar.<\/p>\n<p><span style=\"color: #30b6a4;\">\u00bfEn qu\u00e9 innovamos? <\/span><\/p>\n<p>Nos olvidamos del papel y que tengas que realizar el m\u00ednimo esfuerzo en esta tarea que no te aporta nada. Seguramente piensas que solo es una obligaci\u00f3n (adem\u00e1s de un tost\u00f3n).<\/p>\n<p>[\/et_pb_text][\/et_pb_column][et_pb_column type=&#8221;2_5&#8243;][et_pb_image _builder_version=&#8221;3.17.6&#8243; src=&#8221;https:\/\/oficinavirtual.tech\/wp-content\/uploads\/2019\/01\/contabilidad-e1553507325339.jpg&#8221; \/][\/et_pb_column][\/et_pb_row][et_pb_row][et_pb_column type=&#8221;4_4&#8243;][et_pb_text _builder_version=&#8221;3.17.6&#8243;]<\/p>\n<p>Para olvidarnos del papel, nos env\u00edas una foto del ticket o de la factura y te olvidas de conservarlo. Har\u00e1s la fotograf\u00eda con una App que instalamos en tu Smartphone. Adem\u00e1s de esto, tienes una direcci\u00f3n de correo electr\u00f3nico para tus proveedores y sean ellos quienes las env\u00eden directamente.<\/p>\n<p>[\/et_pb_text][\/et_pb_column][\/et_pb_row][et_pb_row][et_pb_column type=&#8221;4_4&#8243;][et_pb_text _builder_version=&#8221;3.17.6&#8243;]<\/p>\n<h3 style=\"text-align: center;\"><div class='et-box et-shadow'>\n\t\t\t\t\t<div class='et-box-content'><span style=\"color: #30b6a4;\">Se acab\u00f3 perder tickets y no poder deducir el gasto \u00a1Ni un ticket sin contabilizar!<\/span><\/div><\/div><\/h3>\n<p>[\/et_pb_text][\/et_pb_column][\/et_pb_row][et_pb_row][et_pb_column type=&#8221;4_4&#8243;][et_pb_text _builder_version=&#8221;3.17.6&#8243;]<\/p>\n<p>Danos acceso de consulta a las cuentas bancarias, te olvidar\u00e1s de tener que pasar los movimientos del banco para poderlos contabilizar. Si quieres que te preparemos los pagos, pues tambi\u00e9n lo hacemos.<\/p>\n<p>Adem\u00e1s, automatizamos todos los procesos que nos sea posible y te enviaremos la informaci\u00f3n contable con la periodicidad que acordemos. S\u00ed, te le enviaremos o te daremos acceso a la plataforma para que puedas examinarla, lo que prefieras. Por supuesto, queremos que tus cuentas est\u00e9n claras, no solo para la Agencia Tributaria y no tener problemas, sino para ti. Te las explicaremos y no dejamos que tengas ninguna duda.<\/p>\n<p>Pagas un m\u00ednimo gasto al mes, para cubrir las licencias del software que utilizamos y, al mismo tiempo, tienes una serie de apuntes contables incluidos en el precio. Adem\u00e1s, pagas seg\u00fan quieras la informaci\u00f3n mensual o trimestral.<\/p>\n<p>Cobramos por apunte, debes saber que esto incluye el registro, el escaneo y el almacenamiento digital de la documentaci\u00f3n. Y, cuando tengas que emitir una factura, lo hacemos por ti. Danos los datos y se la hacemos llegar al cliente en tu nombre.<\/p>\n<p>&nbsp;<\/p>\n<h3 style=\"text-align: center;\"><div class='et-box et-shadow'>\n\t\t\t\t\t<div class='et-box-content'><span style=\"color: #30b6a4;\">Accede a toda tu informaci\u00f3n desde el m\u00f3vil.<\/span><\/div><\/div><\/h3>\n<p>&nbsp;<\/p>\n<p>Da igual si eres aut\u00f3nomo, tienes una empresa o varias. Nos encargamos de toda la contabilidad por t\u00ed. Si quieres que realicemos la contabilidad de manera anal\u00edtica o por centros de coste o beneficio, tambi\u00e9n lo hacemos, somos expertos en Control de Gesti\u00f3n, adem\u00e1s de Contabilidad.<\/p>\n<p>Si quieres conocer c\u00f3mo gestionar tu negocio, y tomar decisiones con los datos, consulta <span style=\"color: #30b6a4;\">Par\u00e1metros Clave del Negocio<\/span> pinchando <a href=\"https:\/\/oficinavirtual.tech\/index.php\/kpi-2\/\"><span style=\"color: #30b6a4;\">aqu\u00ed<\/span><\/a>.<\/p>\n<p>Para conocer c\u00f3mo te ayudamos con los <span style=\"color: #30b6a4;\">Impuestos<\/span>, pincha <a href=\"https:\/\/oficinavirtual.tech\/index.php\/impuestos\/\"><span style=\"color: #30b6a4;\">aqu\u00ed<\/span><\/a>.<\/p>\n<p>Inf\u00f3rmate tambi\u00e9n sobre nuestras opciones de <span style=\"color: #30b6a4;\">Gesti\u00f3n Documental<\/span> pinchando <a href=\"https:\/\/oficinavirtual.tech\/index.php\/gestion_documental-2\/\"><span style=\"color: #30b6a4;\">aqu\u00ed<\/span><\/a>.<\/p>\n<p>[\/et_pb_text][\/et_pb_column][\/et_pb_row][\/et_pb_section][et_pb_section bb_built=&#8221;1&#8243; fullwidth=&#8221;off&#8221; specialty=&#8221;off&#8221; prev_background_color=&#8221;#000000&#8243; next_background_color=&#8221;#000000&#8243;][et_pb_row][et_pb_column type=&#8221;4_4&#8243;][et_pb_pricing_tables _builder_version=&#8221;3.17.6&#8243; featured_table_background_color=&#8221;#30b6a4&#8243; header_font=&#8221;Ubuntu||||||||&#8221; center_list_items=&#8221;on&#8221; header_background_color=&#8221;#30b6a4&#8243; featured_table_bullet_color=&#8221;#30b6a4&#8243; featured_table_header_background_color=&#8221;#30b6a4&#8243; body_font=&#8221;Ubuntu||on||||||&#8221; subheader_text_color=&#8221;#30b6a4&#8243; header_text_align=&#8221;center&#8221; button_alignment=&#8221;center&#8221; bullet_color=&#8221;#30b6a4&#8243; featured_table_subheader_text_color=&#8221;#30b6a4&#8243; price_font=&#8221;Ubuntu||||||||&#8221; price_text_color=&#8221;#30b6a4&#8243; featured_table_price_color=&#8221;#30b6a4&#8243; border_color_all=&#8221;#30b6a4&#8243; show_bullet=&#8221;off&#8221; background_color=&#8221;rgba(135,135,135,0.31)&#8221; show_featured_drop_shadow=&#8221;off&#8221; custom_button=&#8221;on&#8221; button_text_color=&#8221;#30b6a4&#8243; saved_tabs=&#8221;all&#8221;][et_pb_pricing_table _builder_version=&#8221;3.17.6&#8243; title=&#8221;B\u00e1sica&#8221; currency=&#8221;\u20ac&#8221; per=&#8221;121 con IVA&#8221; sum=&#8221;100&#8243; url_new_window=&#8221;off&#8221; link_option_url_new_window=&#8221;off&#8221; use_background_color_gradient=&#8221;off&#8221; background_color_gradient_start=&#8221;#2b87da&#8221; background_color_gradient_end=&#8221;#29c4a9&#8243; background_color_gradient_type=&#8221;linear&#8221; background_color_gradient_direction=&#8221;180deg&#8221; background_color_gradient_direction_radial=&#8221;center&#8221; background_color_gradient_start_position=&#8221;0%&#8221; background_color_gradient_end_position=&#8221;100%&#8221; background_color_gradient_overlays_image=&#8221;off&#8221; parallax=&#8221;off&#8221; parallax_method=&#8221;on&#8221; background_size=&#8221;cover&#8221; background_position=&#8221;center&#8221; background_repeat=&#8221;no-repeat&#8221; background_blend=&#8221;normal&#8221; allow_player_pause=&#8221;off&#8221; background_video_pause_outside_viewport=&#8221;on&#8221; featured=&#8221;off&#8221; text_shadow_style=&#8221;none&#8221; header_text_shadow_style=&#8221;none&#8221; body_text_shadow_style=&#8221;none&#8221; subheader_text_shadow_style=&#8221;none&#8221; currency_frequency_text_shadow_style=&#8221;none&#8221; price_text_shadow_style=&#8221;none&#8221; button_text_shadow_style=&#8221;none&#8221; box_shadow_style_button=&#8221;none&#8221; box_shadow_style=&#8221;preset2&#8243; hover_transition_duration=&#8221;300ms&#8221; hover_transition_delay=&#8221;0ms&#8221; hover_transition_speed_curve=&#8221;ease&#8221; text_shadow_horizontal_length=&#8221;0em&#8221; text_shadow_vertical_length=&#8221;0em&#8221; text_shadow_blur_strength=&#8221;0em&#8221; header_text_shadow_horizontal_length=&#8221;0em&#8221; header_text_shadow_vertical_length=&#8221;0em&#8221; header_text_shadow_blur_strength=&#8221;0em&#8221; body_text_shadow_horizontal_length=&#8221;0em&#8221; body_text_shadow_vertical_length=&#8221;0em&#8221; body_text_shadow_blur_strength=&#8221;0em&#8221; subheader_text_shadow_horizontal_length=&#8221;0em&#8221; subheader_text_shadow_vertical_length=&#8221;0em&#8221; subheader_text_shadow_blur_strength=&#8221;0em&#8221; currency_frequency_text_shadow_horizontal_length=&#8221;0em&#8221; currency_frequency_text_shadow_vertical_length=&#8221;0em&#8221; currency_frequency_text_shadow_blur_strength=&#8221;0em&#8221; price_text_shadow_horizontal_length=&#8221;0em&#8221; price_text_shadow_vertical_length=&#8221;0em&#8221; price_text_shadow_blur_strength=&#8221;0em&#8221; button_text_shadow_horizontal_length=&#8221;0em&#8221; button_text_shadow_vertical_length=&#8221;0em&#8221; button_text_shadow_blur_strength=&#8221;0em&#8221; pricing_item_excluded_color=&#8221;#30b6a4&#8243; header_font=&#8221;||||||||&#8221; body_font=&#8221;Ubuntu||||||||&#8221; subheader_font=&#8221;Ubuntu||||||||&#8221; currency_frequency_font=&#8221;Ubuntu||||||||&#8221; box_shadow_horizontal=&#8221;6px&#8221; box_shadow_vertical=&#8221;6px&#8221; box_shadow_blur=&#8221;18px&#8221; box_shadow_spread=&#8221;0px&#8221; price_font=&#8221;||||||||&#8221; custom_button=&#8221;off&#8221; button_bg_use_color_gradient=&#8221;off&#8221; button_bg_color_gradient_overlays_image=&#8221;off&#8221; button_use_icon=&#8221;on&#8221; button_on_hover=&#8221;on&#8221;]<\/p>\n<p>Puesta en marcha&nbsp;<\/p>\n<p>Dise\u00f1o del Plan Contable<\/p>\n<p>Gesti\u00f3n de asientos contables<\/p>\n<p>Emisi\u00f3n facturas de venta<\/p>\n<p>Elaboraci\u00f3n de los Estados Financieros<\/p>\n<p>Dep\u00f3sito de las Cuentas Anuales<\/p>\n<p>Legalizaci\u00f3n de Libros Oficiales<\/p>\n<p>Conciliaci\u00f3n bancaria<\/p>\n<p>50 l\u00edneas de asiento incluidas<\/p>\n<p>0,5 \u20ac por l\u00ednea adicional<\/p>\n<p>[\/et_pb_pricing_table][et_pb_pricing_table _builder_version=&#8221;3.17.6&#8243; title=&#8221;Avanzada&#8221; currency=&#8221;\u20ac&#8221; per=&#8221;181,5 con IVA&#8221; sum=&#8221;150&#8243; url_new_window=&#8221;off&#8221; link_option_url_new_window=&#8221;off&#8221; use_background_color_gradient=&#8221;off&#8221; background_color_gradient_start=&#8221;#2b87da&#8221; background_color_gradient_end=&#8221;#29c4a9&#8243; background_color_gradient_type=&#8221;linear&#8221; background_color_gradient_direction=&#8221;180deg&#8221; background_color_gradient_direction_radial=&#8221;center&#8221; background_color_gradient_start_position=&#8221;0%&#8221; background_color_gradient_end_position=&#8221;100%&#8221; background_color_gradient_overlays_image=&#8221;off&#8221; parallax=&#8221;off&#8221; parallax_method=&#8221;on&#8221; background_size=&#8221;cover&#8221; background_position=&#8221;center&#8221; background_repeat=&#8221;no-repeat&#8221; background_blend=&#8221;normal&#8221; allow_player_pause=&#8221;off&#8221; background_video_pause_outside_viewport=&#8221;on&#8221; featured=&#8221;off&#8221; text_shadow_style=&#8221;none&#8221; header_text_shadow_style=&#8221;none&#8221; body_text_shadow_style=&#8221;none&#8221; subheader_text_shadow_style=&#8221;none&#8221; currency_frequency_text_shadow_style=&#8221;none&#8221; price_text_shadow_style=&#8221;none&#8221; button_text_shadow_style=&#8221;none&#8221; box_shadow_style_button=&#8221;none&#8221; box_shadow_style=&#8221;preset2&#8243; hover_transition_duration=&#8221;300ms&#8221; hover_transition_delay=&#8221;0ms&#8221; hover_transition_speed_curve=&#8221;ease&#8221; text_shadow_horizontal_length=&#8221;0em&#8221; text_shadow_vertical_length=&#8221;0em&#8221; text_shadow_blur_strength=&#8221;0em&#8221; header_text_shadow_horizontal_length=&#8221;0em&#8221; header_text_shadow_vertical_length=&#8221;0em&#8221; header_text_shadow_blur_strength=&#8221;0em&#8221; body_text_shadow_horizontal_length=&#8221;0em&#8221; body_text_shadow_vertical_length=&#8221;0em&#8221; body_text_shadow_blur_strength=&#8221;0em&#8221; subheader_text_shadow_horizontal_length=&#8221;0em&#8221; subheader_text_shadow_vertical_length=&#8221;0em&#8221; subheader_text_shadow_blur_strength=&#8221;0em&#8221; currency_frequency_text_shadow_horizontal_length=&#8221;0em&#8221; currency_frequency_text_shadow_vertical_length=&#8221;0em&#8221; currency_frequency_text_shadow_blur_strength=&#8221;0em&#8221; price_text_shadow_horizontal_length=&#8221;0em&#8221; price_text_shadow_vertical_length=&#8221;0em&#8221; price_text_shadow_blur_strength=&#8221;0em&#8221; button_text_shadow_horizontal_length=&#8221;0em&#8221; button_text_shadow_vertical_length=&#8221;0em&#8221; button_text_shadow_blur_strength=&#8221;0em&#8221; pricing_item_excluded_color=&#8221;#30b6a4&#8243; header_font=&#8221;||||||||&#8221; body_font=&#8221;Ubuntu||||||||&#8221; subheader_font=&#8221;Ubuntu||||||||&#8221; currency_frequency_font=&#8221;Ubuntu||||||||&#8221; box_shadow_horizontal=&#8221;6px&#8221; box_shadow_vertical=&#8221;6px&#8221; box_shadow_blur=&#8221;18px&#8221; box_shadow_spread=&#8221;0px&#8221; price_font=&#8221;||||||||&#8221; custom_button=&#8221;off&#8221; button_bg_use_color_gradient=&#8221;off&#8221; button_bg_color_gradient_overlays_image=&#8221;off&#8221; button_use_icon=&#8221;on&#8221; button_on_hover=&#8221;on&#8221;]<\/p>\n<p>Incluye Contabilidad B\u00e1sica<\/p>\n<p>Hasta 150 l\u00edneas de asiento incluidas<\/p>\n<p>0,4 \u20ac por l\u00ednea adicional<\/p>\n<p>Cambiamos la tarifa de manera autom\u00e1tica para asegurarte siempre el m\u00ednimo coste<\/p>\n<p>&nbsp;<\/p>\n<p>[\/et_pb_pricing_table][et_pb_pricing_table _builder_version=&#8221;3.17.6&#8243; title=&#8221;Premium&#8221; currency=&#8221;\u20ac&#8221; per=&#8221;242 con IVA&#8221; sum=&#8221;200&#8243; url_new_window=&#8221;off&#8221; link_option_url_new_window=&#8221;off&#8221; use_background_color_gradient=&#8221;off&#8221; background_color_gradient_start=&#8221;#2b87da&#8221; background_color_gradient_end=&#8221;#29c4a9&#8243; background_color_gradient_type=&#8221;linear&#8221; background_color_gradient_direction=&#8221;180deg&#8221; background_color_gradient_direction_radial=&#8221;center&#8221; background_color_gradient_start_position=&#8221;0%&#8221; background_color_gradient_end_position=&#8221;100%&#8221; background_color_gradient_overlays_image=&#8221;off&#8221; parallax=&#8221;off&#8221; parallax_method=&#8221;on&#8221; background_size=&#8221;cover&#8221; background_position=&#8221;center&#8221; background_repeat=&#8221;no-repeat&#8221; background_blend=&#8221;normal&#8221; allow_player_pause=&#8221;off&#8221; background_video_pause_outside_viewport=&#8221;on&#8221; featured=&#8221;off&#8221; text_shadow_style=&#8221;none&#8221; header_text_shadow_style=&#8221;none&#8221; body_text_shadow_style=&#8221;none&#8221; subheader_text_shadow_style=&#8221;none&#8221; currency_frequency_text_shadow_style=&#8221;none&#8221; price_text_shadow_style=&#8221;none&#8221; button_text_shadow_style=&#8221;none&#8221; box_shadow_style_button=&#8221;none&#8221; box_shadow_style=&#8221;preset2&#8243; hover_transition_duration=&#8221;300ms&#8221; hover_transition_delay=&#8221;0ms&#8221; hover_transition_speed_curve=&#8221;ease&#8221; text_shadow_horizontal_length=&#8221;0em&#8221; text_shadow_vertical_length=&#8221;0em&#8221; text_shadow_blur_strength=&#8221;0em&#8221; header_text_shadow_horizontal_length=&#8221;0em&#8221; header_text_shadow_vertical_length=&#8221;0em&#8221; header_text_shadow_blur_strength=&#8221;0em&#8221; body_text_shadow_horizontal_length=&#8221;0em&#8221; body_text_shadow_vertical_length=&#8221;0em&#8221; body_text_shadow_blur_strength=&#8221;0em&#8221; subheader_text_shadow_horizontal_length=&#8221;0em&#8221; subheader_text_shadow_vertical_length=&#8221;0em&#8221; subheader_text_shadow_blur_strength=&#8221;0em&#8221; currency_frequency_text_shadow_horizontal_length=&#8221;0em&#8221; currency_frequency_text_shadow_vertical_length=&#8221;0em&#8221; currency_frequency_text_shadow_blur_strength=&#8221;0em&#8221; price_text_shadow_horizontal_length=&#8221;0em&#8221; price_text_shadow_vertical_length=&#8221;0em&#8221; price_text_shadow_blur_strength=&#8221;0em&#8221; button_text_shadow_horizontal_length=&#8221;0em&#8221; button_text_shadow_vertical_length=&#8221;0em&#8221; button_text_shadow_blur_strength=&#8221;0em&#8221; pricing_item_excluded_color=&#8221;#30b6a4&#8243; header_font=&#8221;||||||||&#8221; body_font=&#8221;Ubuntu||||||||&#8221; subheader_font=&#8221;Ubuntu||||||||&#8221; currency_frequency_font=&#8221;Ubuntu||||||||&#8221; box_shadow_horizontal=&#8221;6px&#8221; box_shadow_vertical=&#8221;6px&#8221; box_shadow_blur=&#8221;18px&#8221; box_shadow_spread=&#8221;0px&#8221; price_font=&#8221;||||||||&#8221; custom_button=&#8221;off&#8221; button_bg_use_color_gradient=&#8221;off&#8221; button_bg_color_gradient_overlays_image=&#8221;off&#8221; button_use_icon=&#8221;on&#8221; button_on_hover=&#8221;on&#8221; button_text=&#8221;Contratar&#8221;]<\/p>\n<p>Incluye Contabilidad Avanzada<\/p>\n<p>Seguimiento de pagos y cobros<\/p>\n<p>N\u00famero de l\u00edneas sin l\u00edmite a coste de 0,4 \u20ac cada una<\/p>\n<p>[\/et_pb_pricing_table][et_pb_pricing_table _builder_version=&#8221;3.17.6&#8243; title=&#8221;Personalizada&#8221; url_new_window=&#8221;off&#8221; link_option_url_new_window=&#8221;off&#8221; use_background_color_gradient=&#8221;off&#8221; background_color_gradient_start=&#8221;#2b87da&#8221; background_color_gradient_end=&#8221;#29c4a9&#8243; background_color_gradient_type=&#8221;linear&#8221; background_color_gradient_direction=&#8221;180deg&#8221; background_color_gradient_direction_radial=&#8221;center&#8221; background_color_gradient_start_position=&#8221;0%&#8221; background_color_gradient_end_position=&#8221;100%&#8221; background_color_gradient_overlays_image=&#8221;off&#8221; parallax=&#8221;off&#8221; parallax_method=&#8221;on&#8221; background_size=&#8221;cover&#8221; background_position=&#8221;center&#8221; background_repeat=&#8221;no-repeat&#8221; background_blend=&#8221;normal&#8221; allow_player_pause=&#8221;off&#8221; background_video_pause_outside_viewport=&#8221;on&#8221; featured=&#8221;off&#8221; text_shadow_style=&#8221;none&#8221; header_text_shadow_style=&#8221;none&#8221; body_text_shadow_style=&#8221;none&#8221; subheader_text_shadow_style=&#8221;none&#8221; currency_frequency_text_shadow_style=&#8221;none&#8221; price_text_shadow_style=&#8221;none&#8221; button_text_shadow_style=&#8221;none&#8221; box_shadow_style_button=&#8221;none&#8221; box_shadow_style=&#8221;preset2&#8243; hover_transition_duration=&#8221;300ms&#8221; hover_transition_delay=&#8221;0ms&#8221; hover_transition_speed_curve=&#8221;ease&#8221; text_shadow_horizontal_length=&#8221;0em&#8221; text_shadow_vertical_length=&#8221;0em&#8221; text_shadow_blur_strength=&#8221;0em&#8221; header_text_shadow_horizontal_length=&#8221;0em&#8221; header_text_shadow_vertical_length=&#8221;0em&#8221; header_text_shadow_blur_strength=&#8221;0em&#8221; body_text_shadow_horizontal_length=&#8221;0em&#8221; body_text_shadow_vertical_length=&#8221;0em&#8221; body_text_shadow_blur_strength=&#8221;0em&#8221; subheader_text_shadow_horizontal_length=&#8221;0em&#8221; subheader_text_shadow_vertical_length=&#8221;0em&#8221; subheader_text_shadow_blur_strength=&#8221;0em&#8221; currency_frequency_text_shadow_horizontal_length=&#8221;0em&#8221; currency_frequency_text_shadow_vertical_length=&#8221;0em&#8221; currency_frequency_text_shadow_blur_strength=&#8221;0em&#8221; price_text_shadow_horizontal_length=&#8221;0em&#8221; price_text_shadow_vertical_length=&#8221;0em&#8221; price_text_shadow_blur_strength=&#8221;0em&#8221; button_text_shadow_horizontal_length=&#8221;0em&#8221; button_text_shadow_vertical_length=&#8221;0em&#8221; button_text_shadow_blur_strength=&#8221;0em&#8221; pricing_item_excluded_color=&#8221;#30b6a4&#8243; header_font=&#8221;||||||||&#8221; body_font=&#8221;Ubuntu||||||||&#8221; subheader_font=&#8221;Ubuntu||||||||&#8221; currency_frequency_font=&#8221;Ubuntu||||||||&#8221; box_shadow_horizontal=&#8221;6px&#8221; box_shadow_vertical=&#8221;6px&#8221; box_shadow_blur=&#8221;18px&#8221; box_shadow_spread=&#8221;0px&#8221; price_font=&#8221;||||||||&#8221; custom_button=&#8221;off&#8221; button_bg_use_color_gradient=&#8221;off&#8221; button_bg_color_gradient_overlays_image=&#8221;off&#8221; button_use_icon=&#8221;on&#8221; button_on_hover=&#8221;on&#8221; button_text=&#8221;Contactar&#8221; button_url=&#8221;https:\/\/oficinavirtual.tech\/index.php\/contacto\/&#8221;]<\/p>\n<p>Si tienes un gran volumen<\/p>\n<p>Para m\u00e1s de una empresa<\/p>\n<p>Contabilidad anal\u00edtica<\/p>\n<p>Todo lo que puedas necesitar<\/p>\n<p>[\/et_pb_pricing_table][\/et_pb_pricing_tables][\/et_pb_column][\/et_pb_row][\/et_pb_section][et_pb_section bb_built=&#8221;1&#8243; fullwidth=&#8221;off&#8221; specialty=&#8221;off&#8221; prev_background_color=&#8221;#000000&#8243;][et_pb_row _builder_version=&#8221;3.17.6&#8243;][et_pb_column type=&#8221;1_3&#8243;][et_pb_button admin_label=&#8221;Bot\u00f3nWhatsApp&#8221; _builder_version=&#8221;3.17.6&#8243; button_text=&#8221;Contacta por WhatsApp&#8221; url_new_window=&#8221;on&#8221; button_url=&#8221;https:\/\/api.whatsapp.com\/send?phone=34639565284&#8243; custom_button=&#8221;on&#8221; button_text_color=&#8221;#30b6a4&#8243; box_shadow_style=&#8221;preset1&#8243; \/][\/et_pb_column][et_pb_column type=&#8221;1_3&#8243;][et_pb_button _builder_version=&#8221;3.17.6&#8243; button_text=&#8221;Nuestros Servicios&#8221; button_url=&#8221;https:\/\/oficinavirtual.tech\/index.php\/servicios\/&#8221; custom_button=&#8221;on&#8221; button_text_color=&#8221;#30b6a4&#8243; box_shadow_style=&#8221;preset2&#8243; \/][\/et_pb_column][et_pb_column type=&#8221;1_3&#8243;][et_pb_button _builder_version=&#8221;3.17.6&#8243; button_text=&#8221;Contacta por eMail&#8221; button_url=&#8221;https:\/\/oficinavirtual.tech\/index.php\/contacto\/&#8221; url_new_window=&#8221;on&#8221; custom_button=&#8221;on&#8221; button_text_color=&#8221;#30b6a4&#8243; box_shadow_style=&#8221;preset2&#8243; \/][\/et_pb_column][\/et_pb_row][\/et_pb_section]<\/p>\n","protected":false},"excerpt":{"rendered":"<p>[et_pb_section bb_built=&#8221;1&#8243; next_background_color=&#8221;#000000&#8243;][et_pb_row][et_pb_column type=&#8221;3_5&#8243;][et_pb_text _builder_version=&#8221;3.17.6&#8243;] Si te decimos que somos una asesor\u00eda que puede realizar tu contabilidad correctamente, pues tampoco te llamar\u00e1 la atenci\u00f3n. Si hacemos lo que hacen todos, pues solo podremos competir en precio, lo cual perjudicar\u00e1 el servicio. No competimos en precio, establecemos un precio sobre el n\u00famero de movimientos que hagas. [&hellip;]<\/p>\n","protected":false},"author":1,"featured_media":0,"parent":0,"menu_order":0,"comment_status":"closed","ping_status":"closed","template":"","meta":{"_et_pb_use_builder":"on","_et_pb_old_content":"","footnotes":""},"_links":{"self":[{"href":"https:\/\/oficinavirtual.tech\/index.php\/wp-json\/wp\/v2\/pages\/561"}],"collection":[{"href":"https:\/\/oficinavirtual.tech\/index.php\/wp-json\/wp\/v2\/pages"}],"about":[{"href":"https:\/\/oficinavirtual.tech\/index.php\/wp-json\/wp\/v2\/types\/page"}],"author":[{"embeddable":true,"href":"https:\/\/oficinavirtual.tech\/index.php\/wp-json\/wp\/v2\/users\/1"}],"replies":[{"embeddable":true,"href":"https:\/\/oficinavirtual.tech\/index.php\/wp-json\/wp\/v2\/comments?post=561"}],"version-history":[{"count":1,"href":"https:\/\/oficinavirtual.tech\/index.php\/wp-json\/wp\/v2\/pages\/561\/revisions"}],"predecessor-version":[{"id":768,"href":"https:\/\/oficinavirtual.tech\/index.php\/wp-json\/wp\/v2\/pages\/561\/revisions\/768"}],"wp:attachment":[{"href":"https:\/\/oficinavirtual.tech\/index.php\/wp-json\/wp\/v2\/media?parent=561"}],"curies":[{"name":"wp","href":"https:\/\/api.w.org\/{rel}","templated":true}]}}