{"id":592,"date":"2019-03-12T09:20:49","date_gmt":"2019-03-12T09:20:49","guid":{"rendered":"https:\/\/oficinavirtual.tech\/?page_id=592"},"modified":"2019-03-25T15:53:29","modified_gmt":"2019-03-25T15:53:29","slug":"gestion_documental-2","status":"publish","type":"page","link":"https:\/\/oficinavirtual.tech\/index.php\/gestion_documental-2\/","title":{"rendered":"gestion_documental"},"content":{"rendered":"<p>[et_pb_section bb_built=&#8221;1&#8243; next_background_color=&#8221;#000000&#8243;][et_pb_row][et_pb_column type=&#8221;2_3&#8243;][et_pb_text _builder_version=&#8221;3.17.6&#8243;]<\/p>\n<p>Pues s\u00ed, nos encargamos de gestionar tus documentos. Haremos desaparecer el papel, <span style=\"color: #30b6a4;\">adapta tu empresa a la transformaci\u00f3n digital<\/span>. La gesti\u00f3n de todos tus documentos como no la has experimentado nunca. Despreoc\u00fapate de ordenarlos y almacenarlos.<\/p>\n<p>Como todo, lo hacemos en la nube para que lo tengas accesible las 24 horas, los 7 d\u00edas de la semana, todos los d\u00edas del a\u00f1o.<\/p>\n<p>Tenemos varios modelos de Gesti\u00f3n Documental, desde guardar los ficheros en un repositorio (como si de un almac\u00e9n se tratase), hasta ofrecerte un sistema de b\u00fasquedas inteligente que te permita encontrarlo todo r\u00e1pidamente. Adem\u00e1s, <span style=\"color: #30b6a4;\">gestionamos tu almacenamiento en la nube y tus correos electr\u00f3nicos<\/span>.<\/p>\n<p><span style=\"color: #30b6a4;\">La seguridad es lo primero<\/span>. No solo ofrecemos distintas alternativas de seguridad, sino la posibilidad de tenerlo todo por duplicado en dos plataformas distintas. Para que est\u00e9s tranquilo, tengas todo siempre a mano y decidir siempre qui\u00e9n accede a tus ficheros.<\/p>\n<p>[\/et_pb_text][\/et_pb_column][et_pb_column type=&#8221;1_3&#8243;][et_pb_image _builder_version=&#8221;3.17.6&#8243; src=&#8221;https:\/\/oficinavirtual.tech\/wp-content\/uploads\/2019\/01\/gesti\u00f3n-documental-e1553507566967.jpg&#8221; \/][\/et_pb_column][\/et_pb_row][et_pb_row][et_pb_column type=&#8221;4_4&#8243;][et_pb_text _builder_version=&#8221;3.17.6&#8243; text_orientation=&#8221;center&#8221;]<\/p>\n<p style=\"text-align: center;\"><div class='et-box et-shadow'>\n\t\t\t\t\t<div class='et-box-content'><span style=\"color: #30b6a4;\">Accede a toda la documentaci\u00f3n de la empresa desde tu m\u00f3vil<\/span><\/div><\/div><\/p>\n<p>[\/et_pb_text][\/et_pb_column][\/et_pb_row][et_pb_row][et_pb_column type=&#8221;4_4&#8243;][et_pb_text _builder_version=&#8221;3.17.6&#8243;]<\/p>\n<p><span style=\"color: #30b6a4;\">Servicio escalable<\/span>, olvida tener que aprovisionar caros recursos para tener la documentaci\u00f3n de tu empresa. <span style=\"color: #30b6a4;\">Sin inversi\u00f3n y disponible desde el primer momento<\/span>, pagar\u00e1s \u00fanicamente por lo que consumas y los requisitos que exijas a la seguridad y trazabilidad de tu informaci\u00f3n. <span style=\"color: #30b6a4;\">Elige la forma en la que quieres buscar la documentaci\u00f3n<\/span>, si solo la quieres tener en la nube, si quieres hacer b\u00fasquedas inteligentes, si quieres saber qui\u00e9n y cu\u00e1ndo ha accedido a la misma&#8230;<\/p>\n<p>Cuenta con un <span style=\"color: #30b6a4;\">acceso desde el m\u00f3vil<\/span> o el escritorio de tu ordenador, nosotros lo configuramos para que no te preocupes de nada. Mant\u00e9n un historial de versiones de los documentos. Ten colaboradores externos para tus documentos o dales acceso sin poner en peligro la seguridad del resto de documentos. Pon una marca de agua a tus documentos. Ten informes de seguridad y de usuarios. Cifra tus documentos&#8230; Todo lo que imaginas para tu comodidad y accesibilidad.<\/p>\n<p>[\/et_pb_text][\/et_pb_column][\/et_pb_row][et_pb_row][et_pb_column type=&#8221;4_4&#8243;][et_pb_text _builder_version=&#8221;3.17.6&#8243; text_orientation=&#8221;center&#8221;]<\/p>\n<p style=\"text-align: center;\"><div class='et-box et-shadow'>\n\t\t\t\t\t<div class='et-box-content'><span style=\"color: #30b6a4;\"> Env\u00edanos un whatsApp con lo que necesitas y lo enviamos donde t\u00fa nos digas en cuesti\u00f3n de minutos<\/span>\u00a0<\/div><\/div><\/p>\n<p>[\/et_pb_text][\/et_pb_column][\/et_pb_row][et_pb_row][et_pb_column type=&#8221;4_4&#8243;][et_pb_text _builder_version=&#8221;3.17.6&#8243;]<\/p>\n<p>Adem\u00e1s de nuestros planes est\u00e1ndar, ofrecemos m\u00e1s <span style=\"color: #30b6a4;\">alternativas personalizables<\/span> para adaptarnos a tus necesidades.<\/p>\n<p>La digitalizaci\u00f3n de documentos no est\u00e1 incluida en ning\u00fan plan. Cada documento es \u00fanico y tiene un precio diferente. Como entender\u00e1s, no es lo mismo un documento que solo hay que digitalizar y tiene una sola hoja, que una digitalizaci\u00f3n inteligente de cien folios. Tampoco es igual si es un solo documento o son cientos de ellos.\u00a0<\/p>\n<p>Lo anterior solo rige para el papel, lo que s\u00ed est\u00e1 incluido es la incorporaci\u00f3n al archivo de 50 documentos al mes que ya tengas digitalizados, su ordenaci\u00f3n y clasificaci\u00f3n. Para la gesti\u00f3n inteligente del documento, tenemos que analizarlo. Si tienes contratada la <span style=\"color: #30b6a4;\"><a style=\"color: #30b6a4;\" href=\"https:\/\/oficinavirtual.tech\/index.php\/contabilidad-2\/\">contabilidad<\/a><\/span>, <span style=\"color: #30b6aa;\">la documentaci\u00f3n contable s\u00ed est\u00e1 incluida<\/span>.<\/p>\n<p>Nos sentamos contigo y te explicamos c\u00f3mo ordenamos y clasificamos los diferentes documentos incluidos en el archivo. <span style=\"color: #30b6a4;\">Si prefieres una catalogaci\u00f3n personalizada, pues no tienes m\u00e1s que decirlo<\/span>.<\/p>\n<p>[\/et_pb_text][\/et_pb_column][\/et_pb_row][et_pb_row][et_pb_column type=&#8221;4_4&#8243;][et_pb_text _builder_version=&#8221;3.17.6&#8243; text_orientation=&#8221;center&#8221;]<\/p>\n<p style=\"text-align: center;\"><div class='et-box et-shadow'>\n\t\t\t\t\t<div class='et-box-content'><span style=\"color: #30b6a4;\">Firma tus contratos en el m\u00f3vil y olvida el papel <\/span><\/div><\/div><\/p>\n<p>[\/et_pb_text][\/et_pb_column][\/et_pb_row][et_pb_row][et_pb_column type=&#8221;4_4&#8243;][et_pb_text _builder_version=&#8221;3.17.6&#8243;]<\/p>\n<h3 style=\"text-align: center;\"><span style=\"color: #30b6a4;\">Ventajas de tener este sistema<\/span><\/h3>\n<p>&nbsp;<\/p>\n<p style=\"text-align: center;\">Control efectivo de tu documentaci\u00f3n<\/p>\n<p style=\"text-align: center;\">Sencillez de uso<\/p>\n<p style=\"text-align: center;\">Accesibilidad a la documentaci\u00f3n 24 horas<\/p>\n<p style=\"text-align: center;\">Acceso inmediato a toda la base de datos<\/p>\n<p style=\"text-align: center;\">Ahorro de costes de almacenamiento<\/p>\n<p style=\"text-align: center;\">Trazabilidad de tu documentaci\u00f3n<\/p>\n<p style=\"text-align: center;\">Posibilidad de recuperar versiones anteriores<\/p>\n<p style=\"text-align: center;\">Toda la documentaci\u00f3n en un solo sitio<\/p>\n<p style=\"text-align: center;\">Posibilidad de establecer flujos de trabajo homog\u00e9neos<\/p>\n<p style=\"text-align: center;\">Incremento de productividad<\/p>\n<p style=\"text-align: center;\">Eliminaci\u00f3n de documentos duplicados y fotocopias<\/p>\n<p style=\"text-align: center;\">Distribuci\u00f3n personalizada de cada documento<\/p>\n<p style=\"text-align: center;\">Clasificaci\u00f3n personalizada de almacenaje<\/p>\n<p style=\"text-align: center;\">Posibilidad de trabajar en l\u00ednea en los documentos<\/p>\n<p style=\"text-align: center;\">Poder trabajar en el mismo documento varias personas a la vez<\/p>\n<p style=\"text-align: center;\">Documentaci\u00f3n homologada ante la administraci\u00f3n<\/p>\n<p>&nbsp;<\/p>\n<p>No dudes en ponerte en <span style=\"color: #30b6a4;\"><a style=\"color: #30b6a4;\" href=\"https:\/\/oficinavirtual.tech\/index.php\/contacto\/\">contacto<\/a> <\/span>con nosotros para que te facilitemos m\u00e1s informaci\u00f3n.<\/p>\n<p>[\/et_pb_text][\/et_pb_column][\/et_pb_row][et_pb_row][et_pb_column type=&#8221;4_4&#8243;][et_pb_pricing_tables _builder_version=&#8221;3.17.6&#8243; featured_table_background_color=&#8221;#30b6a4&#8243; header_font=&#8221;Ubuntu||||||||&#8221; center_list_items=&#8221;on&#8221; header_background_color=&#8221;#30b6a4&#8243; featured_table_bullet_color=&#8221;#30b6a4&#8243; featured_table_header_background_color=&#8221;#30b6a4&#8243; body_font=&#8221;Ubuntu||on||||||&#8221; subheader_text_color=&#8221;#30b6a4&#8243; header_text_align=&#8221;center&#8221; button_alignment=&#8221;center&#8221; bullet_color=&#8221;#30b6a4&#8243; featured_table_subheader_text_color=&#8221;#30b6a4&#8243; price_font=&#8221;Ubuntu||||||||&#8221; price_text_color=&#8221;#30b6a4&#8243; featured_table_price_color=&#8221;#30b6a4&#8243; border_color_all=&#8221;#30b6a4&#8243; show_bullet=&#8221;off&#8221; background_color=&#8221;rgba(135,135,135,0.31)&#8221; show_featured_drop_shadow=&#8221;off&#8221; custom_button=&#8221;on&#8221; button_text_color=&#8221;#30b6a4&#8243;][et_pb_pricing_table _builder_version=&#8221;3.17.6&#8243; title=&#8221;Gesti\u00f3n Basic&#8221; currency=&#8221;\u20ac\/mes&#8221; per=&#8221;40 con IVA&#8221; sum=&#8221;33&#8243; url_new_window=&#8221;off&#8221; link_option_url_new_window=&#8221;off&#8221; use_background_color_gradient=&#8221;off&#8221; background_color_gradient_start=&#8221;#2b87da&#8221; background_color_gradient_end=&#8221;#29c4a9&#8243; background_color_gradient_type=&#8221;linear&#8221; background_color_gradient_direction=&#8221;180deg&#8221; background_color_gradient_direction_radial=&#8221;center&#8221; background_color_gradient_start_position=&#8221;0%&#8221; background_color_gradient_end_position=&#8221;100%&#8221; background_color_gradient_overlays_image=&#8221;off&#8221; parallax=&#8221;off&#8221; parallax_method=&#8221;on&#8221; background_size=&#8221;cover&#8221; background_position=&#8221;center&#8221; background_repeat=&#8221;no-repeat&#8221; background_blend=&#8221;normal&#8221; allow_player_pause=&#8221;off&#8221; background_video_pause_outside_viewport=&#8221;on&#8221; featured=&#8221;off&#8221; text_shadow_style=&#8221;none&#8221; header_text_shadow_style=&#8221;none&#8221; body_text_shadow_style=&#8221;none&#8221; subheader_text_shadow_style=&#8221;none&#8221; currency_frequency_text_shadow_style=&#8221;none&#8221; price_text_shadow_style=&#8221;none&#8221; button_text_shadow_style=&#8221;none&#8221; box_shadow_style_button=&#8221;none&#8221; box_shadow_style=&#8221;preset2&#8243; hover_transition_duration=&#8221;300ms&#8221; hover_transition_delay=&#8221;0ms&#8221; hover_transition_speed_curve=&#8221;ease&#8221; text_shadow_horizontal_length=&#8221;0em&#8221; text_shadow_vertical_length=&#8221;0em&#8221; text_shadow_blur_strength=&#8221;0em&#8221; header_text_shadow_horizontal_length=&#8221;0em&#8221; header_text_shadow_vertical_length=&#8221;0em&#8221; header_text_shadow_blur_strength=&#8221;0em&#8221; body_text_shadow_horizontal_length=&#8221;0em&#8221; body_text_shadow_vertical_length=&#8221;0em&#8221; body_text_shadow_blur_strength=&#8221;0em&#8221; subheader_text_shadow_horizontal_length=&#8221;0em&#8221; subheader_text_shadow_vertical_length=&#8221;0em&#8221; subheader_text_shadow_blur_strength=&#8221;0em&#8221; currency_frequency_text_shadow_horizontal_length=&#8221;0em&#8221; currency_frequency_text_shadow_vertical_length=&#8221;0em&#8221; currency_frequency_text_shadow_blur_strength=&#8221;0em&#8221; price_text_shadow_horizontal_length=&#8221;0em&#8221; price_text_shadow_vertical_length=&#8221;0em&#8221; price_text_shadow_blur_strength=&#8221;0em&#8221; button_text_shadow_horizontal_length=&#8221;0em&#8221; button_text_shadow_vertical_length=&#8221;0em&#8221; button_text_shadow_blur_strength=&#8221;0em&#8221; pricing_item_excluded_color=&#8221;#30b6a4&#8243; header_font=&#8221;||||||||&#8221; body_font=&#8221;Ubuntu||||||||&#8221; subheader_font=&#8221;Ubuntu||||||||&#8221; currency_frequency_font=&#8221;Ubuntu||||||||&#8221; box_shadow_horizontal=&#8221;6px&#8221; box_shadow_vertical=&#8221;6px&#8221; box_shadow_blur=&#8221;18px&#8221; box_shadow_spread=&#8221;0px&#8221; price_font=&#8221;||||||||&#8221; custom_button=&#8221;off&#8221; button_bg_use_color_gradient=&#8221;off&#8221; button_bg_color_gradient_overlays_image=&#8221;off&#8221; button_use_icon=&#8221;on&#8221; button_on_hover=&#8221;on&#8221;]<\/p>\n<p>2 usuarios incluidos<\/p>\n<p>Hasta 100 GB de almacenaje<\/p>\n<p>M\u00e1ximo de 2 GB por documento&nbsp;<\/p>\n<p>Acceso personalizable a los ficheros<\/p>\n<p>Accesible desde el m\u00f3vil<\/p>\n<p>Accedible desde el ordenador<\/p>\n<p>Historial de versiones<\/p>\n<p>Cifrado de archivos<\/p>\n<p>No incluye digitalizaci\u00f3n de documentos<\/p>\n<p>10 \u20ac\/mes usuario adicional<\/p>\n<p>[\/et_pb_pricing_table][et_pb_pricing_table _builder_version=&#8221;3.17.6&#8243; title=&#8221;Gesti\u00f3n Classic&#8221; currency=&#8221;\u20ac\/mes&#8221; per=&#8221;121 con IVA&#8221; sum=&#8221;100&#8243; url_new_window=&#8221;off&#8221; link_option_url_new_window=&#8221;off&#8221; use_background_color_gradient=&#8221;off&#8221; background_color_gradient_start=&#8221;#2b87da&#8221; background_color_gradient_end=&#8221;#29c4a9&#8243; background_color_gradient_type=&#8221;linear&#8221; background_color_gradient_direction=&#8221;180deg&#8221; background_color_gradient_direction_radial=&#8221;center&#8221; background_color_gradient_start_position=&#8221;0%&#8221; background_color_gradient_end_position=&#8221;100%&#8221; background_color_gradient_overlays_image=&#8221;off&#8221; parallax=&#8221;off&#8221; parallax_method=&#8221;on&#8221; background_size=&#8221;cover&#8221; background_position=&#8221;center&#8221; background_repeat=&#8221;no-repeat&#8221; background_blend=&#8221;normal&#8221; allow_player_pause=&#8221;off&#8221; background_video_pause_outside_viewport=&#8221;on&#8221; featured=&#8221;off&#8221; text_shadow_style=&#8221;none&#8221; header_text_shadow_style=&#8221;none&#8221; body_text_shadow_style=&#8221;none&#8221; subheader_text_shadow_style=&#8221;none&#8221; currency_frequency_text_shadow_style=&#8221;none&#8221; price_text_shadow_style=&#8221;none&#8221; button_text_shadow_style=&#8221;none&#8221; box_shadow_style_button=&#8221;none&#8221; box_shadow_style=&#8221;preset2&#8243; hover_transition_duration=&#8221;300ms&#8221; hover_transition_delay=&#8221;0ms&#8221; hover_transition_speed_curve=&#8221;ease&#8221; text_shadow_horizontal_length=&#8221;0em&#8221; text_shadow_vertical_length=&#8221;0em&#8221; text_shadow_blur_strength=&#8221;0em&#8221; header_text_shadow_horizontal_length=&#8221;0em&#8221; header_text_shadow_vertical_length=&#8221;0em&#8221; header_text_shadow_blur_strength=&#8221;0em&#8221; body_text_shadow_horizontal_length=&#8221;0em&#8221; body_text_shadow_vertical_length=&#8221;0em&#8221; body_text_shadow_blur_strength=&#8221;0em&#8221; subheader_text_shadow_horizontal_length=&#8221;0em&#8221; subheader_text_shadow_vertical_length=&#8221;0em&#8221; subheader_text_shadow_blur_strength=&#8221;0em&#8221; currency_frequency_text_shadow_horizontal_length=&#8221;0em&#8221; currency_frequency_text_shadow_vertical_length=&#8221;0em&#8221; currency_frequency_text_shadow_blur_strength=&#8221;0em&#8221; price_text_shadow_horizontal_length=&#8221;0em&#8221; price_text_shadow_vertical_length=&#8221;0em&#8221; price_text_shadow_blur_strength=&#8221;0em&#8221; button_text_shadow_horizontal_length=&#8221;0em&#8221; button_text_shadow_vertical_length=&#8221;0em&#8221; button_text_shadow_blur_strength=&#8221;0em&#8221; pricing_item_excluded_color=&#8221;#30b6a4&#8243; header_font=&#8221;||||||||&#8221; body_font=&#8221;Ubuntu||||||||&#8221; subheader_font=&#8221;Ubuntu||||||||&#8221; currency_frequency_font=&#8221;Ubuntu||||||||&#8221; box_shadow_horizontal=&#8221;6px&#8221; box_shadow_vertical=&#8221;6px&#8221; box_shadow_blur=&#8221;18px&#8221; box_shadow_spread=&#8221;0px&#8221; price_font=&#8221;||||||||&#8221; custom_button=&#8221;off&#8221; button_bg_use_color_gradient=&#8221;off&#8221; button_bg_color_gradient_overlays_image=&#8221;off&#8221; button_use_icon=&#8221;on&#8221; button_on_hover=&#8221;on&#8221;]<\/p>\n<p>2 usuarios incluidos<\/p>\n<p>Almacenaje ILIMITADO<\/p>\n<p>M\u00e1ximo de 5 GB por documento<\/p>\n<p>Incluye todas las funciones de Gesti\u00f3n Basic<\/p>\n<p>Marcas personalizadas en los documentos<\/p>\n<p>Prevenci\u00f3n de la p\u00e9rdida de datos<\/p>\n<p>Inicio de sesi\u00f3n \u00fanico<\/p>\n<p>Creaci\u00f3n de informes de seguridad y de usuario<\/p>\n<p>No incluye la digitalizaci\u00f3n de documentos<\/p>\n<p>25\u20ac\/mes usuario adicional<\/p>\n<p>[\/et_pb_pricing_table][et_pb_pricing_table _builder_version=&#8221;3.17.6&#8243; title=&#8221;Gesti\u00f3n Premium&#8221; currency=&#8221;\u20ac\/mes&#8221; per=&#8221;242 con IVA&#8221; sum=&#8221;200&#8243; url_new_window=&#8221;off&#8221; link_option_url_new_window=&#8221;off&#8221; use_background_color_gradient=&#8221;off&#8221; background_color_gradient_start=&#8221;#2b87da&#8221; background_color_gradient_end=&#8221;#29c4a9&#8243; background_color_gradient_type=&#8221;linear&#8221; background_color_gradient_direction=&#8221;180deg&#8221; background_color_gradient_direction_radial=&#8221;center&#8221; background_color_gradient_start_position=&#8221;0%&#8221; background_color_gradient_end_position=&#8221;100%&#8221; background_color_gradient_overlays_image=&#8221;off&#8221; parallax=&#8221;off&#8221; parallax_method=&#8221;on&#8221; background_size=&#8221;cover&#8221; background_position=&#8221;center&#8221; background_repeat=&#8221;no-repeat&#8221; background_blend=&#8221;normal&#8221; allow_player_pause=&#8221;off&#8221; background_video_pause_outside_viewport=&#8221;on&#8221; featured=&#8221;off&#8221; text_shadow_style=&#8221;none&#8221; header_text_shadow_style=&#8221;none&#8221; body_text_shadow_style=&#8221;none&#8221; subheader_text_shadow_style=&#8221;none&#8221; currency_frequency_text_shadow_style=&#8221;none&#8221; price_text_shadow_style=&#8221;none&#8221; button_text_shadow_style=&#8221;none&#8221; box_shadow_style_button=&#8221;none&#8221; box_shadow_style=&#8221;preset2&#8243; hover_transition_duration=&#8221;300ms&#8221; hover_transition_delay=&#8221;0ms&#8221; hover_transition_speed_curve=&#8221;ease&#8221; text_shadow_horizontal_length=&#8221;0em&#8221; text_shadow_vertical_length=&#8221;0em&#8221; text_shadow_blur_strength=&#8221;0em&#8221; header_text_shadow_horizontal_length=&#8221;0em&#8221; header_text_shadow_vertical_length=&#8221;0em&#8221; header_text_shadow_blur_strength=&#8221;0em&#8221; body_text_shadow_horizontal_length=&#8221;0em&#8221; body_text_shadow_vertical_length=&#8221;0em&#8221; body_text_shadow_blur_strength=&#8221;0em&#8221; subheader_text_shadow_horizontal_length=&#8221;0em&#8221; subheader_text_shadow_vertical_length=&#8221;0em&#8221; subheader_text_shadow_blur_strength=&#8221;0em&#8221; currency_frequency_text_shadow_horizontal_length=&#8221;0em&#8221; currency_frequency_text_shadow_vertical_length=&#8221;0em&#8221; currency_frequency_text_shadow_blur_strength=&#8221;0em&#8221; price_text_shadow_horizontal_length=&#8221;0em&#8221; price_text_shadow_vertical_length=&#8221;0em&#8221; price_text_shadow_blur_strength=&#8221;0em&#8221; button_text_shadow_horizontal_length=&#8221;0em&#8221; button_text_shadow_vertical_length=&#8221;0em&#8221; button_text_shadow_blur_strength=&#8221;0em&#8221; pricing_item_excluded_color=&#8221;#30b6a4&#8243; header_font=&#8221;||||||||&#8221; body_font=&#8221;Ubuntu||||||||&#8221; subheader_font=&#8221;Ubuntu||||||||&#8221; currency_frequency_font=&#8221;Ubuntu||||||||&#8221; box_shadow_horizontal=&#8221;6px&#8221; box_shadow_vertical=&#8221;6px&#8221; box_shadow_blur=&#8221;18px&#8221; box_shadow_spread=&#8221;0px&#8221; price_font=&#8221;||||||||&#8221; custom_button=&#8221;off&#8221; button_bg_use_color_gradient=&#8221;off&#8221; button_bg_color_gradient_overlays_image=&#8221;off&#8221; button_use_icon=&#8221;on&#8221; button_on_hover=&#8221;on&#8221; button_text=&#8221;Contratar&#8221;]<\/p>\n<p>2 usuarios incluidos<\/p>\n<p>Adem\u00e1s de lo incluido en Gesti\u00f3n Classic<\/p>\n<p>Posibilidad de sala virtual para colaboradores sin licencias adicionales<\/p>\n<p>Rastreo completo de la actividad del usuario<\/p>\n<p>Metadatos y plantillas personalizadas<\/p>\n<p>B\u00fasqueda inteligente de documentos<\/p>\n<p>Hasta 50.000 consultas al mes<\/p>\n<p>No incluye la digitalizaci\u00f3n de documentos<\/p>\n<p>50 \u20ac\/mes usuario adicional<\/p>\n<p>[\/et_pb_pricing_table][\/et_pb_pricing_tables][\/et_pb_column][\/et_pb_row][\/et_pb_section][et_pb_section bb_built=&#8221;1&#8243; fullwidth=&#8221;off&#8221; specialty=&#8221;off&#8221; prev_background_color=&#8221;#000000&#8243;][et_pb_row _builder_version=&#8221;3.17.6&#8243;][et_pb_column type=&#8221;1_3&#8243;][et_pb_button admin_label=&#8221;Bot\u00f3nWhatsApp&#8221; _builder_version=&#8221;3.17.6&#8243; button_text=&#8221;Contacta por WhatsApp&#8221; url_new_window=&#8221;on&#8221; button_url=&#8221;https:\/\/api.whatsapp.com\/send?phone=34639565284&#8243; custom_button=&#8221;on&#8221; button_text_color=&#8221;#30b6a4&#8243; box_shadow_style=&#8221;preset1&#8243; \/][\/et_pb_column][et_pb_column type=&#8221;1_3&#8243;][et_pb_button _builder_version=&#8221;3.17.6&#8243; button_text=&#8221;Nuestros Servicios&#8221; button_url=&#8221;https:\/\/oficinavirtual.tech\/index.php\/servicios\/&#8221; custom_button=&#8221;on&#8221; button_text_color=&#8221;#30b6a4&#8243; box_shadow_style=&#8221;preset2&#8243; \/][\/et_pb_column][et_pb_column type=&#8221;1_3&#8243;][et_pb_button _builder_version=&#8221;3.17.6&#8243; button_text=&#8221;Contacta por eMail&#8221; button_url=&#8221;https:\/\/oficinavirtual.tech\/index.php\/contacto\/&#8221; url_new_window=&#8221;on&#8221; custom_button=&#8221;on&#8221; button_text_color=&#8221;#30b6a4&#8243; box_shadow_style=&#8221;preset2&#8243; \/][\/et_pb_column][\/et_pb_row][\/et_pb_section]<\/p>\n","protected":false},"excerpt":{"rendered":"<p>[et_pb_section bb_built=&#8221;1&#8243; next_background_color=&#8221;#000000&#8243;][et_pb_row][et_pb_column type=&#8221;2_3&#8243;][et_pb_text _builder_version=&#8221;3.17.6&#8243;] Pues s\u00ed, nos encargamos de gestionar tus documentos. Haremos desaparecer el papel, adapta tu empresa a la transformaci\u00f3n digital. La gesti\u00f3n de todos tus documentos como no la has experimentado nunca. Despreoc\u00fapate de ordenarlos y almacenarlos. Como todo, lo hacemos en la nube para que lo tengas accesible las 24 [&hellip;]<\/p>\n","protected":false},"author":1,"featured_media":0,"parent":0,"menu_order":0,"comment_status":"closed","ping_status":"closed","template":"","meta":{"_et_pb_use_builder":"on","_et_pb_old_content":"","footnotes":""},"_links":{"self":[{"href":"https:\/\/oficinavirtual.tech\/index.php\/wp-json\/wp\/v2\/pages\/592"}],"collection":[{"href":"https:\/\/oficinavirtual.tech\/index.php\/wp-json\/wp\/v2\/pages"}],"about":[{"href":"https:\/\/oficinavirtual.tech\/index.php\/wp-json\/wp\/v2\/types\/page"}],"author":[{"embeddable":true,"href":"https:\/\/oficinavirtual.tech\/index.php\/wp-json\/wp\/v2\/users\/1"}],"replies":[{"embeddable":true,"href":"https:\/\/oficinavirtual.tech\/index.php\/wp-json\/wp\/v2\/comments?post=592"}],"version-history":[{"count":2,"href":"https:\/\/oficinavirtual.tech\/index.php\/wp-json\/wp\/v2\/pages\/592\/revisions"}],"predecessor-version":[{"id":773,"href":"https:\/\/oficinavirtual.tech\/index.php\/wp-json\/wp\/v2\/pages\/592\/revisions\/773"}],"wp:attachment":[{"href":"https:\/\/oficinavirtual.tech\/index.php\/wp-json\/wp\/v2\/media?parent=592"}],"curies":[{"name":"wp","href":"https:\/\/api.w.org\/{rel}","templated":true}]}}