{"id":633,"date":"2019-03-12T11:10:19","date_gmt":"2019-03-12T11:10:19","guid":{"rendered":"https:\/\/oficinavirtual.tech\/?page_id=633"},"modified":"2019-03-26T16:55:39","modified_gmt":"2019-03-26T16:55:39","slug":"asistelef","status":"publish","type":"page","link":"https:\/\/oficinavirtual.tech\/index.php\/asistelef\/","title":{"rendered":"Asistencia telef\u00f3nica"},"content":{"rendered":"<p>[et_pb_section bb_built=&#8221;1&#8243; next_background_color=&#8221;#000000&#8243;][et_pb_row][et_pb_column type=&#8221;2_3&#8243;][et_pb_text _builder_version=&#8221;3.17.6&#8243;]<\/p>\n<p>Porque una llamada perdida puede ser un cliente menos, atiende siempre al tel\u00e9fono, t\u00fa o alguien en tu nombre.<\/p>\n<p>Ni una sola llamada perdida, no importa cu\u00e1ntas sean simultaneas, se atender\u00e1n todas. Esto es lo que te ofrecemos.<\/p>\n<p>Tener un asistente presencial es caro y, en la mayor\u00eda de las ocasiones, innecesario. Es por esto puedes optar por tres alternativas sen funci\u00f3n de tus necesidades.<\/p>\n<p>[\/et_pb_text][\/et_pb_column][et_pb_column type=&#8221;1_3&#8243;][et_pb_image _builder_version=&#8221;3.17.6&#8243; src=&#8221;https:\/\/oficinavirtual.tech\/wp-content\/uploads\/2019\/01\/asistencia_telefonica-e1553507098376.jpg&#8221; \/][\/et_pb_column][\/et_pb_row][et_pb_row][et_pb_column type=&#8221;4_4&#8243;][et_pb_text _builder_version=&#8221;3.17.6&#8243; text_orientation=&#8221;center&#8221;]<\/p>\n<p style=\"text-align: center;\"><div class='et-box et-shadow'>\n\t\t\t\t\t<div class='et-box-content'><span style=\"color: #30b6a4;\">Telefon\u00eda a trav\u00e9s de Internet <\/span><\/div><\/div><\/p>\n<p>[\/et_pb_text][\/et_pb_column][\/et_pb_row][et_pb_row][et_pb_column type=&#8221;4_4&#8243;][et_pb_text _builder_version=&#8221;3.17.6&#8243;]<\/p>\n<p>Cambia tu l\u00ednea anal\u00f3gica por una l\u00ednea de VozIP con funcionalidades avanzadas.<\/p>\n<p>N\u00famero nacional o internacional sin permanencia.<\/p>\n<p>Podr\u00e1s atender llamadas y redirigirlas de forma autom\u00e1tica seg\u00fan criterios de tu elecci\u00f3n.<\/p>\n<p>Gesti\u00f3n de m\u00faltiples llamadas entrantes.<\/p>\n<p>Personalizaci\u00f3n de centralita con diferentes mensajes y filtros horarios.<\/p>\n<p>Recibe los mensajes en el momento que te los dejen y ten este tel\u00e9fono como App.<\/p>\n<p>[\/et_pb_text][\/et_pb_column][\/et_pb_row][et_pb_row][et_pb_column type=&#8221;4_4&#8243;][et_pb_text _builder_version=&#8221;3.17.6&#8243; text_orientation=&#8221;center&#8221;]<\/p>\n<p style=\"text-align: center;\"><div class='et-box et-shadow'>\n\t\t\t\t\t<div class='et-box-content'><span style=\"color: #30b6a4;\"> Atenci\u00f3n telef\u00f3nica personalizada<\/span>\u00a0<\/div><\/div><\/p>\n<p>[\/et_pb_text][\/et_pb_column][\/et_pb_row][et_pb_row][et_pb_column type=&#8221;4_4&#8243;][et_pb_text _builder_version=&#8221;3.17.6&#8243;]<\/p>\n<p>Atenci\u00f3n personalizada por parte de nuestros asistentes profesionales.<\/p>\n<p>En horario comercial hasta 12 horas en d\u00edas laborales.<\/p>\n<p>N\u00famero nacional de la provincia que quieras.<\/p>\n<p>Servicio personalizado para recoger los datos de tus clientes.<\/p>\n<p>Buz\u00f3n personal para escuchar tus mensajes.<\/p>\n<p>Gesti\u00f3n de agenda con recordatorios, confirmaci\u00f3n de citas,\u00a0reasignaci\u00f3n de listas de espera y gesti\u00f3n de cancelaciones.<\/p>\n<p>[\/et_pb_text][\/et_pb_column][\/et_pb_row][et_pb_row][et_pb_column type=&#8221;4_4&#8243;][et_pb_text _builder_version=&#8221;3.17.6&#8243; text_orientation=&#8221;center&#8221;]<\/p>\n<p style=\"text-align: center;\"><div class='et-box et-shadow'>\n\t\t\t\t\t<div class='et-box-content'><span style=\"color: #30b6a4;\">Bots entrenados de asistencia virtual <\/span><\/div><\/div><\/p>\n<p>[\/et_pb_text][\/et_pb_column][\/et_pb_row][et_pb_row][et_pb_column type=&#8221;4_4&#8243;][et_pb_text _builder_version=&#8221;3.17.6&#8243;]<\/p>\n<p>Atenci\u00f3n 24 horas de manera ininterrumpida.<\/p>\n<p>Posibilidad de varios idiomas de atenci\u00f3n.<\/p>\n<p>N\u00famero nacional de la provincia que quieras.<\/p>\n<p>Grabaci\u00f3n de llamadas.<\/p>\n<p>Transcripci\u00f3n de la llamada.<\/p>\n<p>Gesti\u00f3n de citas ofreciendo varias alternativas, replanificaci\u00f3n, reservas, confirmaciones.<\/p>\n<p>[\/et_pb_text][\/et_pb_column][\/et_pb_row][et_pb_row][et_pb_column type=&#8221;4_4&#8243;][et_pb_text _builder_version=&#8221;3.17.6&#8243;]<\/p>\n<div role=\"form\" class=\"wpcf7\" id=\"wpcf7-f780-o1\" lang=\"es-ES\" dir=\"ltr\">\n<div class=\"screen-reader-response\"><\/div>\n<form action=\"\/index.php\/wp-json\/wp\/v2\/pages\/633#wpcf7-f780-o1\" method=\"post\" class=\"wpcf7-form\" novalidate=\"novalidate\">\n<div style=\"display: none;\">\n<input type=\"hidden\" name=\"_wpcf7\" value=\"780\" \/>\n<input type=\"hidden\" name=\"_wpcf7_version\" value=\"5.1.3\" \/>\n<input type=\"hidden\" name=\"_wpcf7_locale\" value=\"es_ES\" \/>\n<input type=\"hidden\" name=\"_wpcf7_unit_tag\" value=\"wpcf7-f780-o1\" \/>\n<input type=\"hidden\" name=\"_wpcf7_container_post\" value=\"0\" \/>\n<input type=\"hidden\" name=\"g-recaptcha-response\" value=\"\" \/>\n<\/div>\n<p><label> Dinos qu\u00e9 necesitas<br \/>\n    <span class=\"wpcf7-form-control-wrap your-message\"><textarea name=\"your-message\" cols=\"40\" rows=\"10\" class=\"wpcf7-form-control wpcf7-textarea\" aria-invalid=\"false\"><\/textarea><\/span> <\/label><\/p>\n<p><label> Tu nombre (requerido)<br \/>\n    <span class=\"wpcf7-form-control-wrap your-name\"><input type=\"text\" name=\"your-name\" value=\"\" size=\"40\" class=\"wpcf7-form-control wpcf7-text wpcf7-validates-as-required\" aria-required=\"true\" aria-invalid=\"false\" \/><\/span> <\/label><\/p>\n<p><label> Tu correo electr\u00f3nico (requerido)<br \/>\n    <span class=\"wpcf7-form-control-wrap your-email\"><input type=\"email\" name=\"your-email\" value=\"\" size=\"40\" class=\"wpcf7-form-control wpcf7-text wpcf7-email wpcf7-validates-as-required wpcf7-validates-as-email\" aria-required=\"true\" aria-invalid=\"false\" \/><\/span> <\/label><\/p>\n<p><label><span class=\"wpcf7-form-control-wrap acceptance-596\"><span class=\"wpcf7-form-control wpcf7-acceptance\"><span class=\"wpcf7-list-item\"><label><input type=\"checkbox\" name=\"acceptance-596\" value=\"1\" aria-invalid=\"false\" \/><span class=\"wpcf7-list-item-label\">He le\u00eddo y acepto el <a href=\"https:\/\/oficinavirtual.tech\/index.php\/aviso-legal\/\"><span style=\"color: #30b6a4;\">Aviso Legal<\/span><\/a> y la <a href=\"https:\/\/oficinavirtual.tech\/index.php\/politica-privacidad\/\"><span style=\"color: #30b6a4;\">Pol\u00edtica de Privacidad <\/span><\/a><\/span><\/label><\/span><\/span><\/span><\/label><\/p>\n<p><label>\n\n<p><\/label><\/p>\n<p><input type=\"submit\" value=\"Enviar\" class=\"wpcf7-form-control wpcf7-submit\" \/><\/p>\n<div class=\"wpcf7-response-output wpcf7-display-none\"><\/div><\/form><\/div>\n<p>[\/et_pb_text][\/et_pb_column][\/et_pb_row][\/et_pb_section][et_pb_section bb_built=&#8221;1&#8243; fullwidth=&#8221;off&#8221; specialty=&#8221;off&#8221; prev_background_color=&#8221;#000000&#8243;][et_pb_row _builder_version=&#8221;3.17.6&#8243;][et_pb_column type=&#8221;1_3&#8243;][et_pb_button admin_label=&#8221;Bot\u00f3nWhatsApp&#8221; _builder_version=&#8221;3.17.6&#8243; button_text=&#8221;Contacta por WhatsApp&#8221; url_new_window=&#8221;on&#8221; button_url=&#8221;https:\/\/api.whatsapp.com\/send?phone=34639565284&#8243; custom_button=&#8221;on&#8221; button_text_color=&#8221;#30b6a4&#8243; box_shadow_style=&#8221;preset1&#8243; \/][\/et_pb_column][et_pb_column type=&#8221;1_3&#8243;][et_pb_button _builder_version=&#8221;3.17.6&#8243; button_text=&#8221;Nuestros Servicios&#8221; button_url=&#8221;https:\/\/oficinavirtual.tech\/index.php\/servicios\/&#8221; custom_button=&#8221;on&#8221; button_text_color=&#8221;#30b6a4&#8243; box_shadow_style=&#8221;preset2&#8243; \/][\/et_pb_column][et_pb_column type=&#8221;1_3&#8243;][et_pb_button _builder_version=&#8221;3.17.6&#8243; button_text=&#8221;Contacta por eMail&#8221; button_url=&#8221;https:\/\/oficinavirtual.tech\/index.php\/contacto\/&#8221; url_new_window=&#8221;on&#8221; custom_button=&#8221;on&#8221; button_text_color=&#8221;#30b6a4&#8243; box_shadow_style=&#8221;preset2&#8243; \/][\/et_pb_column][\/et_pb_row][\/et_pb_section]<\/p>\n","protected":false},"excerpt":{"rendered":"<p>[et_pb_section bb_built=&#8221;1&#8243; next_background_color=&#8221;#000000&#8243;][et_pb_row][et_pb_column type=&#8221;2_3&#8243;][et_pb_text _builder_version=&#8221;3.17.6&#8243;] Porque una llamada perdida puede ser un cliente menos, atiende siempre al tel\u00e9fono, t\u00fa o alguien en tu nombre. Ni una sola llamada perdida, no importa cu\u00e1ntas sean simultaneas, se atender\u00e1n todas. Esto es lo que te ofrecemos. Tener un asistente presencial es caro y, en la mayor\u00eda de las [&hellip;]<\/p>\n","protected":false},"author":1,"featured_media":0,"parent":0,"menu_order":0,"comment_status":"closed","ping_status":"closed","template":"","meta":{"_et_pb_use_builder":"on","_et_pb_old_content":"","footnotes":""},"_links":{"self":[{"href":"https:\/\/oficinavirtual.tech\/index.php\/wp-json\/wp\/v2\/pages\/633"}],"collection":[{"href":"https:\/\/oficinavirtual.tech\/index.php\/wp-json\/wp\/v2\/pages"}],"about":[{"href":"https:\/\/oficinavirtual.tech\/index.php\/wp-json\/wp\/v2\/types\/page"}],"author":[{"embeddable":true,"href":"https:\/\/oficinavirtual.tech\/index.php\/wp-json\/wp\/v2\/users\/1"}],"replies":[{"embeddable":true,"href":"https:\/\/oficinavirtual.tech\/index.php\/wp-json\/wp\/v2\/comments?post=633"}],"version-history":[{"count":8,"href":"https:\/\/oficinavirtual.tech\/index.php\/wp-json\/wp\/v2\/pages\/633\/revisions"}],"predecessor-version":[{"id":782,"href":"https:\/\/oficinavirtual.tech\/index.php\/wp-json\/wp\/v2\/pages\/633\/revisions\/782"}],"wp:attachment":[{"href":"https:\/\/oficinavirtual.tech\/index.php\/wp-json\/wp\/v2\/media?parent=633"}],"curies":[{"name":"wp","href":"https:\/\/api.w.org\/{rel}","templated":true}]}}