{"id":639,"date":"2019-03-13T08:37:17","date_gmt":"2019-03-13T08:37:17","guid":{"rendered":"https:\/\/oficinavirtual.tech\/?page_id=639"},"modified":"2019-03-25T15:52:46","modified_gmt":"2019-03-25T15:52:46","slug":"kpi-2","status":"publish","type":"page","link":"https:\/\/oficinavirtual.tech\/index.php\/kpi-2\/","title":{"rendered":"KPI"},"content":{"rendered":"<p>[et_pb_section bb_built=&#8221;1&#8243; next_background_color=&#8221;#000000&#8243;][et_pb_row][et_pb_column type=&#8221;2_3&#8243;][et_pb_text _builder_version=&#8221;3.17.6&#8243;]<\/p>\n<p>Porque todo negocio lleva impl\u00edcito el cumplimiento de unos objetivos, definimos los par\u00e1metros para medir la evoluci\u00f3n de lo que quieres conseguir.<\/p>\n<p>Los Par\u00e1metros o <span style=\"color: #30b6a4;\">Indicadores Clave de Negocio<\/span> o Rendimiento (KPI o Key Performance Indicators en ingl\u00e9s) son utilizados por las empresas para poder medir, por ejemplo, el nivel de servicio, diagnosticar una situaci\u00f3n, ver si las medidas correctoras est\u00e1n dando frutos, motivar a los responsables del cumplimiento de objetivos, en resumen, <span style=\"color: #30b6a4;\">evaluar la situaci\u00f3n de la empresa<\/span> o la progresi\u00f3n de las medidas correctoras en cualquier momento<\/p>\n<p>Estos indicadores <span style=\"color: #30b6a4;\">no son est\u00e1ndar<\/span> para las empresas, var\u00edan en funci\u00f3n del tipo de negocio y la actividad que se prentende medir y alcanzar. Hay que definirlos correctamente para que sean \u00fatiles al negocio, sino, estamos perdiendo el tiempo.<\/p>\n<p>[\/et_pb_text][\/et_pb_column][et_pb_column type=&#8221;1_3&#8243;][et_pb_image _builder_version=&#8221;3.17.6&#8243; src=&#8221;https:\/\/oficinavirtual.tech\/wp-content\/uploads\/2019\/01\/KPI-e1553507257682.jpg&#8221; \/][\/et_pb_column][\/et_pb_row][et_pb_row][et_pb_column type=&#8221;4_4&#8243;][et_pb_text _builder_version=&#8221;3.17.6&#8243; text_orientation=&#8221;center&#8221;]<\/p>\n<p style=\"text-align: center;\"><div class='et-box et-shadow'>\n\t\t\t\t\t<div class='et-box-content'><span style=\"color: #30b6a4;\">Lo que no se mide, no se gestiona <\/span><\/div><\/div><\/p>\n<p>[\/et_pb_text][\/et_pb_column][\/et_pb_row][et_pb_row][et_pb_column type=&#8221;4_4&#8243;][et_pb_text _builder_version=&#8221;3.17.6&#8243;]<\/p>\n<p>Seg\u00fan su propia definici\u00f3n, las <span style=\"color: #30b6a4;\">car\u00e1cter\u00edsticas<\/span> que debe cumplir cualquier indicador, resumidas por el acr\u00f3nimo ingl\u00e9s SMART, son:<\/p>\n<ul>\n<li>E<span style=\"color: #30b6a4;\">S<\/span>pec\u00edficas<\/li>\n<li><span style=\"color: #30b6a4;\">M<\/span>edibles<\/li>\n<li><span style=\"color: #30b6a4;\">A<\/span>lcanzables<\/li>\n<li><span style=\"color: #30b6a4;\">R<\/span>elevantes<\/li>\n<li><span style=\"color: #30b6a4;\">T<\/span>emporales<\/li>\n<\/ul>\n<p>Yo a\u00f1adir\u00eda que deben estar disponibles a tiempo.<\/p>\n<p>Para implementarlos correctamente, y tener un buen sistema de indicadores, hay que conocer bien tu negocio y los procesos que est\u00e1n involucrados en el mismo. De nada sirve tener indicadores si no sabes si lo que te est\u00e1n diciendo sirve para algo en tu negocio.<\/p>\n<p>Como ejemplo gr\u00e1fico y exagerado, a un comercio de calle de nada le sirve saber su tiempo de montaje de un producto, pero es fundamental conocer cu\u00e1nta de la gente que entra, compra.<\/p>\n<p>[\/et_pb_text][\/et_pb_column][\/et_pb_row][et_pb_row][et_pb_column type=&#8221;4_4&#8243;][et_pb_text _builder_version=&#8221;3.17.6&#8243; text_orientation=&#8221;center&#8221;]<\/p>\n<p style=\"text-align: center;\"><div class='et-box et-shadow'>\n\t\t\t\t\t<div class='et-box-content'><span style=\"color: #30b6a4;\">Su objetivo es que el an\u00e1lisis y la informaci\u00f3n te ayuden a controlar y tomar medidas correctoras en tu negocio <\/span><\/div><\/div><\/p>\n<p>[\/et_pb_text][\/et_pb_column][\/et_pb_row][et_pb_row][et_pb_column type=&#8221;4_4&#8243;][et_pb_text _builder_version=&#8221;3.17.6&#8243;]<\/p>\n<p>Para tener <span style=\"color: #30b6a4;\">\u00e9xito<\/span> a la hora de poner en marcha los indicadores debes hacer unas reflexiones iniciales, se deben identificar las ineficiencias actuales y las oportunidades de mejora. Parar a pensar te servir\u00e1 para <span style=\"color: #30b6a4;\">detectar las actividades que se pueden eliminar<\/span> y no aporten nada a tu negocio.<span style=\"color: #30b6a4;\"> Los detalles son muy importantes<\/span>, ya que determinan el consumo de tus recursos. Si lo haces bien, te sorprender\u00e1 como los indicadores <span style=\"color: #30b6a4;\">te servir\u00e1n para revisar la eficiencia y la eficacia de los procesos<\/span>.\u00a0<\/p>\n<p>Los elementos comunes que caracterizan los procesos tienen unas car\u00e1cter\u00edsticas b\u00e1sicas y hay que definirlas y analizarlas:<\/p>\n<ul>\n<li>Misi\u00f3n<\/li>\n<li>Subprocesos, actividades o tareas<\/li>\n<li>Cuando comienza y finaliza, fases del proceso<\/li>\n<li>Entradas y proveedores en el proceso<\/li>\n<li>Salidas y clientes en el proceso<\/li>\n<li>Recursos necesarios<\/li>\n<li>Restricciones<\/li>\n<\/ul>\n<p>[\/et_pb_text][\/et_pb_column][\/et_pb_row][et_pb_row][et_pb_column type=&#8221;4_4&#8243;][et_pb_text _builder_version=&#8221;3.17.6&#8243; text_orientation=&#8221;center&#8221;]<\/p>\n<p style=\"text-align: center;\"><div class='et-box et-shadow'>\n\t\t\t\t\t<div class='et-box-content'><span style=\"color: #30b6a4;\"> Las ineficiencias son atribuibles a los procesos, no a las personas<\/span>\u00a0<\/div><\/div><\/p>\n<p>[\/et_pb_text][\/et_pb_column][\/et_pb_row][et_pb_row][et_pb_column type=&#8221;4_4&#8243;][et_pb_text _builder_version=&#8221;3.17.6&#8243;]<\/p>\n<p>Adem\u00e1s de la identificaci\u00f3n, los <span style=\"color: #30b6a4;\">indicadores deben ser<\/span>:<\/p>\n<ol>\n<li><span style=\"color: #30b6a4;\">Trascendente<\/span>. Las mediciones deben ser relevantes en la toma de decisiones, por lo que los indicadores deben representar una actividad importante o cr\u00edtica en el proceso de negocio.<\/li>\n<li><span style=\"color: #30b6a4;\">Econ\u00f3mico<\/span>. Debe ser mayor el beneficio que conseguimos al utilizar el indicador que el coste de su obtenci\u00f3n y tratamiento.<\/li>\n<li><span style=\"color: #30b6a4;\">Oportuno.<\/span> Un indicador no sirve de nada si no se dispone de la informaci\u00f3n que deseamos en el momento apropiado, es decir, cuando se necesita.<\/li>\n<li><span style=\"color: #30b6a4;\">Preciso y fiable.<\/span> El grado en que la medida obtenida refleje fielmente la magnitud de la variable que queremos medir.<\/li>\n<\/ol>\n<p>&nbsp;<\/p>\n<p><span><span style=\"color: #30b6a4;\">C<\/span><a style=\"color: #30b6a4;\" href=\"https:\/\/oficinavirtual.tech\/index.php\/contacto\/\">ontacta<\/a>\u00a0<\/span>con nosotros para m\u00e1s informaci\u00f3n. Para este servicio no podemos darte un presupuesto est\u00e1ndar. Eso s\u00ed, podemos ayudarte a definir, medir y ense\u00f1arte a hacer seguimiento para que te sean \u00fatiles.<\/p>\n<p>[\/et_pb_text][\/et_pb_column][\/et_pb_row][\/et_pb_section][et_pb_section bb_built=&#8221;1&#8243; fullwidth=&#8221;off&#8221; specialty=&#8221;off&#8221; prev_background_color=&#8221;#000000&#8243;][et_pb_row _builder_version=&#8221;3.17.6&#8243;][et_pb_column type=&#8221;1_3&#8243;][et_pb_button admin_label=&#8221;Bot\u00f3nWhatsApp&#8221; _builder_version=&#8221;3.17.6&#8243; button_text=&#8221;Contacta por WhatsApp&#8221; url_new_window=&#8221;on&#8221; button_url=&#8221;https:\/\/api.whatsapp.com\/send?phone=34639565284&#8243; custom_button=&#8221;on&#8221; button_text_color=&#8221;#30b6a4&#8243; box_shadow_style=&#8221;preset1&#8243; \/][\/et_pb_column][et_pb_column type=&#8221;1_3&#8243;][et_pb_button _builder_version=&#8221;3.17.6&#8243; button_text=&#8221;Nuestros Servicios&#8221; button_url=&#8221;https:\/\/oficinavirtual.tech\/index.php\/servicios\/&#8221; custom_button=&#8221;on&#8221; button_text_color=&#8221;#30b6a4&#8243; box_shadow_style=&#8221;preset2&#8243; \/][\/et_pb_column][et_pb_column type=&#8221;1_3&#8243;][et_pb_button _builder_version=&#8221;3.17.6&#8243; button_text=&#8221;Contacta por eMail&#8221; button_url=&#8221;https:\/\/oficinavirtual.tech\/index.php\/contacto\/&#8221; url_new_window=&#8221;on&#8221; custom_button=&#8221;on&#8221; button_text_color=&#8221;#30b6a4&#8243; box_shadow_style=&#8221;preset2&#8243; \/][\/et_pb_column][\/et_pb_row][\/et_pb_section]<\/p>\n","protected":false},"excerpt":{"rendered":"<p>[et_pb_section bb_built=&#8221;1&#8243; next_background_color=&#8221;#000000&#8243;][et_pb_row][et_pb_column type=&#8221;2_3&#8243;][et_pb_text _builder_version=&#8221;3.17.6&#8243;] Porque todo negocio lleva impl\u00edcito el cumplimiento de unos objetivos, definimos los par\u00e1metros para medir la evoluci\u00f3n de lo que quieres conseguir. Los Par\u00e1metros o Indicadores Clave de Negocio o Rendimiento (KPI o Key Performance Indicators en ingl\u00e9s) son utilizados por las empresas para poder medir, por ejemplo, el nivel [&hellip;]<\/p>\n","protected":false},"author":1,"featured_media":0,"parent":0,"menu_order":0,"comment_status":"closed","ping_status":"closed","template":"","meta":{"_et_pb_use_builder":"on","_et_pb_old_content":"","footnotes":""},"_links":{"self":[{"href":"https:\/\/oficinavirtual.tech\/index.php\/wp-json\/wp\/v2\/pages\/639"}],"collection":[{"href":"https:\/\/oficinavirtual.tech\/index.php\/wp-json\/wp\/v2\/pages"}],"about":[{"href":"https:\/\/oficinavirtual.tech\/index.php\/wp-json\/wp\/v2\/types\/page"}],"author":[{"embeddable":true,"href":"https:\/\/oficinavirtual.tech\/index.php\/wp-json\/wp\/v2\/users\/1"}],"replies":[{"embeddable":true,"href":"https:\/\/oficinavirtual.tech\/index.php\/wp-json\/wp\/v2\/comments?post=639"}],"version-history":[{"count":1,"href":"https:\/\/oficinavirtual.tech\/index.php\/wp-json\/wp\/v2\/pages\/639\/revisions"}],"predecessor-version":[{"id":770,"href":"https:\/\/oficinavirtual.tech\/index.php\/wp-json\/wp\/v2\/pages\/639\/revisions\/770"}],"wp:attachment":[{"href":"https:\/\/oficinavirtual.tech\/index.php\/wp-json\/wp\/v2\/media?parent=639"}],"curies":[{"name":"wp","href":"https:\/\/api.w.org\/{rel}","templated":true}]}}