{"id":710,"date":"2019-03-14T06:51:49","date_gmt":"2019-03-14T06:51:49","guid":{"rendered":"https:\/\/oficinavirtual.tech\/?page_id=710"},"modified":"2019-03-25T15:50:05","modified_gmt":"2019-03-25T15:50:05","slug":"tu-servicio","status":"publish","type":"page","link":"https:\/\/oficinavirtual.tech\/index.php\/tu-servicio\/","title":{"rendered":"Tu servicio"},"content":{"rendered":"<p>[et_pb_section bb_built=&#8221;1&#8243; next_background_color=&#8221;#000000&#8243;][et_pb_row][et_pb_column type=&#8221;2_3&#8243;][et_pb_text _builder_version=&#8221;3.17.6&#8243;]<\/p>\n<p>Si crees que tus servicios o tu negocio puede encajar con la filosof\u00eda de OficinaVirtual.Tech, entonces podemos incorporarlos a nuestra galer\u00eda de productos y crecer juntos.<\/p>\n<p>Creemos en la econom\u00eda colaborativa, en ayudarnos mutuamente y hacernos fuertes.<\/p>\n<p>Si tu negocio est\u00e1 basado en la tecnolog\u00eda, tiene un alto grado de automatizaci\u00f3n, puede ser accesible las 24 horas, es escalable, es especializado, responsable con el medio ambiente, favorece la integraci\u00f3n de las personas en el mundo laboral o crees que puede complementar los servicios que ofrecemos, <span style=\"color: #30b6a4;\">no lo dudes<\/span>, <span style=\"color: #30b6a4;\">ponte en contacto con nosotros<\/span> y veremos c\u00f3mo lo implementamos dentro de OficinaVirtual.Tech.<\/p>\n<p>[\/et_pb_text][\/et_pb_column][et_pb_column type=&#8221;1_3&#8243;][et_pb_image _builder_version=&#8221;3.17.6&#8243; src=&#8221;https:\/\/oficinavirtual.tech\/wp-content\/uploads\/2019\/03\/Marielle-Price-e1553507365223.png&#8221; \/][\/et_pb_column][\/et_pb_row][et_pb_row][et_pb_column type=&#8221;4_4&#8243;][et_pb_text _builder_version=&#8221;3.17.6&#8243; text_orientation=&#8221;center&#8221;]<\/p>\n<p style=\"text-align: center;\"><div class='et-box et-shadow'>\n\t\t\t\t\t<div class='et-box-content'><span style=\"color: #30b6a4;\">La uni\u00f3n hace la fuerza\u00a0<\/span><\/div><\/div><\/p>\n<p>[\/et_pb_text][\/et_pb_column][\/et_pb_row][\/et_pb_section][et_pb_section bb_built=&#8221;1&#8243; fullwidth=&#8221;off&#8221; specialty=&#8221;off&#8221; prev_background_color=&#8221;#000000&#8243;][et_pb_row _builder_version=&#8221;3.17.6&#8243;][et_pb_column type=&#8221;1_3&#8243;][et_pb_button admin_label=&#8221;Bot\u00f3nWhatsApp&#8221; _builder_version=&#8221;3.17.6&#8243; button_text=&#8221;Contacta por WhatsApp&#8221; url_new_window=&#8221;on&#8221; button_url=&#8221;https:\/\/api.whatsapp.com\/send?phone=34639565284&#8243; custom_button=&#8221;on&#8221; button_text_color=&#8221;#30b6a4&#8243; box_shadow_style=&#8221;preset1&#8243; \/][\/et_pb_column][et_pb_column type=&#8221;1_3&#8243;][et_pb_button _builder_version=&#8221;3.17.6&#8243; button_text=&#8221;Nuestros Servicios&#8221; button_url=&#8221;https:\/\/oficinavirtual.tech\/index.php\/servicios\/&#8221; custom_button=&#8221;on&#8221; button_text_color=&#8221;#30b6a4&#8243; box_shadow_style=&#8221;preset2&#8243; \/][\/et_pb_column][et_pb_column type=&#8221;1_3&#8243;][et_pb_button _builder_version=&#8221;3.17.6&#8243; button_text=&#8221;Contacta por eMail&#8221; button_url=&#8221;https:\/\/oficinavirtual.tech\/index.php\/contacto\/&#8221; url_new_window=&#8221;on&#8221; custom_button=&#8221;on&#8221; button_text_color=&#8221;#30b6a4&#8243; box_shadow_style=&#8221;preset2&#8243; \/][\/et_pb_column][\/et_pb_row][\/et_pb_section]<\/p>\n","protected":false},"excerpt":{"rendered":"<p>[et_pb_section bb_built=&#8221;1&#8243; next_background_color=&#8221;#000000&#8243;][et_pb_row][et_pb_column type=&#8221;2_3&#8243;][et_pb_text _builder_version=&#8221;3.17.6&#8243;] Si crees que tus servicios o tu negocio puede encajar con la filosof\u00eda de OficinaVirtual.Tech, entonces podemos incorporarlos a nuestra galer\u00eda de productos y crecer juntos. Creemos en la econom\u00eda colaborativa, en ayudarnos mutuamente y hacernos fuertes. Si tu negocio est\u00e1 basado en la tecnolog\u00eda, tiene un alto grado de [&hellip;]<\/p>\n","protected":false},"author":1,"featured_media":0,"parent":0,"menu_order":0,"comment_status":"closed","ping_status":"closed","template":"","meta":{"_et_pb_use_builder":"on","_et_pb_old_content":"","footnotes":""},"_links":{"self":[{"href":"https:\/\/oficinavirtual.tech\/index.php\/wp-json\/wp\/v2\/pages\/710"}],"collection":[{"href":"https:\/\/oficinavirtual.tech\/index.php\/wp-json\/wp\/v2\/pages"}],"about":[{"href":"https:\/\/oficinavirtual.tech\/index.php\/wp-json\/wp\/v2\/types\/page"}],"author":[{"embeddable":true,"href":"https:\/\/oficinavirtual.tech\/index.php\/wp-json\/wp\/v2\/users\/1"}],"replies":[{"embeddable":true,"href":"https:\/\/oficinavirtual.tech\/index.php\/wp-json\/wp\/v2\/comments?post=710"}],"version-history":[{"count":1,"href":"https:\/\/oficinavirtual.tech\/index.php\/wp-json\/wp\/v2\/pages\/710\/revisions"}],"predecessor-version":[{"id":766,"href":"https:\/\/oficinavirtual.tech\/index.php\/wp-json\/wp\/v2\/pages\/710\/revisions\/766"}],"wp:attachment":[{"href":"https:\/\/oficinavirtual.tech\/index.php\/wp-json\/wp\/v2\/media?parent=710"}],"curies":[{"name":"wp","href":"https:\/\/api.w.org\/{rel}","templated":true}]}}